{"id":2873,"date":"2025-10-28T17:54:23","date_gmt":"2025-10-28T17:54:23","guid":{"rendered":"https:\/\/andarclinic.com\/staging\/8811\/?page_id=2873"},"modified":"2025-11-07T11:00:06","modified_gmt":"2025-11-07T11:00:06","slug":"cardiologia-pediatrica","status":"publish","type":"page","link":"https:\/\/andarclinic.com\/staging\/8811\/especialidades\/cardiologia-pediatrica\/","title":{"rendered":"Cardiologia Pedi\u00e1trica"},"content":{"rendered":"<p><section id=\"bt_section69ea40d7a20a4\"  class=\"boldSection btDivider topSemiSpaced bottomSemiSpaced btDarkSkin gutter inherit\" style=\"background-color:#0cb8b6;\"><div class=\"port\"><div class=\"boldCell\"><div class=\"boldCellInner\"><div class=\"boldRow  \" ><div class=\"boldRowInner\"><div class=\"rowItem col-md-12 col-ms-12  btTextLeft animate animate-fadein animate-moveleft inherit\"  ><div class=\"rowItemContent\" ><div class=\"btClear btSeparator topExtraSmallSpaced noBorder\" ><hr><\/div><div class=\"btClear btSeparator topExtraSmallSpaced noBorder\" ><hr><\/div><header class=\"header btClear large  btNormalDash\" ><div class=\"dash\"><h2><span class=\"headline\">Cardiologia Pedi\u00e1trica<\/span><\/h2><\/div><\/header><\/div><\/div><\/div><\/div><\/div><\/div><\/div><\/section><section id=\"bt_section69ea40d7a21f3\"  class=\"boldSection topSpaced gutter inherit\" ><div class=\"port\"><div class=\"boldCell\"><div class=\"boldCellInner\"><div class=\"boldRow  \" ><div class=\"boldRowInner\"><div class=\"rowItem col-md-12 col-ms-12  btTextLeft animate animate-fadein btMiddleVertical btDoublePadding\"  ><div class=\"rowItemContent\" ><header class=\"header btClear medium  btAccentDash\" ><div class=\"dash\"><h3><span class=\"headline\">A Import\u00e2ncia da Avalia\u00e7\u00e3o Card\u00edaca e Biomec\u00e2nica para Crian\u00e7as que praticam ou v\u00e3o Iniciar Atividades Desportivas <\/span><\/h3><\/div><\/header><div class=\"btClear btSeparator bottomExtraSmallSpaced noBorder\" ><hr><\/div><div class=\"btText\" ><\/p>\n<div class=\"btText\">\n<h5>Se o seu filho est\u00e1 prestes a iniciar ou pratica regularmente atividade desportiva, \u00e9 essencial considerar algumas avalia\u00e7\u00f5es que s\u00e3o relevantes para a sa\u00fade e bem-estar ao longo deste percurso para prevenir riscos e les\u00f5es futuras.<\/h5>\n<\/div>\n<p>\n<\/div><\/div><\/div><\/div><\/div><\/div><\/div><\/div><\/section><section id=\"bt_section69ea40d7a22f8\"  class=\"boldSection topSpaced gutter inherit\" ><div class=\"port\"><div class=\"boldCell\"><div class=\"boldCellInner\"><div class=\"boldRow  \" ><div class=\"boldRowInner\"><div class=\"rowItem col-md-12 col-ms-12  btTextLeft animate animate-fadein btMiddleVertical btDoublePadding\"  ><div class=\"rowItemContent\" ><div data-bb-version=\"5.4.2\" class=\"bt_bb_video bt_bb_disable_controls_no\"><div class=\"bt-video-container\"><div style=\"width: 100%;\" class=\"wp-video\"><video class=\"wp-video-shortcode\" id=\"video-2873-1\" width=\"640\" height=\"360\" preload=\"metadata\" controls=\"controls\"><source type=\"video\/mp4\" src=\"https:\/\/andarclinic.com\/staging\/8811\/wp-content\/uploads\/2025\/11\/CARDIOLOGIA%20PEDI%C3%81TRICA%2016_9.mp4?_=1\" \/><a href=\"https:\/\/andarclinic.com\/staging\/8811\/wp-content\/uploads\/2025\/11\/CARDIOLOGIA%20PEDI%C3%81TRICA%2016_9.mp4\">https:\/\/andarclinic.com\/staging\/8811\/wp-content\/uploads\/2025\/11\/CARDIOLOGIA%20PEDI%C3%81TRICA%2016_9.mp4<\/a><\/video><\/div><\/div><\/div><div class=\"btClear btSeparator bottomSpaced noBorder\" ><hr><\/div><header class=\"header btClear medium  btNormalDash\" ><div class=\"dash\"><h3><span class=\"headline\">Avalia\u00e7\u00e3o em Consulta de Cardiologia Pedi\u00e1trica <\/span><\/h3><\/div><\/header><div class=\"btClear btSeparator bottomSmallSpaced noBorder\" ><hr><\/div><div class=\"btText\" ><\/p>\n<div class=\"btText\">\n<p>Antes de iniciar atividade desportiva ou no in\u00edcio da \u00e9poca desportiva:<\/p>\n<ol>\n<li>Analisar a hist\u00f3ria familiar e a dete\u00e7\u00e3o de eventuais fatores de risco cardiovascular;<\/li>\n<li>Avalia\u00e7\u00e3o do ritmo card\u00edaco (ECG);<\/li>\n<li>Avalia\u00e7\u00e3o de estrutura e fun\u00e7\u00e3o card\u00edacas atrav\u00e9s de ecocardiograma transtor\u00e1cico.<\/li>\n<\/ol>\n<p>Caso a crian\u00e7a ou adolescente ainda n\u00e3o tenha realizado uma avalia\u00e7\u00e3o anal\u00edtica para o rastreio de altera\u00e7\u00f5es do colesterol, esta tamb\u00e9m deve ser solicitada de acordo com indica\u00e7\u00f5es da Dire\u00e7\u00e3o Geral de Sa\u00fade<\/p>\n<\/div>\n<p>\n<\/div><\/div><\/div><\/div><\/div><\/div><\/div><\/div><\/section><section id=\"bt_section69ea40d7a2554\"  class=\"boldSection topSpaced gutter inherit\" ><div class=\"port\"><div class=\"boldCell\"><div class=\"boldCellInner\"><div class=\"boldRow  \" ><div class=\"boldRowInner\"><div class=\"rowItem col-md-6 col-sm-12 btTextLeft animate animate-fadein btMiddleVertical btDoublePadding\"  ><div class=\"rowItemContent\" ><header class=\"header btClear medium  btNormalDash\" ><div class=\"dash\"><h3><span class=\"headline\">Avalia\u00e7\u00e3o em Consulta de Podologia Biomec\u00e2nica <\/span><\/h3><\/div><\/header><div class=\"btText\" ><\/p>\n<div class=\"btText\">\n<p>Al\u00e9m da sa\u00fade cardiovascular, a an\u00e1lise da marcha e do cal\u00e7ado \u00e9 fundamental para prevenir les\u00f5es musculoesquel\u00e9ticas:<\/p>\n<ol>\n<li>Dete\u00e7\u00e3o de Malforma\u00e7\u00f5es nos P\u00e9s: Identifica disfun\u00e7\u00f5es que possam afetar a marcha.<\/li>\n<li>Corre\u00e7\u00e3o de Padr\u00f5es de Marcha: Garante um movimento equilibrado e eficiente.<\/li>\n<li>Escolha do Cal\u00e7ado Adequado: Orienta para o cal\u00e7ado ideal \u00e0 pr\u00e1tica desportiva.<\/li>\n<\/ol>\n<p>&nbsp;<\/p>\n<\/div>\n<p>\n<\/div><div class=\"btClear btSeparator bottomSmallSpaced noBorder\" ><hr><\/div><\/div><\/div><div class=\"rowItem col-md-6 col-sm-12 btTextLeft\"  ><div class=\"rowItemContent\" ><div class=\"bpgPhoto btTextCenter\" ><div class=\"btImage\"><img decoding=\"async\" data-src=\"https:\/\/andarclinic.com\/staging\/8811\/wp-content\/uploads\/2025\/11\/WhatsApp-Image-2025-11-03-at-16.04.50-e1762186284356.webp\" alt=\"\" title=\"\" src=\"data:image\/gif;base64,R0lGODlhAQABAAAAACH5BAEKAAEALAAAAAABAAEAAAICTAEAOw==\" class=\"lazyload\" style=\"--smush-placeholder-width: 820px; --smush-placeholder-aspect-ratio: 820\/704;\"><\/div><\/div><div class=\"btClear btSeparator bottomSmallSpaced noBorder\" ><hr><\/div><\/div><\/div><\/div><\/div><\/div><\/div><\/div><\/section><section id=\"bt_section69ea40d7a286b\"  class=\"boldSection topSpaced gutter inherit\" ><div class=\"port\"><div class=\"boldCell\"><div class=\"boldCellInner\"><div class=\"boldRow  \" ><div class=\"boldRowInner\"><div class=\"rowItem col-md-12 col-ms-12  btTextLeft animate animate-fadein btMiddleVertical btDoublePadding\"  ><div class=\"rowItemContent\" ><div class=\"btText\" ><\/p>\n<h3>A sa\u00fade do seu filho \u00e9 a prioridade n\u00famero um. Investir em consultas de cardiologia pedi\u00e1trica e de podologia biomec\u00e2nica antes do in\u00edcio das atividades desportivas pode fazer uma diferen\u00e7a significativa na sua seguran\u00e7a e bem-estar.<\/h3>\n<p>\n<\/div><div class=\"btClear btSeparator bottomSpaced noBorder\" ><hr><\/div><\/div><\/div><\/div><\/div><\/div><\/div><\/div><\/section><\/p>\n","protected":false},"excerpt":{"rendered":"","protected":false},"author":3,"featured_media":1891,"parent":2261,"menu_order":0,"comment_status":"closed","ping_status":"closed","template":"","meta":{"nf_dc_page":"","footnotes":""},"class_list":["post-2873","page","type-page","status-publish","has-post-thumbnail","hentry"],"yoast_head":"<!-- This site is optimized with the Yoast SEO plugin v26.9 - https:\/\/yoast.com\/product\/yoast-seo-wordpress\/ -->\n<title>Podologia Pedi\u00e1trica: AndarClinic cuida dos p\u00e9s das suas crian\u00e7as<\/title>\n<meta name=\"description\" content=\"Teme que o seu beb\u00e9 tenha problemas de locomo\u00e7\u00e3o ou p\u00e9s tortos. Venha descobrir na Andar Clinic como a Podologia Pedi\u00e1trica pode ajudar!\" \/>\n<meta name=\"robots\" content=\"index, follow, max-snippet:-1, max-image-preview:large, max-video-preview:-1\" \/>\n<link rel=\"canonical\" href=\"https:\/\/andarclinic.com\/especialidades\/cardiologia-pediatrica\/\" \/>\n<meta property=\"og:locale\" content=\"en_US\" \/>\n<meta property=\"og:type\" content=\"article\" \/>\n<meta property=\"og:title\" content=\"Podologia Pedi\u00e1trica: AndarClinic cuida dos p\u00e9s das suas crian\u00e7as\" \/>\n<meta property=\"og:description\" content=\"Teme que o seu beb\u00e9 tenha problemas de locomo\u00e7\u00e3o ou p\u00e9s tortos. Venha descobrir na Andar Clinic como a Podologia Pedi\u00e1trica pode ajudar!\" \/>\n<meta property=\"og:url\" content=\"https:\/\/andarclinic.com\/especialidades\/cardiologia-pediatrica\/\" \/>\n<meta property=\"og:site_name\" content=\"Andar Clinic\" \/>\n<meta property=\"article:publisher\" content=\"https:\/\/www.facebook.com\/andarcentroclinico\" \/>\n<meta property=\"article:modified_time\" content=\"2025-11-07T11:00:06+00:00\" \/>\n<meta property=\"og:image\" content=\"https:\/\/andarclinic.com\/wp-content\/uploads\/2024\/06\/podologia-pediatrica-03.jpg\" \/>\n\t<meta property=\"og:image:width\" content=\"1400\" \/>\n\t<meta property=\"og:image:height\" content=\"1000\" \/>\n\t<meta property=\"og:image:type\" content=\"image\/jpeg\" \/>\n<meta name=\"twitter:card\" content=\"summary_large_image\" \/>\n<meta name=\"twitter:label1\" content=\"Est. reading time\" \/>\n\t<meta name=\"twitter:data1\" content=\"2 minutes\" \/>\n<script type=\"application\/ld+json\" class=\"yoast-schema-graph\">{\"@context\":\"https:\/\/schema.org\",\"@graph\":[{\"@type\":\"WebPage\",\"@id\":\"https:\/\/andarclinic.com\/especialidades\/cardiologia-pediatrica\/\",\"url\":\"https:\/\/andarclinic.com\/especialidades\/cardiologia-pediatrica\/\",\"name\":\"Podologia Pedi\u00e1trica: AndarClinic cuida dos p\u00e9s das suas crian\u00e7as\",\"isPartOf\":{\"@id\":\"https:\/\/andarclinic.com\/#website\"},\"primaryImageOfPage\":{\"@id\":\"https:\/\/andarclinic.com\/especialidades\/cardiologia-pediatrica\/#primaryimage\"},\"image\":{\"@id\":\"https:\/\/andarclinic.com\/especialidades\/cardiologia-pediatrica\/#primaryimage\"},\"thumbnailUrl\":\"https:\/\/andarclinic.com\/staging\/8811\/wp-content\/uploads\/2024\/06\/podologia-pediatrica-03.jpg\",\"datePublished\":\"2025-10-28T17:54:23+00:00\",\"dateModified\":\"2025-11-07T11:00:06+00:00\",\"description\":\"Teme que o seu beb\u00e9 tenha problemas de locomo\u00e7\u00e3o ou p\u00e9s tortos. Venha descobrir na Andar Clinic como a Podologia Pedi\u00e1trica pode ajudar!\",\"breadcrumb\":{\"@id\":\"https:\/\/andarclinic.com\/especialidades\/cardiologia-pediatrica\/#breadcrumb\"},\"inLanguage\":\"en-US\",\"potentialAction\":[{\"@type\":\"ReadAction\",\"target\":[\"https:\/\/andarclinic.com\/especialidades\/cardiologia-pediatrica\/\"]}]},{\"@type\":\"ImageObject\",\"inLanguage\":\"en-US\",\"@id\":\"https:\/\/andarclinic.com\/especialidades\/cardiologia-pediatrica\/#primaryimage\",\"url\":\"https:\/\/andarclinic.com\/staging\/8811\/wp-content\/uploads\/2024\/06\/podologia-pediatrica-03.jpg\",\"contentUrl\":\"https:\/\/andarclinic.com\/staging\/8811\/wp-content\/uploads\/2024\/06\/podologia-pediatrica-03.jpg\",\"width\":1400,\"height\":1000,\"caption\":\"Podologia Pedi\u00e1trica, uma das especialidades na Andar Clinic\"},{\"@type\":\"BreadcrumbList\",\"@id\":\"https:\/\/andarclinic.com\/especialidades\/cardiologia-pediatrica\/#breadcrumb\",\"itemListElement\":[{\"@type\":\"ListItem\",\"position\":1,\"name\":\"Home\",\"item\":\"https:\/\/andarclinic.com\/\"},{\"@type\":\"ListItem\",\"position\":2,\"name\":\"Especialidades\",\"item\":\"https:\/\/andarclinic.com\/staging\/8811\/especialidades\/\"},{\"@type\":\"ListItem\",\"position\":3,\"name\":\"Cardiologia Pedi\u00e1trica\"}]},{\"@type\":\"WebSite\",\"@id\":\"https:\/\/andarclinic.com\/#website\",\"url\":\"https:\/\/andarclinic.com\/\",\"name\":\"Andar Clinic\",\"description\":\"Andar para todas as idades - Cl\u00ednica de Podologia, Fisiatria e outras especialidades para ANDAR com seguran\u00e7a e qualidade\",\"publisher\":{\"@id\":\"https:\/\/andarclinic.com\/#organization\"},\"potentialAction\":[{\"@type\":\"SearchAction\",\"target\":{\"@type\":\"EntryPoint\",\"urlTemplate\":\"https:\/\/andarclinic.com\/?s={search_term_string}\"},\"query-input\":{\"@type\":\"PropertyValueSpecification\",\"valueRequired\":true,\"valueName\":\"search_term_string\"}}],\"inLanguage\":\"en-US\"},{\"@type\":\"Organization\",\"@id\":\"https:\/\/andarclinic.com\/#organization\",\"name\":\"Andar Clinic\",\"url\":\"https:\/\/andarclinic.com\/\",\"logo\":{\"@type\":\"ImageObject\",\"inLanguage\":\"en-US\",\"@id\":\"https:\/\/andarclinic.com\/#\/schema\/logo\/image\/\",\"url\":\"https:\/\/andarclinic.com\/staging\/8811\/wp-content\/uploads\/2023\/12\/LogotipoFullGreen_212.png\",\"contentUrl\":\"https:\/\/andarclinic.com\/staging\/8811\/wp-content\/uploads\/2023\/12\/LogotipoFullGreen_212.png\",\"width\":991,\"height\":288,\"caption\":\"Andar Clinic\"},\"image\":{\"@id\":\"https:\/\/andarclinic.com\/#\/schema\/logo\/image\/\"},\"sameAs\":[\"https:\/\/www.facebook.com\/andarcentroclinico\"]}]}<\/script>\n<!-- \/ Yoast SEO plugin. -->","yoast_head_json":{"title":"Podologia Pedi\u00e1trica: AndarClinic cuida dos p\u00e9s das suas crian\u00e7as","description":"Teme que o seu beb\u00e9 tenha problemas de locomo\u00e7\u00e3o ou p\u00e9s tortos. Venha descobrir na Andar Clinic como a Podologia Pedi\u00e1trica pode ajudar!","robots":{"index":"index","follow":"follow","max-snippet":"max-snippet:-1","max-image-preview":"max-image-preview:large","max-video-preview":"max-video-preview:-1"},"canonical":"https:\/\/andarclinic.com\/especialidades\/cardiologia-pediatrica\/","og_locale":"en_US","og_type":"article","og_title":"Podologia Pedi\u00e1trica: AndarClinic cuida dos p\u00e9s das suas crian\u00e7as","og_description":"Teme que o seu beb\u00e9 tenha problemas de locomo\u00e7\u00e3o ou p\u00e9s tortos. Venha descobrir na Andar Clinic como a Podologia Pedi\u00e1trica pode ajudar!","og_url":"https:\/\/andarclinic.com\/especialidades\/cardiologia-pediatrica\/","og_site_name":"Andar Clinic","article_publisher":"https:\/\/www.facebook.com\/andarcentroclinico","article_modified_time":"2025-11-07T11:00:06+00:00","og_image":[{"width":1400,"height":1000,"url":"https:\/\/andarclinic.com\/wp-content\/uploads\/2024\/06\/podologia-pediatrica-03.jpg","type":"image\/jpeg"}],"twitter_card":"summary_large_image","twitter_misc":{"Est. reading time":"2 minutes"},"schema":{"@context":"https:\/\/schema.org","@graph":[{"@type":"WebPage","@id":"https:\/\/andarclinic.com\/especialidades\/cardiologia-pediatrica\/","url":"https:\/\/andarclinic.com\/especialidades\/cardiologia-pediatrica\/","name":"Podologia Pedi\u00e1trica: AndarClinic cuida dos p\u00e9s das suas crian\u00e7as","isPartOf":{"@id":"https:\/\/andarclinic.com\/#website"},"primaryImageOfPage":{"@id":"https:\/\/andarclinic.com\/especialidades\/cardiologia-pediatrica\/#primaryimage"},"image":{"@id":"https:\/\/andarclinic.com\/especialidades\/cardiologia-pediatrica\/#primaryimage"},"thumbnailUrl":"https:\/\/andarclinic.com\/staging\/8811\/wp-content\/uploads\/2024\/06\/podologia-pediatrica-03.jpg","datePublished":"2025-10-28T17:54:23+00:00","dateModified":"2025-11-07T11:00:06+00:00","description":"Teme que o seu beb\u00e9 tenha problemas de locomo\u00e7\u00e3o ou p\u00e9s tortos. Venha descobrir na Andar Clinic como a Podologia Pedi\u00e1trica pode ajudar!","breadcrumb":{"@id":"https:\/\/andarclinic.com\/especialidades\/cardiologia-pediatrica\/#breadcrumb"},"inLanguage":"en-US","potentialAction":[{"@type":"ReadAction","target":["https:\/\/andarclinic.com\/especialidades\/cardiologia-pediatrica\/"]}]},{"@type":"ImageObject","inLanguage":"en-US","@id":"https:\/\/andarclinic.com\/especialidades\/cardiologia-pediatrica\/#primaryimage","url":"https:\/\/andarclinic.com\/staging\/8811\/wp-content\/uploads\/2024\/06\/podologia-pediatrica-03.jpg","contentUrl":"https:\/\/andarclinic.com\/staging\/8811\/wp-content\/uploads\/2024\/06\/podologia-pediatrica-03.jpg","width":1400,"height":1000,"caption":"Podologia Pedi\u00e1trica, uma das especialidades na Andar Clinic"},{"@type":"BreadcrumbList","@id":"https:\/\/andarclinic.com\/especialidades\/cardiologia-pediatrica\/#breadcrumb","itemListElement":[{"@type":"ListItem","position":1,"name":"Home","item":"https:\/\/andarclinic.com\/"},{"@type":"ListItem","position":2,"name":"Especialidades","item":"https:\/\/andarclinic.com\/staging\/8811\/especialidades\/"},{"@type":"ListItem","position":3,"name":"Cardiologia Pedi\u00e1trica"}]},{"@type":"WebSite","@id":"https:\/\/andarclinic.com\/#website","url":"https:\/\/andarclinic.com\/","name":"Andar Clinic","description":"Andar para todas as idades - Cl\u00ednica de Podologia, Fisiatria e outras especialidades para ANDAR com seguran\u00e7a e qualidade","publisher":{"@id":"https:\/\/andarclinic.com\/#organization"},"potentialAction":[{"@type":"SearchAction","target":{"@type":"EntryPoint","urlTemplate":"https:\/\/andarclinic.com\/?s={search_term_string}"},"query-input":{"@type":"PropertyValueSpecification","valueRequired":true,"valueName":"search_term_string"}}],"inLanguage":"en-US"},{"@type":"Organization","@id":"https:\/\/andarclinic.com\/#organization","name":"Andar Clinic","url":"https:\/\/andarclinic.com\/","logo":{"@type":"ImageObject","inLanguage":"en-US","@id":"https:\/\/andarclinic.com\/#\/schema\/logo\/image\/","url":"https:\/\/andarclinic.com\/staging\/8811\/wp-content\/uploads\/2023\/12\/LogotipoFullGreen_212.png","contentUrl":"https:\/\/andarclinic.com\/staging\/8811\/wp-content\/uploads\/2023\/12\/LogotipoFullGreen_212.png","width":991,"height":288,"caption":"Andar Clinic"},"image":{"@id":"https:\/\/andarclinic.com\/#\/schema\/logo\/image\/"},"sameAs":["https:\/\/www.facebook.com\/andarcentroclinico"]}]}},"_links":{"self":[{"href":"https:\/\/andarclinic.com\/staging\/8811\/wp-json\/wp\/v2\/pages\/2873","targetHints":{"allow":["GET"]}}],"collection":[{"href":"https:\/\/andarclinic.com\/staging\/8811\/wp-json\/wp\/v2\/pages"}],"about":[{"href":"https:\/\/andarclinic.com\/staging\/8811\/wp-json\/wp\/v2\/types\/page"}],"author":[{"embeddable":true,"href":"https:\/\/andarclinic.com\/staging\/8811\/wp-json\/wp\/v2\/users\/3"}],"replies":[{"embeddable":true,"href":"https:\/\/andarclinic.com\/staging\/8811\/wp-json\/wp\/v2\/comments?post=2873"}],"version-history":[{"count":19,"href":"https:\/\/andarclinic.com\/staging\/8811\/wp-json\/wp\/v2\/pages\/2873\/revisions"}],"predecessor-version":[{"id":2906,"href":"https:\/\/andarclinic.com\/staging\/8811\/wp-json\/wp\/v2\/pages\/2873\/revisions\/2906"}],"up":[{"embeddable":true,"href":"https:\/\/andarclinic.com\/staging\/8811\/wp-json\/wp\/v2\/pages\/2261"}],"wp:featuredmedia":[{"embeddable":true,"href":"https:\/\/andarclinic.com\/staging\/8811\/wp-json\/wp\/v2\/media\/1891"}],"wp:attachment":[{"href":"https:\/\/andarclinic.com\/staging\/8811\/wp-json\/wp\/v2\/media?parent=2873"}],"curies":[{"name":"wp","href":"https:\/\/api.w.org\/{rel}","templated":true}]}}