{"id":2856,"date":"2025-10-28T15:01:38","date_gmt":"2025-10-28T15:01:38","guid":{"rendered":"https:\/\/andarclinic.com\/staging\/8811\/?page_id=2856"},"modified":"2025-10-28T22:07:49","modified_gmt":"2025-10-28T22:07:49","slug":"medicina-interna","status":"publish","type":"page","link":"https:\/\/andarclinic.com\/staging\/8811\/especialidades\/medicina-interna\/","title":{"rendered":"Medicina Interna"},"content":{"rendered":"<p><section id=\"bt_section69ea2e1a4d568\"  class=\"boldSection btDivider topSemiSpaced bottomSemiSpaced btDarkSkin gutter inherit\" style=\"background-color:#0cb8b6;\"><div class=\"port\"><div class=\"boldCell\"><div class=\"boldCellInner\"><div class=\"boldRow  \" ><div class=\"boldRowInner\"><div class=\"rowItem col-md-12 col-ms-12  btTextLeft animate animate-fadein animate-moveleft inherit\"  ><div class=\"rowItemContent\" ><div class=\"btClear btSeparator topExtraSmallSpaced noBorder\" ><hr><\/div><div class=\"btClear btSeparator topExtraSmallSpaced noBorder\" ><hr><\/div><header class=\"header btClear large  btNormalDash\" ><div class=\"dash\"><h2><span class=\"headline\">Medicina Interna<\/span><\/h2><\/div><\/header><\/div><\/div><\/div><\/div><\/div><\/div><\/div><\/section><section id=\"bt_section69ea2e1a4d6d0\"  class=\"boldSection topSpaced gutter inherit\" ><div class=\"port\"><div class=\"boldCell\"><div class=\"boldCellInner\"><div class=\"boldRow  \" ><div class=\"boldRowInner\"><div class=\"rowItem col-md-12 col-ms-12  btTextLeft\"  ><div class=\"rowItemContent\" ><header class=\"header btClear medium  btNormalDash\" ><div class=\"dash\"><h3><span class=\"headline\">Consulta de Medicina Interna com a Dra. B\u00e1rbara Lob\u00e3o<\/span><\/h3><\/div><\/header><\/div><\/div><\/div><\/div><\/div><\/div><\/div><\/section><section id=\"bt_section69ea2e1a4d878\"  class=\"boldSection topSmallSpaced gutter inherit\" ><div class=\"port\"><div class=\"boldCell\"><div class=\"boldCellInner\"><div class=\"boldRow  \" ><div class=\"boldRowInner\"><div class=\"rowItem col-md-6 col-sm-12 btTextLeft\"  ><div class=\"rowItemContent\" ><div class=\"bpgPhoto btTextCenter\" ><div class=\"btImage\"><img decoding=\"async\" data-src=\"https:\/\/andarclinic.com\/staging\/8811\/wp-content\/uploads\/2025\/06\/Barbara-Lobao.jpg\" alt=\"\" title=\"\" src=\"data:image\/gif;base64,R0lGODlhAQABAAAAACH5BAEKAAEALAAAAAABAAEAAAICTAEAOw==\" class=\"lazyload\" style=\"--smush-placeholder-width: 1080px; --smush-placeholder-aspect-ratio: 1080\/1080;\"><\/div><\/div><div class=\"btClear btSeparator bottomSemiSpaced noBorder\" ><hr><\/div><\/div><\/div><div class=\"rowItem col-md-6 col-sm-12 btTextLeft animate animate-fadein btMiddleVertical btDoublePadding\"  ><div class=\"rowItemContent\" ><div class=\"btText\" ><\/p>\n<div class=\"btText\">\n<p>A Medicina Interna \u00e9 uma especialidade que visa a avalia\u00e7\u00e3o e o tratamento das diversas condi\u00e7\u00f5es de sa\u00fade que afetam o organismo humano, atrav\u00e9s de uma abordagem integrativa e centrada no paciente.<\/p>\n<p>A Dra. B\u00e1rbara Lob\u00e3o, com forma\u00e7\u00e3o em Reumatologia, Geriatria e doen\u00e7as autoimunes, proporciona uma consulta de Medicina Interna onde cada paciente \u00e9 ouvido e considerado de forma individual.<\/p>\n<p>Durante a consulta, a Dra. B\u00e1rbara realizar\u00e1 uma avalia\u00e7\u00e3o cl\u00ednica detalhada, permitindo identificar sintomas e compreender a hist\u00f3ria de sa\u00fade de cada paciente. Esta abordagem visa facilitar o diagn\u00f3stico de condi\u00e7\u00f5es complexas e a elabora\u00e7\u00e3o de planos de tratamento adequados.<\/p>\n<\/div>\n<p>\n<\/div><div class=\"btText\" ><\/p>\n<div class=\"btText\">\n<p>A avalia\u00e7\u00e3o cient\u00edfica e humanizada contribui para uma melhor gest\u00e3o de condi\u00e7\u00f5es cr\u00f3nicas e uma acompanhamento que considera as particularidades de cada fase da vida.<\/p>\n<p>Se procura uma avalia\u00e7\u00e3o minuciosa de sa\u00fade que leve em conta todas as suas necessidades, n\u00e3o hesite em marcar esta consulta.<\/p>\n<\/div>\n<p>\n<\/div><div class=\"btClear btSeparator bottomSmallSpaced noBorder\" ><hr><\/div><\/div><\/div><\/div><\/div><\/div><\/div><\/div><\/section><section id=\"bt_section69ea2e1a4dca9\"  class=\"boldSection topSpaced gutter inherit\" ><div class=\"port\"><div class=\"boldCell\"><div class=\"boldCellInner\"><\/div><\/div><\/div><\/section><\/p>\n","protected":false},"excerpt":{"rendered":"","protected":false},"author":3,"featured_media":1827,"parent":2261,"menu_order":0,"comment_status":"closed","ping_status":"closed","template":"","meta":{"nf_dc_page":"","footnotes":""},"class_list":["post-2856","page","type-page","status-publish","has-post-thumbnail","hentry"],"yoast_head":"<!-- This site is optimized with the Yoast SEO plugin v26.9 - https:\/\/yoast.com\/product\/yoast-seo-wordpress\/ -->\n<title>Reumatologia no Centro Cl\u00ednico Andar, em Lisboa<\/title>\n<meta name=\"description\" content=\"Muito se fala sobre o tratamento da dor nas articula\u00e7\u00f5es. Mas quando devemos ir a uma consulta de Reumatologia? A ANDAR Clinic explica-lhe.\" \/>\n<meta name=\"robots\" content=\"index, follow, max-snippet:-1, max-image-preview:large, max-video-preview:-1\" \/>\n<link rel=\"canonical\" href=\"https:\/\/andarclinic.com\/staging\/8811\/especialidades\/medicina-interna\/\" \/>\n<meta property=\"og:locale\" content=\"en_US\" \/>\n<meta property=\"og:type\" content=\"article\" \/>\n<meta property=\"og:title\" content=\"Reumatologia no Centro Cl\u00ednico Andar, em Lisboa\" \/>\n<meta property=\"og:description\" content=\"Muito se fala sobre o tratamento da dor nas articula\u00e7\u00f5es. Mas quando devemos ir a uma consulta de Reumatologia? A ANDAR Clinic explica-lhe.\" \/>\n<meta property=\"og:url\" content=\"https:\/\/andarclinic.com\/staging\/8811\/especialidades\/medicina-interna\/\" \/>\n<meta property=\"og:site_name\" content=\"Andar Clinic\" \/>\n<meta property=\"article:publisher\" content=\"https:\/\/www.facebook.com\/andarcentroclinico\" \/>\n<meta property=\"article:modified_time\" content=\"2025-10-28T22:07:49+00:00\" \/>\n<meta property=\"og:image\" content=\"https:\/\/andarclinic.com\/staging\/8811\/wp-content\/uploads\/2024\/06\/medicina-interna-andarclinic.jpg\" \/>\n\t<meta property=\"og:image:width\" content=\"1400\" \/>\n\t<meta property=\"og:image:height\" content=\"1400\" \/>\n\t<meta property=\"og:image:type\" content=\"image\/jpeg\" \/>\n<meta name=\"twitter:card\" content=\"summary_large_image\" \/>\n<meta name=\"twitter:label1\" content=\"Est. reading time\" \/>\n\t<meta name=\"twitter:data1\" content=\"2 minutes\" \/>\n<script type=\"application\/ld+json\" class=\"yoast-schema-graph\">{\"@context\":\"https:\/\/schema.org\",\"@graph\":[{\"@type\":\"WebPage\",\"@id\":\"https:\/\/andarclinic.com\/staging\/8811\/especialidades\/medicina-interna\/\",\"url\":\"https:\/\/andarclinic.com\/staging\/8811\/especialidades\/medicina-interna\/\",\"name\":\"Reumatologia no Centro Cl\u00ednico Andar, em Lisboa\",\"isPartOf\":{\"@id\":\"https:\/\/andarclinic.com\/#website\"},\"primaryImageOfPage\":{\"@id\":\"https:\/\/andarclinic.com\/staging\/8811\/especialidades\/medicina-interna\/#primaryimage\"},\"image\":{\"@id\":\"https:\/\/andarclinic.com\/staging\/8811\/especialidades\/medicina-interna\/#primaryimage\"},\"thumbnailUrl\":\"https:\/\/andarclinic.com\/staging\/8811\/wp-content\/uploads\/2024\/06\/medicina-interna-andarclinic.jpg\",\"datePublished\":\"2025-10-28T15:01:38+00:00\",\"dateModified\":\"2025-10-28T22:07:49+00:00\",\"description\":\"Muito se fala sobre o tratamento da dor nas articula\u00e7\u00f5es. Mas quando devemos ir a uma consulta de Reumatologia? A ANDAR Clinic explica-lhe.\",\"breadcrumb\":{\"@id\":\"https:\/\/andarclinic.com\/staging\/8811\/especialidades\/medicina-interna\/#breadcrumb\"},\"inLanguage\":\"en-US\",\"potentialAction\":[{\"@type\":\"ReadAction\",\"target\":[\"https:\/\/andarclinic.com\/staging\/8811\/especialidades\/medicina-interna\/\"]}]},{\"@type\":\"ImageObject\",\"inLanguage\":\"en-US\",\"@id\":\"https:\/\/andarclinic.com\/staging\/8811\/especialidades\/medicina-interna\/#primaryimage\",\"url\":\"https:\/\/andarclinic.com\/staging\/8811\/wp-content\/uploads\/2024\/06\/medicina-interna-andarclinic.jpg\",\"contentUrl\":\"https:\/\/andarclinic.com\/staging\/8811\/wp-content\/uploads\/2024\/06\/medicina-interna-andarclinic.jpg\",\"width\":1400,\"height\":1400,\"caption\":\"Medicina Interna, uma das especialidades na Andar Clinic\"},{\"@type\":\"BreadcrumbList\",\"@id\":\"https:\/\/andarclinic.com\/staging\/8811\/especialidades\/medicina-interna\/#breadcrumb\",\"itemListElement\":[{\"@type\":\"ListItem\",\"position\":1,\"name\":\"Home\",\"item\":\"https:\/\/andarclinic.com\/\"},{\"@type\":\"ListItem\",\"position\":2,\"name\":\"Especialidades\",\"item\":\"https:\/\/andarclinic.com\/staging\/8811\/especialidades\/\"},{\"@type\":\"ListItem\",\"position\":3,\"name\":\"Medicina Interna\"}]},{\"@type\":\"WebSite\",\"@id\":\"https:\/\/andarclinic.com\/#website\",\"url\":\"https:\/\/andarclinic.com\/\",\"name\":\"Andar Clinic\",\"description\":\"Andar para todas as idades - Cl\u00ednica de Podologia, Fisiatria e outras especialidades para ANDAR com seguran\u00e7a e qualidade\",\"publisher\":{\"@id\":\"https:\/\/andarclinic.com\/#organization\"},\"potentialAction\":[{\"@type\":\"SearchAction\",\"target\":{\"@type\":\"EntryPoint\",\"urlTemplate\":\"https:\/\/andarclinic.com\/?s={search_term_string}\"},\"query-input\":{\"@type\":\"PropertyValueSpecification\",\"valueRequired\":true,\"valueName\":\"search_term_string\"}}],\"inLanguage\":\"en-US\"},{\"@type\":\"Organization\",\"@id\":\"https:\/\/andarclinic.com\/#organization\",\"name\":\"Andar Clinic\",\"url\":\"https:\/\/andarclinic.com\/\",\"logo\":{\"@type\":\"ImageObject\",\"inLanguage\":\"en-US\",\"@id\":\"https:\/\/andarclinic.com\/#\/schema\/logo\/image\/\",\"url\":\"https:\/\/andarclinic.com\/staging\/8811\/wp-content\/uploads\/2023\/12\/LogotipoFullGreen_212.png\",\"contentUrl\":\"https:\/\/andarclinic.com\/staging\/8811\/wp-content\/uploads\/2023\/12\/LogotipoFullGreen_212.png\",\"width\":991,\"height\":288,\"caption\":\"Andar Clinic\"},\"image\":{\"@id\":\"https:\/\/andarclinic.com\/#\/schema\/logo\/image\/\"},\"sameAs\":[\"https:\/\/www.facebook.com\/andarcentroclinico\"]}]}<\/script>\n<!-- \/ Yoast SEO plugin. -->","yoast_head_json":{"title":"Reumatologia no Centro Cl\u00ednico Andar, em Lisboa","description":"Muito se fala sobre o tratamento da dor nas articula\u00e7\u00f5es. Mas quando devemos ir a uma consulta de Reumatologia? A ANDAR Clinic explica-lhe.","robots":{"index":"index","follow":"follow","max-snippet":"max-snippet:-1","max-image-preview":"max-image-preview:large","max-video-preview":"max-video-preview:-1"},"canonical":"https:\/\/andarclinic.com\/staging\/8811\/especialidades\/medicina-interna\/","og_locale":"en_US","og_type":"article","og_title":"Reumatologia no Centro Cl\u00ednico Andar, em Lisboa","og_description":"Muito se fala sobre o tratamento da dor nas articula\u00e7\u00f5es. Mas quando devemos ir a uma consulta de Reumatologia? A ANDAR Clinic explica-lhe.","og_url":"https:\/\/andarclinic.com\/staging\/8811\/especialidades\/medicina-interna\/","og_site_name":"Andar Clinic","article_publisher":"https:\/\/www.facebook.com\/andarcentroclinico","article_modified_time":"2025-10-28T22:07:49+00:00","og_image":[{"width":1400,"height":1400,"url":"https:\/\/andarclinic.com\/staging\/8811\/wp-content\/uploads\/2024\/06\/medicina-interna-andarclinic.jpg","type":"image\/jpeg"}],"twitter_card":"summary_large_image","twitter_misc":{"Est. reading time":"2 minutes"},"schema":{"@context":"https:\/\/schema.org","@graph":[{"@type":"WebPage","@id":"https:\/\/andarclinic.com\/staging\/8811\/especialidades\/medicina-interna\/","url":"https:\/\/andarclinic.com\/staging\/8811\/especialidades\/medicina-interna\/","name":"Reumatologia no Centro Cl\u00ednico Andar, em Lisboa","isPartOf":{"@id":"https:\/\/andarclinic.com\/#website"},"primaryImageOfPage":{"@id":"https:\/\/andarclinic.com\/staging\/8811\/especialidades\/medicina-interna\/#primaryimage"},"image":{"@id":"https:\/\/andarclinic.com\/staging\/8811\/especialidades\/medicina-interna\/#primaryimage"},"thumbnailUrl":"https:\/\/andarclinic.com\/staging\/8811\/wp-content\/uploads\/2024\/06\/medicina-interna-andarclinic.jpg","datePublished":"2025-10-28T15:01:38+00:00","dateModified":"2025-10-28T22:07:49+00:00","description":"Muito se fala sobre o tratamento da dor nas articula\u00e7\u00f5es. Mas quando devemos ir a uma consulta de Reumatologia? A ANDAR Clinic explica-lhe.","breadcrumb":{"@id":"https:\/\/andarclinic.com\/staging\/8811\/especialidades\/medicina-interna\/#breadcrumb"},"inLanguage":"en-US","potentialAction":[{"@type":"ReadAction","target":["https:\/\/andarclinic.com\/staging\/8811\/especialidades\/medicina-interna\/"]}]},{"@type":"ImageObject","inLanguage":"en-US","@id":"https:\/\/andarclinic.com\/staging\/8811\/especialidades\/medicina-interna\/#primaryimage","url":"https:\/\/andarclinic.com\/staging\/8811\/wp-content\/uploads\/2024\/06\/medicina-interna-andarclinic.jpg","contentUrl":"https:\/\/andarclinic.com\/staging\/8811\/wp-content\/uploads\/2024\/06\/medicina-interna-andarclinic.jpg","width":1400,"height":1400,"caption":"Medicina Interna, uma das especialidades na Andar Clinic"},{"@type":"BreadcrumbList","@id":"https:\/\/andarclinic.com\/staging\/8811\/especialidades\/medicina-interna\/#breadcrumb","itemListElement":[{"@type":"ListItem","position":1,"name":"Home","item":"https:\/\/andarclinic.com\/"},{"@type":"ListItem","position":2,"name":"Especialidades","item":"https:\/\/andarclinic.com\/staging\/8811\/especialidades\/"},{"@type":"ListItem","position":3,"name":"Medicina Interna"}]},{"@type":"WebSite","@id":"https:\/\/andarclinic.com\/#website","url":"https:\/\/andarclinic.com\/","name":"Andar Clinic","description":"Andar para todas as idades - Cl\u00ednica de Podologia, Fisiatria e outras especialidades para ANDAR com seguran\u00e7a e qualidade","publisher":{"@id":"https:\/\/andarclinic.com\/#organization"},"potentialAction":[{"@type":"SearchAction","target":{"@type":"EntryPoint","urlTemplate":"https:\/\/andarclinic.com\/?s={search_term_string}"},"query-input":{"@type":"PropertyValueSpecification","valueRequired":true,"valueName":"search_term_string"}}],"inLanguage":"en-US"},{"@type":"Organization","@id":"https:\/\/andarclinic.com\/#organization","name":"Andar Clinic","url":"https:\/\/andarclinic.com\/","logo":{"@type":"ImageObject","inLanguage":"en-US","@id":"https:\/\/andarclinic.com\/#\/schema\/logo\/image\/","url":"https:\/\/andarclinic.com\/staging\/8811\/wp-content\/uploads\/2023\/12\/LogotipoFullGreen_212.png","contentUrl":"https:\/\/andarclinic.com\/staging\/8811\/wp-content\/uploads\/2023\/12\/LogotipoFullGreen_212.png","width":991,"height":288,"caption":"Andar Clinic"},"image":{"@id":"https:\/\/andarclinic.com\/#\/schema\/logo\/image\/"},"sameAs":["https:\/\/www.facebook.com\/andarcentroclinico"]}]}},"_links":{"self":[{"href":"https:\/\/andarclinic.com\/staging\/8811\/wp-json\/wp\/v2\/pages\/2856","targetHints":{"allow":["GET"]}}],"collection":[{"href":"https:\/\/andarclinic.com\/staging\/8811\/wp-json\/wp\/v2\/pages"}],"about":[{"href":"https:\/\/andarclinic.com\/staging\/8811\/wp-json\/wp\/v2\/types\/page"}],"author":[{"embeddable":true,"href":"https:\/\/andarclinic.com\/staging\/8811\/wp-json\/wp\/v2\/users\/3"}],"replies":[{"embeddable":true,"href":"https:\/\/andarclinic.com\/staging\/8811\/wp-json\/wp\/v2\/comments?post=2856"}],"version-history":[{"count":15,"href":"https:\/\/andarclinic.com\/staging\/8811\/wp-json\/wp\/v2\/pages\/2856\/revisions"}],"predecessor-version":[{"id":2896,"href":"https:\/\/andarclinic.com\/staging\/8811\/wp-json\/wp\/v2\/pages\/2856\/revisions\/2896"}],"up":[{"embeddable":true,"href":"https:\/\/andarclinic.com\/staging\/8811\/wp-json\/wp\/v2\/pages\/2261"}],"wp:featuredmedia":[{"embeddable":true,"href":"https:\/\/andarclinic.com\/staging\/8811\/wp-json\/wp\/v2\/media\/1827"}],"wp:attachment":[{"href":"https:\/\/andarclinic.com\/staging\/8811\/wp-json\/wp\/v2\/media?parent=2856"}],"curies":[{"name":"wp","href":"https:\/\/api.w.org\/{rel}","templated":true}]}}