{"id":2720,"date":"2025-09-01T19:14:47","date_gmt":"2025-09-01T19:14:47","guid":{"rendered":"https:\/\/andarclinic.com\/staging\/8811\/?page_id=2720"},"modified":"2025-09-02T21:28:44","modified_gmt":"2025-09-02T21:28:44","slug":"ortopedia","status":"publish","type":"page","link":"https:\/\/andarclinic.com\/staging\/8811\/especialidades\/ortopedia\/","title":{"rendered":"Ortopedia"},"content":{"rendered":"<p><section id=\"bt_section69ea31fb0d813\"  class=\"boldSection btDivider topSemiSpaced bottomSemiSpaced btDarkSkin gutter inherit\" style=\"background-color:#0cb8b6;\"><div class=\"port\"><div class=\"boldCell\"><div class=\"boldCellInner\"><div class=\"boldRow  \" ><div class=\"boldRowInner\"><div class=\"rowItem col-md-12 col-ms-12  btTextLeft animate animate-fadein animate-moveleft inherit\"  ><div class=\"rowItemContent\" ><div class=\"btClear btSeparator topExtraSmallSpaced noBorder\" ><hr><\/div><div class=\"btClear btSeparator topExtraSmallSpaced noBorder\" ><hr><\/div><header class=\"header btClear large  btNormalDash\" ><div class=\"dash\"><h2><span class=\"headline\">Ortopedia<\/span><\/h2><\/div><\/header><\/div><\/div><\/div><\/div><\/div><\/div><\/div><\/section><section id=\"bt_section69ea31fb0d9af\"  class=\"boldSection topSpaced gutter inherit\" ><div class=\"port\"><div class=\"boldCell\"><div class=\"boldCellInner\"><div class=\"boldRow  \" ><div class=\"boldRowInner\"><div class=\"rowItem col-md-6 col-sm-12 btTextLeft animate animate-fadein btMiddleVertical\"  ><div class=\"rowItemContent\" ><header class=\"header btClear medium  btNormalDash\" ><div class=\"dash\"><h3><span class=\"headline\">Ortopedia<\/span><\/h3><\/div><\/header><div class=\"btClear btSeparator bottomExtraSmallSpaced noBorder\" ><hr><\/div><div class=\"btText\" ><\/p>\n<div class=\"btText\">\n<p>No nosso Centro Cl\u00ednico, a especialidade de Ortopedia &#8211; P\u00e9 e Tornozelo \u00e9 essencial para uma correta avalia\u00e7\u00e3o multidisciplinar das altera\u00e7\u00f5es da marcha.<\/p>\n<p>O tratamento de uma ampla gama de patologias que afetam o p\u00e9 e a marcha, atualmente, passa por uma avalia\u00e7\u00e3o e decis\u00e3o pelas v\u00e1rias abordagens cir\u00fargicas e n\u00e3o cir\u00fargicas. Neste centro cl\u00ednico pretendemos encontrar as melhores solu\u00e7\u00f5es de tratamento para o doente, de acordo com uma vis\u00e3o integrada do paciente.<\/p>\n<p>Por esse motivo, no nosso Centro Cl\u00ednico Andar a Podologia especializada em biomec\u00e2nica colabora diretamente com a Ortopedia, na busca por solu\u00e7\u00f5es menos invasivas para o doente.<\/p>\n<\/div>\n<p>\n<\/div><div class=\"btClear btSeparator bottomSpaced noBorder\" ><hr><\/div><\/div><\/div><div class=\"rowItem col-md-6 col-sm-12 btTextLeft animate animate-fadein animate-moveright btMiddleVertical\"  ><div class=\"rowItemContent\" ><div class=\"bpgPhoto btTextCenter\" ><div class=\"btImage\"><img decoding=\"async\" data-src=\"https:\/\/andarclinic.com\/staging\/8811\/wp-content\/uploads\/2024\/09\/fascite-plantar.jpg\" alt=\"Fascite plantar \u2013 pisar bem para andar melhor\" title=\"Fascite plantar \u2013 pisar bem para andar melhor\" src=\"data:image\/gif;base64,R0lGODlhAQABAAAAACH5BAEKAAEALAAAAAABAAEAAAICTAEAOw==\" class=\"lazyload\" style=\"--smush-placeholder-width: 800px; --smush-placeholder-aspect-ratio: 800\/533;\"><\/div><\/div><div class=\"btClear btSeparator bottomSmallSpaced noBorder\" ><hr><\/div><\/div><\/div><\/div><\/div><\/div><\/div><\/div><\/section><section id=\"bt_section69ea31fb0dd02\"  class=\"boldSection gutter\" ><div class=\"port\"><div class=\"boldCell\"><div class=\"boldCellInner\"><div class=\"boldRow  \" ><div class=\"boldRowInner\"><div class=\"rowItem col-md-12 col-ms-12  btTextLeft\"  ><div class=\"rowItemContent\" ><div class=\"btClear btSeparator topSmallSpaced noBorder\" ><hr><\/div><header class=\"header btClear small  btNormalDash\" ><div class=\"dash\"><h4><span class=\"headline\">Patologias Comuns do P\u00e9 e Tornozelo<\/span><\/h4><\/div><\/header><\/div><\/div><\/div><\/div><div class=\"boldRow  \" ><div class=\"boldRowInner\"><div class=\"rowItem btLeftBorder col-md-12 col-ms-12  btTextLeft animate animate-moveleft inherit\"  ><div class=\"rowItemContent\" ><div class=\"btText\" ><\/p>\n<ol>\n<li><strong>Joanete<\/strong>: Deformidade do p\u00e9 que provoca a altera\u00e7\u00e3o da posi\u00e7\u00e3o do h\u00e1lux (ded\u00e3o), resultando em dor e desconforto.<\/li>\n<li><strong>Deformidades dos dedos<\/strong>:\n<ul>\n<li><strong>Dedos em garra<\/strong>: Dedos curvados em forma de garra, que podem causar dor e dificuldade para cal\u00e7ar sapatos.<\/li>\n<li><strong>Dedos em martelo<\/strong>: Deformidade em que o dedo se dobra na articula\u00e7\u00e3o do meio.<\/li>\n<\/ul>\n<\/li>\n<li><strong>Fascite Plantar<\/strong>: Inflama\u00e7\u00e3o da f\u00e1scia plantar, causando dor intensa na base do p\u00e9, especialmente ao dar os primeiros passos pela manh\u00e3.<\/li>\n<li><strong>Neuroma de Morton<\/strong>: Espessamento do tecido ao redor de um nervo entre os dedos do p\u00e9, resultando em dor e desconforto.<\/li>\n<li><strong>P\u00e9 plano (p\u00e9 chato)<\/strong>: Caracteriza-se pelos arcos do p\u00e9 abaixados ou ausentes, podendo causar dor e problemas na marcha.<\/li>\n<li><strong>P\u00e9 cavo<\/strong>: Oposto do p\u00e9 plano, caracterizado por um arco elevado<\/li>\n<\/ol>\n<p>\n<\/div><\/div><\/div><\/div><\/div><\/div><\/div><\/div><\/section><section id=\"bt_section69ea31fb0ded1\"  class=\"boldSection gutter\" ><div class=\"port\"><div class=\"boldCell\"><div class=\"boldCellInner\"><div class=\"boldRow  \" ><div class=\"boldRowInner\"><div class=\"rowItem col-md-12 col-ms-12  btTextLeft\"  ><div class=\"rowItemContent\" ><div class=\"btClear btSeparator topSemiSpaced bottomSemiSpaced noBorder\" ><hr><\/div><\/div><\/div><\/div><\/div><\/div><\/div><\/div><\/section><section id=\"bt_section69ea31fb0df56\"  class=\"boldSection gutter\" ><div class=\"port\"><div class=\"boldCell\"><div class=\"boldCellInner\"><div class=\"boldRow  \" ><div class=\"boldRowInner\"><div class=\"rowItem col-md-4 col-ms-12 btTextLeft\"  ><div class=\"rowItemContent\" ><div class=\"bpgPhoto btTextCenter\" ><div class=\"btImage\"><img decoding=\"async\" data-src=\"https:\/\/andarclinic.com\/staging\/8811\/wp-content\/uploads\/2024\/12\/86755eba-aa36-49a1-935d-aa05630f0201-e1733507060120.jpg\" alt=\"\" title=\"\" src=\"data:image\/gif;base64,R0lGODlhAQABAAAAACH5BAEKAAEALAAAAAABAAEAAAICTAEAOw==\" class=\"lazyload\" style=\"--smush-placeholder-width: 400px; --smush-placeholder-aspect-ratio: 400\/423;\"><\/div><\/div><div class=\"btClear btSeparator topSmallSpaced bottomExtraSmallSpaced noBorder\" ><hr><\/div><\/div><\/div><div class=\"rowItem col-md-8 col-ms-12 btTextLeft\"  ><div class=\"rowItemContent\" ><header class=\"header btClear small  btNormalDash\" ><div class=\"dash\"><h4><span class=\"headline\">A equipa multidisciplinar no tratamento de patologias do p\u00e9 e tornozelo desempenha um papel fundamental para proporcionar uma abordagem hol\u00edstica e integrada aos pacientes.<\/span><\/h4><\/div><\/header><div class=\"btClear btSeparator bottomSmallSpaced noBorder\" ><hr><\/div><div class=\"btText\" ><\/p>\n<p>1. <strong>Ortopedistas<\/strong>: Especialistas que diagnosticam e tratam les\u00f5es e doen\u00e7as do sistema musculoesquel\u00e9tico, incluindo cirurgias quando necess\u00e1rio.<\/p>\n<p>2. <strong>Podologistas<\/strong>: Profissionais especializados na sa\u00fade dos p\u00e9s que avaliam a biomec\u00e2nica da marcha, postura e alinhamento dos p\u00e9s. Seu conhecimento em corre\u00e7\u00e3o postural e uso de palmilhas personalizadas \u00e9 crucial para tratar problemas como fascite plantar, joanetes e outras deformidades.<\/p>\n<p>3. <strong>Fisioterapeutas<\/strong>: Focados na reabilita\u00e7\u00e3o e recupera\u00e7\u00e3o, eles ajudam os pacientes a recuperar a mobilidade e for\u00e7a atrav\u00e9s de exerc\u00edcios espec\u00edficos e t\u00e9cnicas de terapia manual e laserterapia.<\/p>\n<p>4. <strong>Fisiologista do exerc\u00edcio<\/strong>: Ao trabalhar em conjunto com a equipa, esses profissionais podem desenvolver programas de exerc\u00edcios personalizados que levam em considera\u00e7\u00e3o as limita\u00e7\u00f5es e necessidades espec\u00edficas do paciente, prevenindo futuras les\u00f5es.<\/p>\n<p><span style=\"box-sizing: border-box; margin: 0px; padding: 0px;\">5.\u00a0<strong>Endocrinologia e Nutricionistas<\/strong>: Em casos de excesso de peso, a orienta\u00e7\u00e3o e apoio nutricional s\u00e3o vitais para ajudar a diminuir a sobrecarga nas articula\u00e7\u00f5es do p\u00e9 e tornozelo, promovendo uma vida saud\u00e1vel e ativa.<\/span><\/p>\n<p>\n<\/div><div class=\"btClear btSeparator topExtraSmallSpaced bottomSmallSpaced noBorder\" ><hr><\/div><\/div><\/div><\/div><\/div><\/div><\/div><\/div><\/section><section id=\"bt_section69ea31fb0e21f\"  class=\"boldSection gutter\" ><div class=\"port\"><div class=\"boldCell\"><div class=\"boldCellInner\"><div class=\"boldRow  \" ><div class=\"boldRowInner\"><div class=\"rowItem col-md-12 col-ms-12  btTextLeft\"  ><div class=\"rowItemContent\" ><div class=\"btClear btSeparator bottomSmallSpaced noBorder\" ><hr><\/div><\/div><\/div><\/div><\/div><\/div><\/div><\/div><\/section><section id=\"bt_section69ea31fb0e28a\"  class=\"boldSection gutter\" ><div class=\"port\"><div class=\"boldCell\"><div class=\"boldCellInner\"><div class=\"boldRow  \" ><div class=\"boldRowInner\"><div class=\"rowItem col-md-12 col-ms-12  btTextLeft\"  ><div class=\"rowItemContent\" ><div class=\"btTabs tabsVertical \" \" data-open-first=\"\"><ul class=\"tabsHeader\"><li><span>A Import\u00e2ncia da Biomec\u00e2nica na uni\u00e3o dos v\u00e1rios profissionais<\/span><\/li><li><span>Colabora\u00e7\u00e3o e Resultados<\/span><\/li><\/ul><div class=\"tabPanes accordionPanes\"><div class=\"tabPane\">\r\n\t\t\t<div class=\"tabAccordionTitle\"><span>A Import\u00e2ncia da Biomec\u00e2nica na uni\u00e3o dos v\u00e1rios profissionais<\/span><\/div>\r\n\t\t\t<div class=\"tabAccordionContent\"><\/p>\n<p>A biomec\u00e2nica \u00e9 uma \u00e1rea crucial que estuda os movimentos e as for\u00e7as que atuam sobre o corpo.<\/p>\n<p>&#8211; Atrav\u00e9s das an\u00e1lises biomec\u00e2nicas identificamos anomalias na marcha e na postura, como o p\u00e9 plano ou o p\u00e9 cavo.<\/p>\n<p>&#8211; Utilizamos tecnologia, como plataformas de for\u00e7a e softwares de an\u00e1lise de movimento, para entender melhor como as for\u00e7as se distribuem durante a locomo\u00e7\u00e3o, ajudando a desenvolver \u00f3rteses personalizadas que melhoram a fun\u00e7\u00e3o do p\u00e9.<\/p>\n<p>&#8211; Auxiliam na escolha de cal\u00e7ados adequados para cada tipo de p\u00e9, prevenindo les\u00f5es e promovendo conforto.<\/p>\n<p>\n<\/div>\r\n\t\t<\/div><div class=\"tabPane\">\r\n\t\t\t<div class=\"tabAccordionTitle\"><span>Colabora\u00e7\u00e3o e Resultados<\/span><\/div>\r\n\t\t\t<div class=\"tabAccordionContent\"><\/p>\n<p>A abordagem multidisciplinar garante que os pacientes recebam cuidados abrangentes e personalizados, levando em conta todas as dimens\u00f5es da sa\u00fade do p\u00e9 e tornozelo. A intera\u00e7\u00e3o entre ortopedistas, podologistas e outros profissionais da sa\u00fade resulta em:<\/p>\n<p>&#8211; Diagn\u00f3sticos mais precisos e tratamentos eficazes.<br \/>\n&#8211; Melhor preven\u00e7\u00e3o de les\u00f5es recorrentes.<br \/>\n&#8211; Aumento da motiva\u00e7\u00e3o do paciente em seguir os protocolos de reabilita\u00e7\u00e3o.<br \/>\n&#8211; Melhoria na qualidade de vida e retomada das atividades di\u00e1rias ou desportivas.<\/p>\n<p>\n<\/div>\r\n\t\t<\/div><\/div><\/div><\/div><\/div><\/div><\/div><\/div><\/div><\/div><\/section><section id=\"bt_section69ea31fb0e3f9\"  class=\"boldSection gutter\" ><div class=\"port\"><div class=\"boldCell\"><div class=\"boldCellInner\"><div class=\"boldRow  \" ><div class=\"boldRowInner\"><div class=\"rowItem col-md-12 col-ms-12  btTextLeft\"  ><div class=\"rowItemContent\" ><div class=\"btClear btSeparator topSemiSpaced noBorder\" ><hr><\/div><\/div><\/div><\/div><\/div><\/div><\/div><\/div><\/section><\/p>\n","protected":false},"excerpt":{"rendered":"","protected":false},"author":3,"featured_media":1891,"parent":2261,"menu_order":0,"comment_status":"closed","ping_status":"closed","template":"","meta":{"nf_dc_page":"","footnotes":""},"class_list":["post-2720","page","type-page","status-publish","has-post-thumbnail","hentry"],"yoast_head":"<!-- This site is optimized with the Yoast SEO plugin v26.9 - https:\/\/yoast.com\/product\/yoast-seo-wordpress\/ -->\n<title>Podologia Pedi\u00e1trica: AndarClinic cuida dos p\u00e9s das suas crian\u00e7as<\/title>\n<meta name=\"description\" content=\"Teme que o seu beb\u00e9 tenha problemas de locomo\u00e7\u00e3o ou p\u00e9s tortos. Venha descobrir na Andar Clinic como a Podologia Pedi\u00e1trica pode ajudar!\" \/>\n<meta name=\"robots\" content=\"index, follow, max-snippet:-1, max-image-preview:large, max-video-preview:-1\" \/>\n<link rel=\"canonical\" href=\"https:\/\/andarclinic.com\/staging\/8811\/especialidades\/ortopedia\/\" \/>\n<meta property=\"og:locale\" content=\"en_US\" \/>\n<meta property=\"og:type\" content=\"article\" \/>\n<meta property=\"og:title\" content=\"Podologia Pedi\u00e1trica: AndarClinic cuida dos p\u00e9s das suas crian\u00e7as\" \/>\n<meta property=\"og:description\" content=\"Teme que o seu beb\u00e9 tenha problemas de locomo\u00e7\u00e3o ou p\u00e9s tortos. Venha descobrir na Andar Clinic como a Podologia Pedi\u00e1trica pode ajudar!\" \/>\n<meta property=\"og:url\" content=\"https:\/\/andarclinic.com\/staging\/8811\/especialidades\/ortopedia\/\" \/>\n<meta property=\"og:site_name\" content=\"Andar Clinic\" \/>\n<meta property=\"article:publisher\" content=\"https:\/\/www.facebook.com\/andarcentroclinico\" \/>\n<meta property=\"article:modified_time\" content=\"2025-09-02T21:28:44+00:00\" \/>\n<meta property=\"og:image\" content=\"https:\/\/andarclinic.com\/staging\/8811\/wp-content\/uploads\/2024\/06\/podologia-pediatrica-03.jpg\" \/>\n\t<meta property=\"og:image:width\" content=\"1400\" \/>\n\t<meta property=\"og:image:height\" content=\"1000\" \/>\n\t<meta property=\"og:image:type\" content=\"image\/jpeg\" \/>\n<meta name=\"twitter:card\" content=\"summary_large_image\" \/>\n<meta name=\"twitter:label1\" content=\"Est. reading time\" \/>\n\t<meta name=\"twitter:data1\" content=\"4 minutes\" \/>\n<script type=\"application\/ld+json\" class=\"yoast-schema-graph\">{\"@context\":\"https:\/\/schema.org\",\"@graph\":[{\"@type\":\"WebPage\",\"@id\":\"https:\/\/andarclinic.com\/staging\/8811\/especialidades\/ortopedia\/\",\"url\":\"https:\/\/andarclinic.com\/staging\/8811\/especialidades\/ortopedia\/\",\"name\":\"Podologia Pedi\u00e1trica: AndarClinic cuida dos p\u00e9s das suas crian\u00e7as\",\"isPartOf\":{\"@id\":\"https:\/\/andarclinic.com\/#website\"},\"primaryImageOfPage\":{\"@id\":\"https:\/\/andarclinic.com\/staging\/8811\/especialidades\/ortopedia\/#primaryimage\"},\"image\":{\"@id\":\"https:\/\/andarclinic.com\/staging\/8811\/especialidades\/ortopedia\/#primaryimage\"},\"thumbnailUrl\":\"https:\/\/andarclinic.com\/staging\/8811\/wp-content\/uploads\/2024\/06\/podologia-pediatrica-03.jpg\",\"datePublished\":\"2025-09-01T19:14:47+00:00\",\"dateModified\":\"2025-09-02T21:28:44+00:00\",\"description\":\"Teme que o seu beb\u00e9 tenha problemas de locomo\u00e7\u00e3o ou p\u00e9s tortos. Venha descobrir na Andar Clinic como a Podologia Pedi\u00e1trica pode ajudar!\",\"breadcrumb\":{\"@id\":\"https:\/\/andarclinic.com\/staging\/8811\/especialidades\/ortopedia\/#breadcrumb\"},\"inLanguage\":\"en-US\",\"potentialAction\":[{\"@type\":\"ReadAction\",\"target\":[\"https:\/\/andarclinic.com\/staging\/8811\/especialidades\/ortopedia\/\"]}]},{\"@type\":\"ImageObject\",\"inLanguage\":\"en-US\",\"@id\":\"https:\/\/andarclinic.com\/staging\/8811\/especialidades\/ortopedia\/#primaryimage\",\"url\":\"https:\/\/andarclinic.com\/staging\/8811\/wp-content\/uploads\/2024\/06\/podologia-pediatrica-03.jpg\",\"contentUrl\":\"https:\/\/andarclinic.com\/staging\/8811\/wp-content\/uploads\/2024\/06\/podologia-pediatrica-03.jpg\",\"width\":1400,\"height\":1000,\"caption\":\"Podologia Pedi\u00e1trica, uma das especialidades na Andar Clinic\"},{\"@type\":\"BreadcrumbList\",\"@id\":\"https:\/\/andarclinic.com\/staging\/8811\/especialidades\/ortopedia\/#breadcrumb\",\"itemListElement\":[{\"@type\":\"ListItem\",\"position\":1,\"name\":\"Home\",\"item\":\"https:\/\/andarclinic.com\/\"},{\"@type\":\"ListItem\",\"position\":2,\"name\":\"Especialidades\",\"item\":\"https:\/\/andarclinic.com\/staging\/8811\/especialidades\/\"},{\"@type\":\"ListItem\",\"position\":3,\"name\":\"Ortopedia\"}]},{\"@type\":\"WebSite\",\"@id\":\"https:\/\/andarclinic.com\/#website\",\"url\":\"https:\/\/andarclinic.com\/\",\"name\":\"Andar Clinic\",\"description\":\"Andar para todas as idades - Cl\u00ednica de Podologia, Fisiatria e outras especialidades para ANDAR com seguran\u00e7a e qualidade\",\"publisher\":{\"@id\":\"https:\/\/andarclinic.com\/#organization\"},\"potentialAction\":[{\"@type\":\"SearchAction\",\"target\":{\"@type\":\"EntryPoint\",\"urlTemplate\":\"https:\/\/andarclinic.com\/?s={search_term_string}\"},\"query-input\":{\"@type\":\"PropertyValueSpecification\",\"valueRequired\":true,\"valueName\":\"search_term_string\"}}],\"inLanguage\":\"en-US\"},{\"@type\":\"Organization\",\"@id\":\"https:\/\/andarclinic.com\/#organization\",\"name\":\"Andar Clinic\",\"url\":\"https:\/\/andarclinic.com\/\",\"logo\":{\"@type\":\"ImageObject\",\"inLanguage\":\"en-US\",\"@id\":\"https:\/\/andarclinic.com\/#\/schema\/logo\/image\/\",\"url\":\"https:\/\/andarclinic.com\/staging\/8811\/wp-content\/uploads\/2023\/12\/LogotipoFullGreen_212.png\",\"contentUrl\":\"https:\/\/andarclinic.com\/staging\/8811\/wp-content\/uploads\/2023\/12\/LogotipoFullGreen_212.png\",\"width\":991,\"height\":288,\"caption\":\"Andar Clinic\"},\"image\":{\"@id\":\"https:\/\/andarclinic.com\/#\/schema\/logo\/image\/\"},\"sameAs\":[\"https:\/\/www.facebook.com\/andarcentroclinico\"]}]}<\/script>\n<!-- \/ Yoast SEO plugin. -->","yoast_head_json":{"title":"Podologia Pedi\u00e1trica: AndarClinic cuida dos p\u00e9s das suas crian\u00e7as","description":"Teme que o seu beb\u00e9 tenha problemas de locomo\u00e7\u00e3o ou p\u00e9s tortos. Venha descobrir na Andar Clinic como a Podologia Pedi\u00e1trica pode ajudar!","robots":{"index":"index","follow":"follow","max-snippet":"max-snippet:-1","max-image-preview":"max-image-preview:large","max-video-preview":"max-video-preview:-1"},"canonical":"https:\/\/andarclinic.com\/staging\/8811\/especialidades\/ortopedia\/","og_locale":"en_US","og_type":"article","og_title":"Podologia Pedi\u00e1trica: AndarClinic cuida dos p\u00e9s das suas crian\u00e7as","og_description":"Teme que o seu beb\u00e9 tenha problemas de locomo\u00e7\u00e3o ou p\u00e9s tortos. Venha descobrir na Andar Clinic como a Podologia Pedi\u00e1trica pode ajudar!","og_url":"https:\/\/andarclinic.com\/staging\/8811\/especialidades\/ortopedia\/","og_site_name":"Andar Clinic","article_publisher":"https:\/\/www.facebook.com\/andarcentroclinico","article_modified_time":"2025-09-02T21:28:44+00:00","og_image":[{"width":1400,"height":1000,"url":"https:\/\/andarclinic.com\/staging\/8811\/wp-content\/uploads\/2024\/06\/podologia-pediatrica-03.jpg","type":"image\/jpeg"}],"twitter_card":"summary_large_image","twitter_misc":{"Est. reading time":"4 minutes"},"schema":{"@context":"https:\/\/schema.org","@graph":[{"@type":"WebPage","@id":"https:\/\/andarclinic.com\/staging\/8811\/especialidades\/ortopedia\/","url":"https:\/\/andarclinic.com\/staging\/8811\/especialidades\/ortopedia\/","name":"Podologia Pedi\u00e1trica: AndarClinic cuida dos p\u00e9s das suas crian\u00e7as","isPartOf":{"@id":"https:\/\/andarclinic.com\/#website"},"primaryImageOfPage":{"@id":"https:\/\/andarclinic.com\/staging\/8811\/especialidades\/ortopedia\/#primaryimage"},"image":{"@id":"https:\/\/andarclinic.com\/staging\/8811\/especialidades\/ortopedia\/#primaryimage"},"thumbnailUrl":"https:\/\/andarclinic.com\/staging\/8811\/wp-content\/uploads\/2024\/06\/podologia-pediatrica-03.jpg","datePublished":"2025-09-01T19:14:47+00:00","dateModified":"2025-09-02T21:28:44+00:00","description":"Teme que o seu beb\u00e9 tenha problemas de locomo\u00e7\u00e3o ou p\u00e9s tortos. Venha descobrir na Andar Clinic como a Podologia Pedi\u00e1trica pode ajudar!","breadcrumb":{"@id":"https:\/\/andarclinic.com\/staging\/8811\/especialidades\/ortopedia\/#breadcrumb"},"inLanguage":"en-US","potentialAction":[{"@type":"ReadAction","target":["https:\/\/andarclinic.com\/staging\/8811\/especialidades\/ortopedia\/"]}]},{"@type":"ImageObject","inLanguage":"en-US","@id":"https:\/\/andarclinic.com\/staging\/8811\/especialidades\/ortopedia\/#primaryimage","url":"https:\/\/andarclinic.com\/staging\/8811\/wp-content\/uploads\/2024\/06\/podologia-pediatrica-03.jpg","contentUrl":"https:\/\/andarclinic.com\/staging\/8811\/wp-content\/uploads\/2024\/06\/podologia-pediatrica-03.jpg","width":1400,"height":1000,"caption":"Podologia Pedi\u00e1trica, uma das especialidades na Andar Clinic"},{"@type":"BreadcrumbList","@id":"https:\/\/andarclinic.com\/staging\/8811\/especialidades\/ortopedia\/#breadcrumb","itemListElement":[{"@type":"ListItem","position":1,"name":"Home","item":"https:\/\/andarclinic.com\/"},{"@type":"ListItem","position":2,"name":"Especialidades","item":"https:\/\/andarclinic.com\/staging\/8811\/especialidades\/"},{"@type":"ListItem","position":3,"name":"Ortopedia"}]},{"@type":"WebSite","@id":"https:\/\/andarclinic.com\/#website","url":"https:\/\/andarclinic.com\/","name":"Andar Clinic","description":"Andar para todas as idades - Cl\u00ednica de Podologia, Fisiatria e outras especialidades para ANDAR com seguran\u00e7a e qualidade","publisher":{"@id":"https:\/\/andarclinic.com\/#organization"},"potentialAction":[{"@type":"SearchAction","target":{"@type":"EntryPoint","urlTemplate":"https:\/\/andarclinic.com\/?s={search_term_string}"},"query-input":{"@type":"PropertyValueSpecification","valueRequired":true,"valueName":"search_term_string"}}],"inLanguage":"en-US"},{"@type":"Organization","@id":"https:\/\/andarclinic.com\/#organization","name":"Andar Clinic","url":"https:\/\/andarclinic.com\/","logo":{"@type":"ImageObject","inLanguage":"en-US","@id":"https:\/\/andarclinic.com\/#\/schema\/logo\/image\/","url":"https:\/\/andarclinic.com\/staging\/8811\/wp-content\/uploads\/2023\/12\/LogotipoFullGreen_212.png","contentUrl":"https:\/\/andarclinic.com\/staging\/8811\/wp-content\/uploads\/2023\/12\/LogotipoFullGreen_212.png","width":991,"height":288,"caption":"Andar Clinic"},"image":{"@id":"https:\/\/andarclinic.com\/#\/schema\/logo\/image\/"},"sameAs":["https:\/\/www.facebook.com\/andarcentroclinico"]}]}},"_links":{"self":[{"href":"https:\/\/andarclinic.com\/staging\/8811\/wp-json\/wp\/v2\/pages\/2720","targetHints":{"allow":["GET"]}}],"collection":[{"href":"https:\/\/andarclinic.com\/staging\/8811\/wp-json\/wp\/v2\/pages"}],"about":[{"href":"https:\/\/andarclinic.com\/staging\/8811\/wp-json\/wp\/v2\/types\/page"}],"author":[{"embeddable":true,"href":"https:\/\/andarclinic.com\/staging\/8811\/wp-json\/wp\/v2\/users\/3"}],"replies":[{"embeddable":true,"href":"https:\/\/andarclinic.com\/staging\/8811\/wp-json\/wp\/v2\/comments?post=2720"}],"version-history":[{"count":18,"href":"https:\/\/andarclinic.com\/staging\/8811\/wp-json\/wp\/v2\/pages\/2720\/revisions"}],"predecessor-version":[{"id":2740,"href":"https:\/\/andarclinic.com\/staging\/8811\/wp-json\/wp\/v2\/pages\/2720\/revisions\/2740"}],"up":[{"embeddable":true,"href":"https:\/\/andarclinic.com\/staging\/8811\/wp-json\/wp\/v2\/pages\/2261"}],"wp:featuredmedia":[{"embeddable":true,"href":"https:\/\/andarclinic.com\/staging\/8811\/wp-json\/wp\/v2\/media\/1891"}],"wp:attachment":[{"href":"https:\/\/andarclinic.com\/staging\/8811\/wp-json\/wp\/v2\/media?parent=2720"}],"curies":[{"name":"wp","href":"https:\/\/api.w.org\/{rel}","templated":true}]}}