{"id":2570,"date":"2025-06-17T22:52:13","date_gmt":"2025-06-17T22:52:13","guid":{"rendered":"https:\/\/andarclinic.com\/staging\/8811\/?page_id=2570"},"modified":"2025-06-17T23:18:28","modified_gmt":"2025-06-17T23:18:28","slug":"quem-somos","status":"publish","type":"page","link":"https:\/\/andarclinic.com\/staging\/8811\/quem-somos\/","title":{"rendered":"Quem somos"},"content":{"rendered":"<p><section id=\"bt_section69ea3f4bd7d52\"  class=\"boldSection btDivider topSemiSpaced bottomSemiSpaced btDarkSkin gutter inherit\" style=\"background-color:#0cb8b6;\"><div class=\"port\"><div class=\"boldCell\"><div class=\"boldCellInner\"><div class=\"boldRow  \" ><div class=\"boldRowInner\"><div class=\"rowItem col-md-6 col-sm-12 btTextLeft animate animate-fadein animate-moveleft inherit\"  ><div class=\"rowItemContent\" ><div class=\"btClear btSeparator topExtraSmallSpaced noBorder\" ><hr><\/div><div class=\"btClear btSeparator topExtraSmallSpaced noBorder\" ><hr><\/div><header class=\"header btClear large  btNormalDash\" ><div class=\"dash\"><h2><span class=\"headline\">Quem somos<\/span><\/h2><\/div><\/header><\/div><\/div><div class=\"rowItem col-md-6 col-sm-12 btTextLeft animate animate-fadein animate-moveleft btBottomVertical\"  ><div class=\"rowItemContent\" ><\/div><\/div><\/div><\/div><\/div><\/div><\/div><\/section><section id=\"bt_section69ea3f4bd8008\" data-parallax=\"0.3\" data-parallax-offset=\"0\" class=\"boldSection topSpaced gutter inherit btParallax\" ><div class=\"port\"><div class=\"boldCell\"><div class=\"boldCellInner\"><div class=\"boldRow  \" ><div class=\"boldRowInner\"><div class=\"rowItem col-md-7 col-ms-12  btTextLeft animate animate-fadein inherit\"  ><div class=\"rowItemContent\" ><header class=\"header btClear large btDash topDash  btNormalDash\" ><div class=\"dash\"><h2><span class=\"headline\">CENTRO CL\u00cdNICO MULTIDISCIPLINAR<\/span><\/h2><\/div><\/header><div class=\"btClear btSeparator bottomSmallSpaced noBorder\" ><hr><\/div><header class=\"header btClear extralarge  btNormalDash bt_bb_hidden_xs bt_bb_hidden_ms bt_bb_hidden_sm bt_bb_hidden_md bt_bb_hidden_lg\" ><div class=\"btSubTitle\">Bem-vindo ao nosso Centro Cl\u00ednico, dedicado ao diagn\u00f3stico e tratamento especializado das causas que afetam a marcha, promovendo assim a autonomia e uma melhor qualidade de vida para os nossos pacientes. Comprometemo-nos n\u00e3o s\u00f3 a tratar, mas tamb\u00e9m a incentivar a pr\u00e1tica de exerc\u00edcio e desporto de forma segura, prevenindo les\u00f5es musculoesquel\u00e9ticas.<\/p><br><p>A equipa da Andar Clinic \u00e9 composta por especialistas altamente qualificados, cujo conhecimento \u00e9 aplicado de forma integrada na preven\u00e7\u00e3o e tratamento de dist\u00farbios da marcha. Estamos empenhados em oferecer solu\u00e7\u00f5es abrangentes, visando n\u00e3o apenas diagnosticar e tratar as causas subjacentes, mas tamb\u00e9m promover estilos de vida saud\u00e1veis.<\/div><\/header><div class=\"btText\" ><\/p>\n<p>Bem-vindo ao nosso Centro Cl\u00ednico, dedicado ao diagn\u00f3stico e tratamento especializado das causas que afetam a marcha, promovendo assim a autonomia e uma melhor qualidade de vida para os nossos pacientes. Comprometemo-nos n\u00e3o s\u00f3 a tratar, mas tamb\u00e9m a incentivar a pr\u00e1tica de exerc\u00edcio e desporto de forma segura, prevenindo les\u00f5es musculoesquel\u00e9ticas.<\/p>\n<p>A equipa da Andar Clinic \u00e9 composta por especialistas altamente qualificados, cujo conhecimento \u00e9 aplicado de forma integrada na preven\u00e7\u00e3o e tratamento de dist\u00farbios da marcha. Estamos empenhados em oferecer solu\u00e7\u00f5es abrangentes, visando n\u00e3o apenas diagnosticar e tratar as causas subjacentes, mas tamb\u00e9m promover estilos de vida saud\u00e1veis.<\/p>\n<p>\n<\/div><div class=\"btClear btSeparator bottomSmallSpaced noBorder\" ><hr><\/div><\/div><\/div><div class=\"rowItem col-md-5 col-ms-12  btTextLeft animate animate-fadein animate-moveleft btBottomVertical\"  ><div class=\"rowItemContent\" ><div class=\"bpgPhoto btTextCenter\" ><div class=\"btImage\"><img decoding=\"async\" data-src=\"https:\/\/andarclinic.com\/staging\/8811\/wp-content\/uploads\/2024\/06\/homem.png\" alt=\"Andar Clinic\" title=\"Andar Clinic\" src=\"data:image\/gif;base64,R0lGODlhAQABAAAAACH5BAEKAAEALAAAAAABAAEAAAICTAEAOw==\" class=\"lazyload\" style=\"--smush-placeholder-width: 1029px; --smush-placeholder-aspect-ratio: 1029\/1277;\"><\/div><\/div><\/div><\/div><\/div><\/div><\/div><\/div><\/div><\/section><\/p>\n","protected":false},"excerpt":{"rendered":"","protected":false},"author":3,"featured_media":1494,"parent":0,"menu_order":0,"comment_status":"closed","ping_status":"closed","template":"","meta":{"nf_dc_page":"","footnotes":""},"class_list":["post-2570","page","type-page","status-publish","has-post-thumbnail","hentry"],"yoast_head":"<!-- This site is optimized with the Yoast SEO plugin v26.9 - https:\/\/yoast.com\/product\/yoast-seo-wordpress\/ -->\n<title>ANDAR Clinic: o Centro Cl\u00ednico Multidisciplinar em Lisboa<\/title>\n<meta name=\"description\" content=\"Andar Clinic \u00e9 a sua cl\u00ednica de podologia em Lisboa. Para melhorar a sua qualidade de vida consulte-nos. Agende uma visita para ANDAR melhor!\" \/>\n<meta name=\"robots\" content=\"index, follow, max-snippet:-1, max-image-preview:large, max-video-preview:-1\" \/>\n<link rel=\"canonical\" href=\"https:\/\/andarclinic.com\/staging\/8811\/quem-somos\/\" \/>\n<meta property=\"og:locale\" content=\"en_US\" \/>\n<meta property=\"og:type\" content=\"article\" \/>\n<meta property=\"og:title\" content=\"ANDAR Clinic: o Centro Cl\u00ednico Multidisciplinar em Lisboa\" \/>\n<meta property=\"og:description\" content=\"Andar Clinic \u00e9 a sua cl\u00ednica de podologia em Lisboa. Para melhorar a sua qualidade de vida consulte-nos. Agende uma visita para ANDAR melhor!\" \/>\n<meta property=\"og:url\" content=\"https:\/\/andarclinic.com\/staging\/8811\/quem-somos\/\" \/>\n<meta property=\"og:site_name\" content=\"Andar Clinic\" \/>\n<meta property=\"article:publisher\" content=\"https:\/\/www.facebook.com\/andarcentroclinico\" \/>\n<meta property=\"article:modified_time\" content=\"2025-06-17T23:18:28+00:00\" \/>\n<meta property=\"og:image\" content=\"https:\/\/andarclinic.com\/staging\/8811\/wp-content\/uploads\/2023\/12\/Logotipo-Black-New.png\" \/>\n\t<meta property=\"og:image:width\" content=\"762\" \/>\n\t<meta property=\"og:image:height\" content=\"288\" \/>\n\t<meta property=\"og:image:type\" content=\"image\/png\" \/>\n<meta name=\"twitter:card\" content=\"summary_large_image\" \/>\n<meta name=\"twitter:label1\" content=\"Est. reading time\" \/>\n\t<meta name=\"twitter:data1\" content=\"2 minutes\" \/>\n<script type=\"application\/ld+json\" class=\"yoast-schema-graph\">{\"@context\":\"https:\/\/schema.org\",\"@graph\":[{\"@type\":\"WebPage\",\"@id\":\"https:\/\/andarclinic.com\/staging\/8811\/quem-somos\/\",\"url\":\"https:\/\/andarclinic.com\/staging\/8811\/quem-somos\/\",\"name\":\"ANDAR Clinic: o Centro Cl\u00ednico Multidisciplinar em Lisboa\",\"isPartOf\":{\"@id\":\"https:\/\/andarclinic.com\/#website\"},\"primaryImageOfPage\":{\"@id\":\"https:\/\/andarclinic.com\/staging\/8811\/quem-somos\/#primaryimage\"},\"image\":{\"@id\":\"https:\/\/andarclinic.com\/staging\/8811\/quem-somos\/#primaryimage\"},\"thumbnailUrl\":\"https:\/\/andarclinic.com\/staging\/8811\/wp-content\/uploads\/2023\/12\/Logotipo-Black-New.png\",\"datePublished\":\"2025-06-17T22:52:13+00:00\",\"dateModified\":\"2025-06-17T23:18:28+00:00\",\"description\":\"Andar Clinic \u00e9 a sua cl\u00ednica de podologia em Lisboa. Para melhorar a sua qualidade de vida consulte-nos. Agende uma visita para ANDAR melhor!\",\"breadcrumb\":{\"@id\":\"https:\/\/andarclinic.com\/staging\/8811\/quem-somos\/#breadcrumb\"},\"inLanguage\":\"en-US\",\"potentialAction\":[{\"@type\":\"ReadAction\",\"target\":[\"https:\/\/andarclinic.com\/staging\/8811\/quem-somos\/\"]}]},{\"@type\":\"ImageObject\",\"inLanguage\":\"en-US\",\"@id\":\"https:\/\/andarclinic.com\/staging\/8811\/quem-somos\/#primaryimage\",\"url\":\"https:\/\/andarclinic.com\/staging\/8811\/wp-content\/uploads\/2023\/12\/Logotipo-Black-New.png\",\"contentUrl\":\"https:\/\/andarclinic.com\/staging\/8811\/wp-content\/uploads\/2023\/12\/Logotipo-Black-New.png\",\"width\":762,\"height\":288,\"caption\":\"Andar Clinic, a Cl\u00ednica de Podologia em Lisboa\"},{\"@type\":\"BreadcrumbList\",\"@id\":\"https:\/\/andarclinic.com\/staging\/8811\/quem-somos\/#breadcrumb\",\"itemListElement\":[{\"@type\":\"ListItem\",\"position\":1,\"name\":\"Home\",\"item\":\"https:\/\/andarclinic.com\/\"},{\"@type\":\"ListItem\",\"position\":2,\"name\":\"Quem somos\"}]},{\"@type\":\"WebSite\",\"@id\":\"https:\/\/andarclinic.com\/#website\",\"url\":\"https:\/\/andarclinic.com\/\",\"name\":\"Andar Clinic\",\"description\":\"Andar para todas as idades - Cl\u00ednica de Podologia, Fisiatria e outras especialidades para ANDAR com seguran\u00e7a e qualidade\",\"publisher\":{\"@id\":\"https:\/\/andarclinic.com\/#organization\"},\"potentialAction\":[{\"@type\":\"SearchAction\",\"target\":{\"@type\":\"EntryPoint\",\"urlTemplate\":\"https:\/\/andarclinic.com\/?s={search_term_string}\"},\"query-input\":{\"@type\":\"PropertyValueSpecification\",\"valueRequired\":true,\"valueName\":\"search_term_string\"}}],\"inLanguage\":\"en-US\"},{\"@type\":\"Organization\",\"@id\":\"https:\/\/andarclinic.com\/#organization\",\"name\":\"Andar Clinic\",\"url\":\"https:\/\/andarclinic.com\/\",\"logo\":{\"@type\":\"ImageObject\",\"inLanguage\":\"en-US\",\"@id\":\"https:\/\/andarclinic.com\/#\/schema\/logo\/image\/\",\"url\":\"https:\/\/andarclinic.com\/staging\/8811\/wp-content\/uploads\/2023\/12\/LogotipoFullGreen_212.png\",\"contentUrl\":\"https:\/\/andarclinic.com\/staging\/8811\/wp-content\/uploads\/2023\/12\/LogotipoFullGreen_212.png\",\"width\":991,\"height\":288,\"caption\":\"Andar Clinic\"},\"image\":{\"@id\":\"https:\/\/andarclinic.com\/#\/schema\/logo\/image\/\"},\"sameAs\":[\"https:\/\/www.facebook.com\/andarcentroclinico\"]}]}<\/script>\n<!-- \/ Yoast SEO plugin. -->","yoast_head_json":{"title":"ANDAR Clinic: o Centro Cl\u00ednico Multidisciplinar em Lisboa","description":"Andar Clinic \u00e9 a sua cl\u00ednica de podologia em Lisboa. Para melhorar a sua qualidade de vida consulte-nos. Agende uma visita para ANDAR melhor!","robots":{"index":"index","follow":"follow","max-snippet":"max-snippet:-1","max-image-preview":"max-image-preview:large","max-video-preview":"max-video-preview:-1"},"canonical":"https:\/\/andarclinic.com\/staging\/8811\/quem-somos\/","og_locale":"en_US","og_type":"article","og_title":"ANDAR Clinic: o Centro Cl\u00ednico Multidisciplinar em Lisboa","og_description":"Andar Clinic \u00e9 a sua cl\u00ednica de podologia em Lisboa. Para melhorar a sua qualidade de vida consulte-nos. Agende uma visita para ANDAR melhor!","og_url":"https:\/\/andarclinic.com\/staging\/8811\/quem-somos\/","og_site_name":"Andar Clinic","article_publisher":"https:\/\/www.facebook.com\/andarcentroclinico","article_modified_time":"2025-06-17T23:18:28+00:00","og_image":[{"width":762,"height":288,"url":"https:\/\/andarclinic.com\/staging\/8811\/wp-content\/uploads\/2023\/12\/Logotipo-Black-New.png","type":"image\/png"}],"twitter_card":"summary_large_image","twitter_misc":{"Est. reading time":"2 minutes"},"schema":{"@context":"https:\/\/schema.org","@graph":[{"@type":"WebPage","@id":"https:\/\/andarclinic.com\/staging\/8811\/quem-somos\/","url":"https:\/\/andarclinic.com\/staging\/8811\/quem-somos\/","name":"ANDAR Clinic: o Centro Cl\u00ednico Multidisciplinar em Lisboa","isPartOf":{"@id":"https:\/\/andarclinic.com\/#website"},"primaryImageOfPage":{"@id":"https:\/\/andarclinic.com\/staging\/8811\/quem-somos\/#primaryimage"},"image":{"@id":"https:\/\/andarclinic.com\/staging\/8811\/quem-somos\/#primaryimage"},"thumbnailUrl":"https:\/\/andarclinic.com\/staging\/8811\/wp-content\/uploads\/2023\/12\/Logotipo-Black-New.png","datePublished":"2025-06-17T22:52:13+00:00","dateModified":"2025-06-17T23:18:28+00:00","description":"Andar Clinic \u00e9 a sua cl\u00ednica de podologia em Lisboa. Para melhorar a sua qualidade de vida consulte-nos. Agende uma visita para ANDAR melhor!","breadcrumb":{"@id":"https:\/\/andarclinic.com\/staging\/8811\/quem-somos\/#breadcrumb"},"inLanguage":"en-US","potentialAction":[{"@type":"ReadAction","target":["https:\/\/andarclinic.com\/staging\/8811\/quem-somos\/"]}]},{"@type":"ImageObject","inLanguage":"en-US","@id":"https:\/\/andarclinic.com\/staging\/8811\/quem-somos\/#primaryimage","url":"https:\/\/andarclinic.com\/staging\/8811\/wp-content\/uploads\/2023\/12\/Logotipo-Black-New.png","contentUrl":"https:\/\/andarclinic.com\/staging\/8811\/wp-content\/uploads\/2023\/12\/Logotipo-Black-New.png","width":762,"height":288,"caption":"Andar Clinic, a Cl\u00ednica de Podologia em Lisboa"},{"@type":"BreadcrumbList","@id":"https:\/\/andarclinic.com\/staging\/8811\/quem-somos\/#breadcrumb","itemListElement":[{"@type":"ListItem","position":1,"name":"Home","item":"https:\/\/andarclinic.com\/"},{"@type":"ListItem","position":2,"name":"Quem somos"}]},{"@type":"WebSite","@id":"https:\/\/andarclinic.com\/#website","url":"https:\/\/andarclinic.com\/","name":"Andar Clinic","description":"Andar para todas as idades - Cl\u00ednica de Podologia, Fisiatria e outras especialidades para ANDAR com seguran\u00e7a e qualidade","publisher":{"@id":"https:\/\/andarclinic.com\/#organization"},"potentialAction":[{"@type":"SearchAction","target":{"@type":"EntryPoint","urlTemplate":"https:\/\/andarclinic.com\/?s={search_term_string}"},"query-input":{"@type":"PropertyValueSpecification","valueRequired":true,"valueName":"search_term_string"}}],"inLanguage":"en-US"},{"@type":"Organization","@id":"https:\/\/andarclinic.com\/#organization","name":"Andar Clinic","url":"https:\/\/andarclinic.com\/","logo":{"@type":"ImageObject","inLanguage":"en-US","@id":"https:\/\/andarclinic.com\/#\/schema\/logo\/image\/","url":"https:\/\/andarclinic.com\/staging\/8811\/wp-content\/uploads\/2023\/12\/LogotipoFullGreen_212.png","contentUrl":"https:\/\/andarclinic.com\/staging\/8811\/wp-content\/uploads\/2023\/12\/LogotipoFullGreen_212.png","width":991,"height":288,"caption":"Andar Clinic"},"image":{"@id":"https:\/\/andarclinic.com\/#\/schema\/logo\/image\/"},"sameAs":["https:\/\/www.facebook.com\/andarcentroclinico"]}]}},"_links":{"self":[{"href":"https:\/\/andarclinic.com\/staging\/8811\/wp-json\/wp\/v2\/pages\/2570","targetHints":{"allow":["GET"]}}],"collection":[{"href":"https:\/\/andarclinic.com\/staging\/8811\/wp-json\/wp\/v2\/pages"}],"about":[{"href":"https:\/\/andarclinic.com\/staging\/8811\/wp-json\/wp\/v2\/types\/page"}],"author":[{"embeddable":true,"href":"https:\/\/andarclinic.com\/staging\/8811\/wp-json\/wp\/v2\/users\/3"}],"replies":[{"embeddable":true,"href":"https:\/\/andarclinic.com\/staging\/8811\/wp-json\/wp\/v2\/comments?post=2570"}],"version-history":[{"count":8,"href":"https:\/\/andarclinic.com\/staging\/8811\/wp-json\/wp\/v2\/pages\/2570\/revisions"}],"predecessor-version":[{"id":2578,"href":"https:\/\/andarclinic.com\/staging\/8811\/wp-json\/wp\/v2\/pages\/2570\/revisions\/2578"}],"wp:featuredmedia":[{"embeddable":true,"href":"https:\/\/andarclinic.com\/staging\/8811\/wp-json\/wp\/v2\/media\/1494"}],"wp:attachment":[{"href":"https:\/\/andarclinic.com\/staging\/8811\/wp-json\/wp\/v2\/media?parent=2570"}],"curies":[{"name":"wp","href":"https:\/\/api.w.org\/{rel}","templated":true}]}}