{"id":2552,"date":"2025-05-19T21:21:04","date_gmt":"2025-05-19T21:21:04","guid":{"rendered":"https:\/\/andarclinic.com\/staging\/8811\/?page_id=2552"},"modified":"2025-10-28T11:37:38","modified_gmt":"2025-10-28T11:37:38","slug":"marcacoes-nutricionista","status":"publish","type":"page","link":"https:\/\/andarclinic.com\/staging\/8811\/marcacoes-nutricionista\/","title":{"rendered":"Marca\u00e7\u00f5es &#8211; Nutricionista"},"content":{"rendered":"<p><section id=\"bt_section69ea2e172b596\"  class=\"boldSection btDivider topSemiSpaced bottomSemiSpaced btDarkSkin gutter inherit\" style=\"background-color:#0cb8b6;\"><div class=\"port\"><div class=\"boldCell\"><div class=\"boldCellInner\"><div class=\"boldRow  \" ><div class=\"boldRowInner\"><div class=\"rowItem col-md-12 col-ms-12  btTextLeft animate animate-fadein animate-moveleft inherit\"  ><div class=\"rowItemContent\" ><div class=\"btClear btSeparator topExtraSmallSpaced noBorder\" ><hr><\/div><div class=\"btClear btSeparator topExtraSmallSpaced noBorder\" ><hr><\/div><header class=\"header btClear large  btNormalDash\" ><div class=\"dash\"><h2><span class=\"headline\">MARCA\u00c7\u00d5ES &#8211; NUTRICIONISTA<\/span><\/h2><\/div><\/header><\/div><\/div><\/div><\/div><\/div><\/div><\/div><\/section><section id=\"bt_section69ea2e172b791\"  class=\"boldSection topSpaced bottomSpaced gutter inherit\" ><div class=\"port\"><div class=\"boldCell\"><div class=\"boldCellInner\"><div class=\"boldRow  \" ><div class=\"boldRowInner\"><div class=\"rowItem col-md-12 col-ms-12  btTextLeft animate animate-fadein animate-moveleft inherit\"  ><div class=\"rowItemContent\" ><header class=\"header btClear medium btDash topDash  btAccentDash\" ><div class=\"dash\"><h3><span class=\"headline\">Marque aqui a sua consulta<\/span><\/h3><\/div><\/header><div class=\"btClear btSeparator bottomSemiSpaced noBorder\" ><hr><\/div><\/div><\/div><\/div><\/div><div class=\"boldRow  \" ><div class=\"boldRowInner\"><div class=\"rowItem col-md-8 col-ms-12 btTextLeft animate animate-fadein inherit\"  ><div class=\"rowItemContent\" ><div class=\"btText\" ><\/p>\n<div class=\"wpcf7 no-js\" id=\"wpcf7-f2529-o1\" lang=\"en-US\" dir=\"ltr\" data-wpcf7-id=\"2529\">\n<div class=\"screen-reader-response\">\n<p role=\"status\" aria-live=\"polite\" aria-atomic=\"true\">\n<ul><\/ul>\n<\/div>\n<form action=\"\/staging\/8811\/wp-json\/wp\/v2\/pages\/2552#wpcf7-f2529-o1\" method=\"post\" class=\"wpcf7-form init\" aria-label=\"Contact form\" novalidate=\"novalidate\" data-status=\"init\">\n<div style=\"display: none;\">\n<input type=\"hidden\" name=\"_wpcf7\" value=\"2529\" \/><br \/>\n<input type=\"hidden\" name=\"_wpcf7_version\" value=\"6.0.6\" \/><br \/>\n<input type=\"hidden\" name=\"_wpcf7_locale\" value=\"en_US\" \/><br \/>\n<input type=\"hidden\" name=\"_wpcf7_unit_tag\" value=\"wpcf7-f2529-o1\" \/><br \/>\n<input type=\"hidden\" name=\"_wpcf7_container_post\" value=\"0\" \/><br \/>\n<input type=\"hidden\" name=\"_wpcf7_posted_data_hash\" value=\"\" \/><br \/>\n<input type=\"hidden\" name=\"_wpcf7_recaptcha_response\" value=\"\" \/>\n<\/div>\n<p>Nome (obrigat\u00f3rio)\n<\/p>\n<p><span class=\"wpcf7-form-control-wrap\" data-name=\"text-354\"><input size=\"40\" maxlength=\"400\" class=\"wpcf7-form-control wpcf7-text wpcf7-validates-as-required\" aria-required=\"true\" aria-invalid=\"false\" value=\"\" type=\"text\" name=\"text-354\" \/><\/span>\n<\/p>\n<p>Contacto telef\u00f3nico (obrigat\u00f3rio)\n<\/p>\n<p><span class=\"wpcf7-form-control-wrap\" data-name=\"tel-715\"><input size=\"40\" maxlength=\"400\" class=\"wpcf7-form-control wpcf7-tel wpcf7-validates-as-required wpcf7-text wpcf7-validates-as-tel\" aria-required=\"true\" aria-invalid=\"false\" value=\"\" type=\"tel\" name=\"tel-715\" \/><\/span>\n<\/p>\n<p>Email (obrigat\u00f3rio)\n<\/p>\n<p><span class=\"wpcf7-form-control-wrap\" data-name=\"email-999\"><input size=\"40\" maxlength=\"400\" class=\"wpcf7-form-control wpcf7-email wpcf7-validates-as-required wpcf7-text wpcf7-validates-as-email\" aria-required=\"true\" aria-invalid=\"false\" value=\"\" type=\"email\" name=\"email-999\" \/><\/span>\n<\/p>\n<p>Mensagem adicional\n<\/p>\n<p><span class=\"wpcf7-form-control-wrap\" data-name=\"your-message\"><textarea cols=\"40\" rows=\"10\" maxlength=\"2000\" class=\"wpcf7-form-control wpcf7-textarea\" aria-invalid=\"false\" name=\"your-message\"><\/textarea><\/span>\n<\/p>\n<p><span class=\"wpcf7-form-control-wrap\" data-name=\"acceptance-120\"><span class=\"wpcf7-form-control wpcf7-acceptance\"><span class=\"wpcf7-list-item\"><label><input type=\"checkbox\" name=\"acceptance-120\" value=\"1\" aria-invalid=\"false\" \/><span class=\"wpcf7-list-item-label\">Ao submeter este formul\u00e1rio declaro que li e compreendi a Pol\u00edtica de Privacidade e que aceito a mesma.<\/span><\/label><\/span><\/span><\/span>\n<\/p>\n<p><input class=\"wpcf7-form-control wpcf7-submit has-spinner\" type=\"submit\" value=\"MARCAR\" \/>\n<\/p>\n<div class=\"wpcf7-response-output\" aria-hidden=\"true\"><\/div>\n<\/form>\n<\/div>\n<p>\n<\/div><\/div><\/div><div class=\"rowItem col-md-4 col-ms-12 btTextCenter animate animate-fadein btTextIndent btHighlight btTopVertical\"  ><div class=\"rowItemContent\" ><div class=\"btClear btSeparator topSmallSpaced noBorder\" ><hr><\/div><header class=\"header btClear medium  btNormalDash\" ><div class=\"dash\"><h3><span class=\"headline\">Hor\u00e1rio de Funcionamento<\/span><\/h3><\/div><\/header><div class=\"btClear btSeparator topSmallSpaced noBorder\" ><hr><\/div><div class=\"btWorkingHours  btWorkingHoursHasLink \" ><div class=\"btWorkingHoursInner\"><div class=\"btWorkingHoursInnerRow\"><div class=\"btWorkingHoursInnerTitle\">Segunda-feira<\/div><div class=\"btWorkingHoursInnerContent\">09h00 &#8211; 19h00 <\/div><div class=\"btWorkingHoursInnerLink\"><a href=\"#\" title=\"<br \/>&#8220;><br \/><\/a><\/div><\/div><div class=\"btWorkingHoursInnerRow\"><div class=\"btWorkingHoursInnerTitle\">Ter\u00e7a-feira<\/div><div class=\"btWorkingHoursInnerContent\">09h00 &#8211; 19h00 <\/div><div class=\"btWorkingHoursInnerLink\"><a href=\"#\" title=\"<br \/>&#8220;><br \/><\/a><\/div><\/div><div class=\"btWorkingHoursInnerRow\"><div class=\"btWorkingHoursInnerTitle\">Quarta-feira<\/div><div class=\"btWorkingHoursInnerContent\">09h00 &#8211; 19h00 <\/div><div class=\"btWorkingHoursInnerLink\"><a href=\"#\" title=\"<br \/>&#8220;><br \/><\/a><\/div><\/div><div class=\"btWorkingHoursInnerRow\"><div class=\"btWorkingHoursInnerTitle\">Quinta-feira<\/div><div class=\"btWorkingHoursInnerContent\">09h00 &#8211; 19h00 <\/div><div class=\"btWorkingHoursInnerLink\"><a href=\"#\" title=\"<br \/>&#8220;><br \/><\/a><\/div><\/div><div class=\"btWorkingHoursInnerRow\"><div class=\"btWorkingHoursInnerTitle\">Sexta-feira<\/div><div class=\"btWorkingHoursInnerContent\">09h00 &#8211; 19h00 <\/div><div class=\"btWorkingHoursInnerLink\"><a href=\"#\" title=\"<br \/>&#8220;><br \/><\/a><\/div><\/div><div class=\"btWorkingHoursInnerRow\"><div class=\"btWorkingHoursInnerTitle\">S\u00e1bado<\/div><div class=\"btWorkingHoursInnerContent\">09h00 &#8211; 13h00<\/div><div class=\"btWorkingHoursInnerLink\"><a href=\"#\" title=\"<br \/>&#8220;><br \/><\/a><\/div><\/div><div class=\"btWorkingHoursInnerRow\"><div class=\"btWorkingHoursInnerTitle\">Domingo<\/div><div class=\"btWorkingHoursInnerContent\">Fechado<\/div><\/div><\/div><\/div><div class=\"btClear btSeparator topSmallSpaced noBorder\" ><hr><\/div><\/div><\/div><\/div><\/div><\/div><\/div><\/div><\/section><\/p>\n","protected":false},"excerpt":{"rendered":"","protected":false},"author":3,"featured_media":1430,"parent":0,"menu_order":0,"comment_status":"closed","ping_status":"closed","template":"","meta":{"nf_dc_page":"","footnotes":""},"class_list":["post-2552","page","type-page","status-publish","has-post-thumbnail","hentry"],"yoast_head":"<!-- This site is optimized with the Yoast SEO plugin v26.9 - https:\/\/yoast.com\/product\/yoast-seo-wordpress\/ -->\n<title>Marca\u00e7\u00f5es na Andar Clinic: Agende aqui a sua consulta<\/title>\n<meta name=\"description\" content=\"Precisa de agendar uma consulta ou agendar um tratamento? As suas marca\u00e7\u00f5es na AndarClinic, em Lisboa, podem ser feitas nesta p\u00e1gina!\" \/>\n<meta name=\"robots\" content=\"index, follow, max-snippet:-1, max-image-preview:large, max-video-preview:-1\" \/>\n<link rel=\"canonical\" href=\"https:\/\/andarclinic.com\/staging\/8811\/marcacoes-nutricionista\/\" \/>\n<meta property=\"og:locale\" content=\"en_US\" \/>\n<meta property=\"og:type\" content=\"article\" \/>\n<meta property=\"og:title\" content=\"Marca\u00e7\u00f5es na Andar Clinic: Agende aqui a sua consulta\" \/>\n<meta property=\"og:description\" content=\"Precisa de agendar uma consulta ou agendar um tratamento? As suas marca\u00e7\u00f5es na AndarClinic, em Lisboa, podem ser feitas nesta p\u00e1gina!\" \/>\n<meta property=\"og:url\" content=\"https:\/\/andarclinic.com\/staging\/8811\/marcacoes-nutricionista\/\" \/>\n<meta property=\"og:site_name\" content=\"Andar Clinic\" \/>\n<meta property=\"article:publisher\" content=\"https:\/\/www.facebook.com\/andarcentroclinico\" \/>\n<meta property=\"article:modified_time\" content=\"2025-10-28T11:37:38+00:00\" \/>\n<meta property=\"og:image\" content=\"https:\/\/andarclinic.com\/staging\/8811\/wp-content\/uploads\/2023\/12\/LogotipoFullGreen_212.png\" \/>\n\t<meta property=\"og:image:width\" content=\"991\" \/>\n\t<meta property=\"og:image:height\" content=\"288\" \/>\n\t<meta property=\"og:image:type\" content=\"image\/png\" \/>\n<meta name=\"twitter:card\" content=\"summary_large_image\" \/>\n<meta name=\"twitter:label1\" content=\"Est. reading time\" \/>\n\t<meta name=\"twitter:data1\" content=\"1 minute\" \/>\n<script type=\"application\/ld+json\" class=\"yoast-schema-graph\">{\"@context\":\"https:\/\/schema.org\",\"@graph\":[{\"@type\":\"WebPage\",\"@id\":\"https:\/\/andarclinic.com\/staging\/8811\/marcacoes-nutricionista\/\",\"url\":\"https:\/\/andarclinic.com\/staging\/8811\/marcacoes-nutricionista\/\",\"name\":\"Marca\u00e7\u00f5es na Andar Clinic: Agende aqui a sua consulta\",\"isPartOf\":{\"@id\":\"https:\/\/andarclinic.com\/#website\"},\"primaryImageOfPage\":{\"@id\":\"https:\/\/andarclinic.com\/staging\/8811\/marcacoes-nutricionista\/#primaryimage\"},\"image\":{\"@id\":\"https:\/\/andarclinic.com\/staging\/8811\/marcacoes-nutricionista\/#primaryimage\"},\"thumbnailUrl\":\"https:\/\/andarclinic.com\/staging\/8811\/wp-content\/uploads\/2023\/12\/LogotipoFullGreen_212.png\",\"datePublished\":\"2025-05-19T21:21:04+00:00\",\"dateModified\":\"2025-10-28T11:37:38+00:00\",\"description\":\"Precisa de agendar uma consulta ou agendar um tratamento? As suas marca\u00e7\u00f5es na AndarClinic, em Lisboa, podem ser feitas nesta p\u00e1gina!\",\"breadcrumb\":{\"@id\":\"https:\/\/andarclinic.com\/staging\/8811\/marcacoes-nutricionista\/#breadcrumb\"},\"inLanguage\":\"en-US\",\"potentialAction\":[{\"@type\":\"ReadAction\",\"target\":[\"https:\/\/andarclinic.com\/staging\/8811\/marcacoes-nutricionista\/\"]}]},{\"@type\":\"ImageObject\",\"inLanguage\":\"en-US\",\"@id\":\"https:\/\/andarclinic.com\/staging\/8811\/marcacoes-nutricionista\/#primaryimage\",\"url\":\"https:\/\/andarclinic.com\/staging\/8811\/wp-content\/uploads\/2023\/12\/LogotipoFullGreen_212.png\",\"contentUrl\":\"https:\/\/andarclinic.com\/staging\/8811\/wp-content\/uploads\/2023\/12\/LogotipoFullGreen_212.png\",\"width\":991,\"height\":288,\"caption\":\"marca\u00e7\u00f5es\"},{\"@type\":\"BreadcrumbList\",\"@id\":\"https:\/\/andarclinic.com\/staging\/8811\/marcacoes-nutricionista\/#breadcrumb\",\"itemListElement\":[{\"@type\":\"ListItem\",\"position\":1,\"name\":\"Home\",\"item\":\"https:\/\/andarclinic.com\/\"},{\"@type\":\"ListItem\",\"position\":2,\"name\":\"Marca\u00e7\u00f5es &#8211; Nutricionista\"}]},{\"@type\":\"WebSite\",\"@id\":\"https:\/\/andarclinic.com\/#website\",\"url\":\"https:\/\/andarclinic.com\/\",\"name\":\"Andar Clinic\",\"description\":\"Andar para todas as idades - Cl\u00ednica de Podologia, Fisiatria e outras especialidades para ANDAR com seguran\u00e7a e qualidade\",\"publisher\":{\"@id\":\"https:\/\/andarclinic.com\/#organization\"},\"potentialAction\":[{\"@type\":\"SearchAction\",\"target\":{\"@type\":\"EntryPoint\",\"urlTemplate\":\"https:\/\/andarclinic.com\/?s={search_term_string}\"},\"query-input\":{\"@type\":\"PropertyValueSpecification\",\"valueRequired\":true,\"valueName\":\"search_term_string\"}}],\"inLanguage\":\"en-US\"},{\"@type\":\"Organization\",\"@id\":\"https:\/\/andarclinic.com\/#organization\",\"name\":\"Andar Clinic\",\"url\":\"https:\/\/andarclinic.com\/\",\"logo\":{\"@type\":\"ImageObject\",\"inLanguage\":\"en-US\",\"@id\":\"https:\/\/andarclinic.com\/#\/schema\/logo\/image\/\",\"url\":\"https:\/\/andarclinic.com\/staging\/8811\/wp-content\/uploads\/2023\/12\/LogotipoFullGreen_212.png\",\"contentUrl\":\"https:\/\/andarclinic.com\/staging\/8811\/wp-content\/uploads\/2023\/12\/LogotipoFullGreen_212.png\",\"width\":991,\"height\":288,\"caption\":\"Andar Clinic\"},\"image\":{\"@id\":\"https:\/\/andarclinic.com\/#\/schema\/logo\/image\/\"},\"sameAs\":[\"https:\/\/www.facebook.com\/andarcentroclinico\"]}]}<\/script>\n<!-- \/ Yoast SEO plugin. -->","yoast_head_json":{"title":"Marca\u00e7\u00f5es na Andar Clinic: Agende aqui a sua consulta","description":"Precisa de agendar uma consulta ou agendar um tratamento? As suas marca\u00e7\u00f5es na AndarClinic, em Lisboa, podem ser feitas nesta p\u00e1gina!","robots":{"index":"index","follow":"follow","max-snippet":"max-snippet:-1","max-image-preview":"max-image-preview:large","max-video-preview":"max-video-preview:-1"},"canonical":"https:\/\/andarclinic.com\/staging\/8811\/marcacoes-nutricionista\/","og_locale":"en_US","og_type":"article","og_title":"Marca\u00e7\u00f5es na Andar Clinic: Agende aqui a sua consulta","og_description":"Precisa de agendar uma consulta ou agendar um tratamento? As suas marca\u00e7\u00f5es na AndarClinic, em Lisboa, podem ser feitas nesta p\u00e1gina!","og_url":"https:\/\/andarclinic.com\/staging\/8811\/marcacoes-nutricionista\/","og_site_name":"Andar Clinic","article_publisher":"https:\/\/www.facebook.com\/andarcentroclinico","article_modified_time":"2025-10-28T11:37:38+00:00","og_image":[{"width":991,"height":288,"url":"https:\/\/andarclinic.com\/staging\/8811\/wp-content\/uploads\/2023\/12\/LogotipoFullGreen_212.png","type":"image\/png"}],"twitter_card":"summary_large_image","twitter_misc":{"Est. reading time":"1 minute"},"schema":{"@context":"https:\/\/schema.org","@graph":[{"@type":"WebPage","@id":"https:\/\/andarclinic.com\/staging\/8811\/marcacoes-nutricionista\/","url":"https:\/\/andarclinic.com\/staging\/8811\/marcacoes-nutricionista\/","name":"Marca\u00e7\u00f5es na Andar Clinic: Agende aqui a sua consulta","isPartOf":{"@id":"https:\/\/andarclinic.com\/#website"},"primaryImageOfPage":{"@id":"https:\/\/andarclinic.com\/staging\/8811\/marcacoes-nutricionista\/#primaryimage"},"image":{"@id":"https:\/\/andarclinic.com\/staging\/8811\/marcacoes-nutricionista\/#primaryimage"},"thumbnailUrl":"https:\/\/andarclinic.com\/staging\/8811\/wp-content\/uploads\/2023\/12\/LogotipoFullGreen_212.png","datePublished":"2025-05-19T21:21:04+00:00","dateModified":"2025-10-28T11:37:38+00:00","description":"Precisa de agendar uma consulta ou agendar um tratamento? As suas marca\u00e7\u00f5es na AndarClinic, em Lisboa, podem ser feitas nesta p\u00e1gina!","breadcrumb":{"@id":"https:\/\/andarclinic.com\/staging\/8811\/marcacoes-nutricionista\/#breadcrumb"},"inLanguage":"en-US","potentialAction":[{"@type":"ReadAction","target":["https:\/\/andarclinic.com\/staging\/8811\/marcacoes-nutricionista\/"]}]},{"@type":"ImageObject","inLanguage":"en-US","@id":"https:\/\/andarclinic.com\/staging\/8811\/marcacoes-nutricionista\/#primaryimage","url":"https:\/\/andarclinic.com\/staging\/8811\/wp-content\/uploads\/2023\/12\/LogotipoFullGreen_212.png","contentUrl":"https:\/\/andarclinic.com\/staging\/8811\/wp-content\/uploads\/2023\/12\/LogotipoFullGreen_212.png","width":991,"height":288,"caption":"marca\u00e7\u00f5es"},{"@type":"BreadcrumbList","@id":"https:\/\/andarclinic.com\/staging\/8811\/marcacoes-nutricionista\/#breadcrumb","itemListElement":[{"@type":"ListItem","position":1,"name":"Home","item":"https:\/\/andarclinic.com\/"},{"@type":"ListItem","position":2,"name":"Marca\u00e7\u00f5es &#8211; Nutricionista"}]},{"@type":"WebSite","@id":"https:\/\/andarclinic.com\/#website","url":"https:\/\/andarclinic.com\/","name":"Andar Clinic","description":"Andar para todas as idades - Cl\u00ednica de Podologia, Fisiatria e outras especialidades para ANDAR com seguran\u00e7a e qualidade","publisher":{"@id":"https:\/\/andarclinic.com\/#organization"},"potentialAction":[{"@type":"SearchAction","target":{"@type":"EntryPoint","urlTemplate":"https:\/\/andarclinic.com\/?s={search_term_string}"},"query-input":{"@type":"PropertyValueSpecification","valueRequired":true,"valueName":"search_term_string"}}],"inLanguage":"en-US"},{"@type":"Organization","@id":"https:\/\/andarclinic.com\/#organization","name":"Andar Clinic","url":"https:\/\/andarclinic.com\/","logo":{"@type":"ImageObject","inLanguage":"en-US","@id":"https:\/\/andarclinic.com\/#\/schema\/logo\/image\/","url":"https:\/\/andarclinic.com\/staging\/8811\/wp-content\/uploads\/2023\/12\/LogotipoFullGreen_212.png","contentUrl":"https:\/\/andarclinic.com\/staging\/8811\/wp-content\/uploads\/2023\/12\/LogotipoFullGreen_212.png","width":991,"height":288,"caption":"Andar Clinic"},"image":{"@id":"https:\/\/andarclinic.com\/#\/schema\/logo\/image\/"},"sameAs":["https:\/\/www.facebook.com\/andarcentroclinico"]}]}},"_links":{"self":[{"href":"https:\/\/andarclinic.com\/staging\/8811\/wp-json\/wp\/v2\/pages\/2552","targetHints":{"allow":["GET"]}}],"collection":[{"href":"https:\/\/andarclinic.com\/staging\/8811\/wp-json\/wp\/v2\/pages"}],"about":[{"href":"https:\/\/andarclinic.com\/staging\/8811\/wp-json\/wp\/v2\/types\/page"}],"author":[{"embeddable":true,"href":"https:\/\/andarclinic.com\/staging\/8811\/wp-json\/wp\/v2\/users\/3"}],"replies":[{"embeddable":true,"href":"https:\/\/andarclinic.com\/staging\/8811\/wp-json\/wp\/v2\/comments?post=2552"}],"version-history":[{"count":2,"href":"https:\/\/andarclinic.com\/staging\/8811\/wp-json\/wp\/v2\/pages\/2552\/revisions"}],"predecessor-version":[{"id":2845,"href":"https:\/\/andarclinic.com\/staging\/8811\/wp-json\/wp\/v2\/pages\/2552\/revisions\/2845"}],"wp:featuredmedia":[{"embeddable":true,"href":"https:\/\/andarclinic.com\/staging\/8811\/wp-json\/wp\/v2\/media\/1430"}],"wp:attachment":[{"href":"https:\/\/andarclinic.com\/staging\/8811\/wp-json\/wp\/v2\/media?parent=2552"}],"curies":[{"name":"wp","href":"https:\/\/api.w.org\/{rel}","templated":true}]}}