{"id":2253,"date":"2024-08-16T16:49:05","date_gmt":"2024-08-16T16:49:05","guid":{"rendered":"https:\/\/andarclinic.com\/staging\/8811\/?page_id=2253"},"modified":"2025-09-01T10:54:12","modified_gmt":"2025-09-01T10:54:12","slug":"exames","status":"publish","type":"page","link":"https:\/\/andarclinic.com\/staging\/8811\/exames\/","title":{"rendered":"Exames"},"content":{"rendered":"<p><section id=\"bt_section69ea2e3e631a6\"  class=\"boldSection btDivider topSemiSpaced bottomSemiSpaced btDarkSkin gutter inherit\" style=\"background-color:#0cb8b6;\"><div class=\"port\"><div class=\"boldCell\"><div class=\"boldCellInner\"><div class=\"boldRow  \" ><div class=\"boldRowInner\"><div class=\"rowItem col-md-12 col-ms-12  btTextLeft animate animate-fadein animate-moveleft inherit\"  ><div class=\"rowItemContent\" ><div class=\"btClear btSeparator topExtraSmallSpaced noBorder\" ><hr><\/div><div class=\"btClear btSeparator topExtraSmallSpaced noBorder\" ><hr><\/div><header class=\"header btClear large  btNormalDash\" ><div class=\"dash\"><h2><span class=\"headline\">Exames<\/span><\/h2><\/div><\/header><\/div><\/div><\/div><\/div><\/div><\/div><\/div><\/section><section id=\"bt_section69ea2e3e632d8\"  class=\"boldSection topSemiSpaced bottomSmallSpaced gutter inherit\" ><div class=\"port\"><div class=\"boldCell\"><div class=\"boldCellInner\"><div class=\"boldRow  \" ><div class=\"boldRowInner\"><div class=\"rowItem col-md-6 col-sm-12 btTextLeft animate animate-fadein btTextIndent inherit\"  ><div class=\"rowItemContent\" ><div class=\"bpgPhoto btTextCenter\" ><div class=\"btImage\"><img decoding=\"async\" src=\"\" alt=\"\" title=\"\"><\/div><\/div><div class=\"btIconImageRow btIconsHalfHoverPosition\" ><span class=\"btIco btIcoFilledType btIcoBigSize btIcoAccentColor  btIcoOutline \" ><a href=\"https:\/\/andarclinic.com\/staging\/8811\/especialidades\/podologia\/\"  target = \"no_target\" data-ico-ho=\"&#xe914;\" class=\"btIcoHolder\"><em><\/em><\/a><\/span><\/div><div class=\"btClear btSeparator topExtraSmallSpaced noBorder\" ><hr><\/div><header class=\"header btClear medium  btNormalDash\" ><div class=\"btSuperTitle\">PODOLOGIA<\/div><div class=\"dash\"><h3><span class=\"headline\">Avalia\u00e7\u00e3o Biomec\u00e2nica em Est\u00e1tica e Din\u00e2mica\/Marcha<\/span><\/h3><\/div><\/header><div class=\"btClear btSeparator topExtraSmallSpaced noBorder\" ><hr><\/div><div class=\"btText\" ><p><\/p>\n<\/div><div class=\"btClear btSeparator topSmallSpaced noBorder\" ><hr><\/div><a href=\"https:\/\/andarclinic.com\/staging\/8811\/contactos\/\" class=\"btBtn btBtn btnOutlineStyle btnAlternateColor btnExtraSmall btnNormalWidth btnLeftPosition btnNoIcon\" ><span class=\"btnInnerText\">Saber mais<\/span><\/a><div class=\"btClear btSeparator bottomSpaced noBorder\" ><hr><\/div><\/div><\/div><div class=\"rowItem col-md-6 col-sm-12 btTextLeft animate animate-fadein btTextIndent inherit\"  ><div class=\"rowItemContent\" ><div class=\"bpgPhoto btTextCenter\" ><div class=\"btImage\"><img decoding=\"async\" src=\"\" alt=\"\" title=\"\"><\/div><\/div><div class=\"btIconImageRow btIconsHalfHoverPosition\" ><span class=\"btIco btIcoFilledType btIcoBigSize btIcoAccentColor  btIcoOutline \" ><span  data-ico-ho=\"&#xe905;\" class=\"btIcoHolder\"><em><\/em><\/span><\/span><\/div><div class=\"btClear btSeparator topExtraSmallSpaced noBorder\" ><hr><\/div><header class=\"header btClear medium  btNormalDash\" ><div class=\"btSuperTitle\">ENDOCRINOLOGIA<\/div><div class=\"dash\"><h3><span class=\"headline\">Bioimped\u00e2ncia<br \/><br><\/span><\/h3><\/div><\/header><div class=\"btClear btSeparator topExtraSmallSpaced noBorder\" ><hr><\/div><div class=\"btText\" ><p><\/p>\n<\/div><div class=\"btClear btSeparator topSmallSpaced noBorder\" ><hr><\/div><a href=\"https:\/\/andarclinic.com\/staging\/8811\/exames\/bioimpedancia\/\" class=\"btBtn btBtn btnOutlineStyle btnAlternateColor btnExtraSmall btnNormalWidth btnLeftPosition btnNoIcon\" ><span class=\"btnInnerText\">Saber mais<\/span><\/a><div class=\"btClear btSeparator bottomSpaced noBorder\" ><hr><\/div><\/div><\/div><\/div><\/div><\/div><\/div><\/div><\/section><\/p>\n","protected":false},"excerpt":{"rendered":"","protected":false},"author":3,"featured_media":2291,"parent":0,"menu_order":0,"comment_status":"closed","ping_status":"closed","template":"","meta":{"nf_dc_page":"","footnotes":""},"class_list":["post-2253","page","type-page","status-publish","has-post-thumbnail","hentry"],"yoast_head":"<!-- This site is optimized with the Yoast SEO plugin v26.9 - https:\/\/yoast.com\/product\/yoast-seo-wordpress\/ -->\n<title>Exames diagn\u00f3stico: patologias musculares &amp; podologia<\/title>\n<meta name=\"description\" content=\"Necessita de realizar exames para saber o estado dos seus m\u00fasculos, articula\u00e7\u00f5es, etc.? Na Andar Clinic temos a solu\u00e7\u00e3o!\" \/>\n<meta name=\"robots\" content=\"index, follow, max-snippet:-1, max-image-preview:large, max-video-preview:-1\" \/>\n<link rel=\"canonical\" href=\"https:\/\/andarclinic.com\/staging\/8811\/exames\/\" \/>\n<meta property=\"og:locale\" content=\"en_US\" \/>\n<meta property=\"og:type\" content=\"article\" \/>\n<meta property=\"og:title\" content=\"Exames diagn\u00f3stico: patologias musculares &amp; podologia\" \/>\n<meta property=\"og:description\" content=\"Necessita de realizar exames para saber o estado dos seus m\u00fasculos, articula\u00e7\u00f5es, etc.? Na Andar Clinic temos a solu\u00e7\u00e3o!\" \/>\n<meta property=\"og:url\" content=\"https:\/\/andarclinic.com\/staging\/8811\/exames\/\" \/>\n<meta property=\"og:site_name\" content=\"Andar Clinic\" \/>\n<meta property=\"article:publisher\" content=\"https:\/\/www.facebook.com\/andarcentroclinico\" \/>\n<meta property=\"article:modified_time\" content=\"2025-09-01T10:54:12+00:00\" \/>\n<meta property=\"og:image\" content=\"https:\/\/andarclinic.com\/staging\/8811\/wp-content\/uploads\/2024\/08\/exames-musculos.jpg\" \/>\n\t<meta property=\"og:image:width\" content=\"1280\" \/>\n\t<meta property=\"og:image:height\" content=\"854\" \/>\n\t<meta property=\"og:image:type\" content=\"image\/jpeg\" \/>\n<meta name=\"twitter:card\" content=\"summary_large_image\" \/>\n<meta name=\"twitter:label1\" content=\"Est. reading time\" \/>\n\t<meta name=\"twitter:data1\" content=\"1 minute\" \/>\n<script type=\"application\/ld+json\" class=\"yoast-schema-graph\">{\"@context\":\"https:\/\/schema.org\",\"@graph\":[{\"@type\":\"WebPage\",\"@id\":\"https:\/\/andarclinic.com\/staging\/8811\/exames\/\",\"url\":\"https:\/\/andarclinic.com\/staging\/8811\/exames\/\",\"name\":\"Exames diagn\u00f3stico: patologias musculares & podologia\",\"isPartOf\":{\"@id\":\"https:\/\/andarclinic.com\/#website\"},\"primaryImageOfPage\":{\"@id\":\"https:\/\/andarclinic.com\/staging\/8811\/exames\/#primaryimage\"},\"image\":{\"@id\":\"https:\/\/andarclinic.com\/staging\/8811\/exames\/#primaryimage\"},\"thumbnailUrl\":\"https:\/\/andarclinic.com\/staging\/8811\/wp-content\/uploads\/2024\/08\/exames-musculos.jpg\",\"datePublished\":\"2024-08-16T16:49:05+00:00\",\"dateModified\":\"2025-09-01T10:54:12+00:00\",\"description\":\"Necessita de realizar exames para saber o estado dos seus m\u00fasculos, articula\u00e7\u00f5es, etc.? Na Andar Clinic temos a solu\u00e7\u00e3o!\",\"breadcrumb\":{\"@id\":\"https:\/\/andarclinic.com\/staging\/8811\/exames\/#breadcrumb\"},\"inLanguage\":\"en-US\",\"potentialAction\":[{\"@type\":\"ReadAction\",\"target\":[\"https:\/\/andarclinic.com\/staging\/8811\/exames\/\"]}]},{\"@type\":\"ImageObject\",\"inLanguage\":\"en-US\",\"@id\":\"https:\/\/andarclinic.com\/staging\/8811\/exames\/#primaryimage\",\"url\":\"https:\/\/andarclinic.com\/staging\/8811\/wp-content\/uploads\/2024\/08\/exames-musculos.jpg\",\"contentUrl\":\"https:\/\/andarclinic.com\/staging\/8811\/wp-content\/uploads\/2024\/08\/exames-musculos.jpg\",\"width\":1280,\"height\":854,\"caption\":\"Exames m\u00fasculos\"},{\"@type\":\"BreadcrumbList\",\"@id\":\"https:\/\/andarclinic.com\/staging\/8811\/exames\/#breadcrumb\",\"itemListElement\":[{\"@type\":\"ListItem\",\"position\":1,\"name\":\"Home\",\"item\":\"https:\/\/andarclinic.com\/\"},{\"@type\":\"ListItem\",\"position\":2,\"name\":\"Exames\"}]},{\"@type\":\"WebSite\",\"@id\":\"https:\/\/andarclinic.com\/#website\",\"url\":\"https:\/\/andarclinic.com\/\",\"name\":\"Andar Clinic\",\"description\":\"Andar para todas as idades - Cl\u00ednica de Podologia, Fisiatria e outras especialidades para ANDAR com seguran\u00e7a e qualidade\",\"publisher\":{\"@id\":\"https:\/\/andarclinic.com\/#organization\"},\"potentialAction\":[{\"@type\":\"SearchAction\",\"target\":{\"@type\":\"EntryPoint\",\"urlTemplate\":\"https:\/\/andarclinic.com\/?s={search_term_string}\"},\"query-input\":{\"@type\":\"PropertyValueSpecification\",\"valueRequired\":true,\"valueName\":\"search_term_string\"}}],\"inLanguage\":\"en-US\"},{\"@type\":\"Organization\",\"@id\":\"https:\/\/andarclinic.com\/#organization\",\"name\":\"Andar Clinic\",\"url\":\"https:\/\/andarclinic.com\/\",\"logo\":{\"@type\":\"ImageObject\",\"inLanguage\":\"en-US\",\"@id\":\"https:\/\/andarclinic.com\/#\/schema\/logo\/image\/\",\"url\":\"https:\/\/andarclinic.com\/staging\/8811\/wp-content\/uploads\/2023\/12\/LogotipoFullGreen_212.png\",\"contentUrl\":\"https:\/\/andarclinic.com\/staging\/8811\/wp-content\/uploads\/2023\/12\/LogotipoFullGreen_212.png\",\"width\":991,\"height\":288,\"caption\":\"Andar Clinic\"},\"image\":{\"@id\":\"https:\/\/andarclinic.com\/#\/schema\/logo\/image\/\"},\"sameAs\":[\"https:\/\/www.facebook.com\/andarcentroclinico\"]}]}<\/script>\n<!-- \/ Yoast SEO plugin. -->","yoast_head_json":{"title":"Exames diagn\u00f3stico: patologias musculares & podologia","description":"Necessita de realizar exames para saber o estado dos seus m\u00fasculos, articula\u00e7\u00f5es, etc.? Na Andar Clinic temos a solu\u00e7\u00e3o!","robots":{"index":"index","follow":"follow","max-snippet":"max-snippet:-1","max-image-preview":"max-image-preview:large","max-video-preview":"max-video-preview:-1"},"canonical":"https:\/\/andarclinic.com\/staging\/8811\/exames\/","og_locale":"en_US","og_type":"article","og_title":"Exames diagn\u00f3stico: patologias musculares & podologia","og_description":"Necessita de realizar exames para saber o estado dos seus m\u00fasculos, articula\u00e7\u00f5es, etc.? Na Andar Clinic temos a solu\u00e7\u00e3o!","og_url":"https:\/\/andarclinic.com\/staging\/8811\/exames\/","og_site_name":"Andar Clinic","article_publisher":"https:\/\/www.facebook.com\/andarcentroclinico","article_modified_time":"2025-09-01T10:54:12+00:00","og_image":[{"width":1280,"height":854,"url":"https:\/\/andarclinic.com\/staging\/8811\/wp-content\/uploads\/2024\/08\/exames-musculos.jpg","type":"image\/jpeg"}],"twitter_card":"summary_large_image","twitter_misc":{"Est. reading time":"1 minute"},"schema":{"@context":"https:\/\/schema.org","@graph":[{"@type":"WebPage","@id":"https:\/\/andarclinic.com\/staging\/8811\/exames\/","url":"https:\/\/andarclinic.com\/staging\/8811\/exames\/","name":"Exames diagn\u00f3stico: patologias musculares & podologia","isPartOf":{"@id":"https:\/\/andarclinic.com\/#website"},"primaryImageOfPage":{"@id":"https:\/\/andarclinic.com\/staging\/8811\/exames\/#primaryimage"},"image":{"@id":"https:\/\/andarclinic.com\/staging\/8811\/exames\/#primaryimage"},"thumbnailUrl":"https:\/\/andarclinic.com\/staging\/8811\/wp-content\/uploads\/2024\/08\/exames-musculos.jpg","datePublished":"2024-08-16T16:49:05+00:00","dateModified":"2025-09-01T10:54:12+00:00","description":"Necessita de realizar exames para saber o estado dos seus m\u00fasculos, articula\u00e7\u00f5es, etc.? Na Andar Clinic temos a solu\u00e7\u00e3o!","breadcrumb":{"@id":"https:\/\/andarclinic.com\/staging\/8811\/exames\/#breadcrumb"},"inLanguage":"en-US","potentialAction":[{"@type":"ReadAction","target":["https:\/\/andarclinic.com\/staging\/8811\/exames\/"]}]},{"@type":"ImageObject","inLanguage":"en-US","@id":"https:\/\/andarclinic.com\/staging\/8811\/exames\/#primaryimage","url":"https:\/\/andarclinic.com\/staging\/8811\/wp-content\/uploads\/2024\/08\/exames-musculos.jpg","contentUrl":"https:\/\/andarclinic.com\/staging\/8811\/wp-content\/uploads\/2024\/08\/exames-musculos.jpg","width":1280,"height":854,"caption":"Exames m\u00fasculos"},{"@type":"BreadcrumbList","@id":"https:\/\/andarclinic.com\/staging\/8811\/exames\/#breadcrumb","itemListElement":[{"@type":"ListItem","position":1,"name":"Home","item":"https:\/\/andarclinic.com\/"},{"@type":"ListItem","position":2,"name":"Exames"}]},{"@type":"WebSite","@id":"https:\/\/andarclinic.com\/#website","url":"https:\/\/andarclinic.com\/","name":"Andar Clinic","description":"Andar para todas as idades - Cl\u00ednica de Podologia, Fisiatria e outras especialidades para ANDAR com seguran\u00e7a e qualidade","publisher":{"@id":"https:\/\/andarclinic.com\/#organization"},"potentialAction":[{"@type":"SearchAction","target":{"@type":"EntryPoint","urlTemplate":"https:\/\/andarclinic.com\/?s={search_term_string}"},"query-input":{"@type":"PropertyValueSpecification","valueRequired":true,"valueName":"search_term_string"}}],"inLanguage":"en-US"},{"@type":"Organization","@id":"https:\/\/andarclinic.com\/#organization","name":"Andar Clinic","url":"https:\/\/andarclinic.com\/","logo":{"@type":"ImageObject","inLanguage":"en-US","@id":"https:\/\/andarclinic.com\/#\/schema\/logo\/image\/","url":"https:\/\/andarclinic.com\/staging\/8811\/wp-content\/uploads\/2023\/12\/LogotipoFullGreen_212.png","contentUrl":"https:\/\/andarclinic.com\/staging\/8811\/wp-content\/uploads\/2023\/12\/LogotipoFullGreen_212.png","width":991,"height":288,"caption":"Andar Clinic"},"image":{"@id":"https:\/\/andarclinic.com\/#\/schema\/logo\/image\/"},"sameAs":["https:\/\/www.facebook.com\/andarcentroclinico"]}]}},"_links":{"self":[{"href":"https:\/\/andarclinic.com\/staging\/8811\/wp-json\/wp\/v2\/pages\/2253","targetHints":{"allow":["GET"]}}],"collection":[{"href":"https:\/\/andarclinic.com\/staging\/8811\/wp-json\/wp\/v2\/pages"}],"about":[{"href":"https:\/\/andarclinic.com\/staging\/8811\/wp-json\/wp\/v2\/types\/page"}],"author":[{"embeddable":true,"href":"https:\/\/andarclinic.com\/staging\/8811\/wp-json\/wp\/v2\/users\/3"}],"replies":[{"embeddable":true,"href":"https:\/\/andarclinic.com\/staging\/8811\/wp-json\/wp\/v2\/comments?post=2253"}],"version-history":[{"count":13,"href":"https:\/\/andarclinic.com\/staging\/8811\/wp-json\/wp\/v2\/pages\/2253\/revisions"}],"predecessor-version":[{"id":2718,"href":"https:\/\/andarclinic.com\/staging\/8811\/wp-json\/wp\/v2\/pages\/2253\/revisions\/2718"}],"wp:featuredmedia":[{"embeddable":true,"href":"https:\/\/andarclinic.com\/staging\/8811\/wp-json\/wp\/v2\/media\/2291"}],"wp:attachment":[{"href":"https:\/\/andarclinic.com\/staging\/8811\/wp-json\/wp\/v2\/media?parent=2253"}],"curies":[{"name":"wp","href":"https:\/\/api.w.org\/{rel}","templated":true}]}}