{"id":2123,"date":"2024-07-16T14:12:12","date_gmt":"2024-07-16T14:12:12","guid":{"rendered":"https:\/\/andarclinic.com\/staging\/8811\/?page_id=2123"},"modified":"2024-08-16T17:31:31","modified_gmt":"2024-08-16T17:31:31","slug":"reumatologia","status":"publish","type":"page","link":"https:\/\/andarclinic.com\/staging\/8811\/especialidades\/reumatologia\/","title":{"rendered":"Reumatologia"},"content":{"rendered":"<p><section id=\"bt_section69ea30ea3f941\"  class=\"boldSection btDivider topSemiSpaced bottomSemiSpaced btDarkSkin gutter inherit\" style=\"background-color:#0cb8b6;\"><div class=\"port\"><div class=\"boldCell\"><div class=\"boldCellInner\"><div class=\"boldRow  \" ><div class=\"boldRowInner\"><div class=\"rowItem col-md-12 col-ms-12  btTextLeft animate animate-fadein animate-moveleft inherit\"  ><div class=\"rowItemContent\" ><div class=\"btClear btSeparator topExtraSmallSpaced noBorder\" ><hr><\/div><div class=\"btClear btSeparator topExtraSmallSpaced noBorder\" ><hr><\/div><header class=\"header btClear large  btNormalDash\" ><div class=\"dash\"><h2><span class=\"headline\">Reumatologia<\/span><\/h2><\/div><\/header><\/div><\/div><\/div><\/div><\/div><\/div><\/div><\/section><section id=\"bt_section69ea30ea3fa64\"  class=\"boldSection topSpaced gutter inherit\" ><div class=\"port\"><div class=\"boldCell\"><div class=\"boldCellInner\"><div class=\"boldRow  \" ><div class=\"boldRowInner\"><div class=\"rowItem col-md-6 col-sm-12 btTextLeft animate animate-fadein animate-moveright btMiddleVertical\"  ><div class=\"rowItemContent\" ><div class=\"bpgPhoto btTextCenter\" ><div class=\"btImage\"><img decoding=\"async\" data-src=\"https:\/\/andarclinic.com\/staging\/8811\/wp-content\/uploads\/2024\/07\/53.jpg\" alt=\"Reumatologia, uma das especialidades na Andar Clinic\" title=\"Reumatologia, uma das especialidades na Andar Clinic\" src=\"data:image\/gif;base64,R0lGODlhAQABAAAAACH5BAEKAAEALAAAAAABAAEAAAICTAEAOw==\" class=\"lazyload\" style=\"--smush-placeholder-width: 1200px; --smush-placeholder-aspect-ratio: 1200\/800;\"><\/div><\/div><div class=\"btClear btSeparator topSmallSpaced bottomSmallSpaced noBorder\" ><hr><\/div><\/div><\/div><div class=\"rowItem col-md-6 col-sm-12 btTextLeft animate animate-fadein btMiddleVertical btDoublePadding\"  ><div class=\"rowItemContent\" ><header class=\"header btClear medium  btNormalDash\" ><div class=\"btSuperTitle\">Minimizar o sofrimento<\/div><div class=\"dash\"><h3><span class=\"headline\">Reumatologia<\/span><\/h3><\/div><\/header><div class=\"btClear btSeparator bottomExtraSmallSpaced noBorder\" ><hr><\/div><div class=\"btText\" ><\/p>\n<div class=\"btText\">\n<p>As Doen\u00e7as Reum\u00e1ticas ainda s\u00e3o um fardo dif\u00edcil para quem as sofre, mas n\u00e3o s\u00e3o uma fatalidade nem uma situa\u00e7\u00e3o imposs\u00edvel de se controlar e de se modificar! \u00c9 sempre poss\u00edvel ajudar qualquer doente reum\u00e1tico e melhorar a sua vida!<\/p>\n<p>A consulta de Reumatologia colabora com as restantes especialidades que integram a equipa do Centro Cl\u00ednico Andar e juntos procuramos encontrar respostas e solu\u00e7\u00f5es para as causas de sofrimento e perda da mobilidade e autonomia dos nossos doentes.<\/p>\n<\/div>\n<p>\n<\/div><div class=\"btClear btSeparator bottomSmallSpaced noBorder\" ><hr><\/div><\/div><\/div><\/div><\/div><\/div><\/div><\/div><\/section><section id=\"bt_section69ea30ea3fd70\"  class=\"boldSection topSpaced gutter inherit\" ><div class=\"port\"><div class=\"boldCell\"><div class=\"boldCellInner\"><div class=\"boldRow  \" ><div class=\"boldRowInner\"><div class=\"rowItem col-md-6 col-sm-12 btTextLeft animate animate-fadein btMiddleVertical btDoublePadding\"  ><div class=\"rowItemContent\" ><div class=\"btClear btSeparator bottomExtraSmallSpaced noBorder\" ><hr><\/div><header class=\"header btClear medium  btNormalDash\" ><div class=\"dash\"><h3><span class=\"headline\">Muito se fala sobre o tratamento da dor nas articula\u00e7\u00f5es, mas quando \u00e9 que devemos procurar um Reumatologista?<\/span><\/h3><\/div><\/header><div class=\"btText\" ><\/p>\n<div class=\"btText\">\n<p>&#8211; sempre que tiver uma dor que o desperta durante a noite<br \/>\n&#8211; que \u00e9 pior de manh\u00e3 ao acordar<br \/>\n&#8211; piora quando est\u00e1 quieto<br \/>\n&#8211; melhora com a mobiliza\u00e7\u00e3o<br \/>\nProvavelmente est\u00e1 relacionado com um processo inflamat\u00f3rio, quer seja nas m\u00e3os, p\u00e9s, cotovelos\u2026 Esta Inflama\u00e7\u00e3o pode ser tratada, melhorada, recuperando a sua funcionalidade e bem-estar. E, no Centro Cl\u00ednico Andar, a nossa consulta de Reumatologia pode ajudar.<\/p>\n<\/div>\n<p>\n<\/div><div class=\"btClear btSeparator bottomSmallSpaced noBorder\" ><hr><\/div><a href=\"https:\/\/andarclinic.com\/staging\/8811\/marcacoes\/\" class=\"btBtn btBtn btnFilledStyle btnAccentColor btnSmall btnNormalWidth btnRightPosition btnNoIcon\" ><span class=\"btnInnerText\">Agende a sua consulta<\/span><\/a><div class=\"btClear btSeparator topSmallSpaced bottomSmallSpaced noBorder\" ><hr><\/div><\/div><\/div><div class=\"rowItem col-md-6 col-sm-12 btTextLeft animate animate-fadein animate-moveleft btMiddleVertical\"  ><div class=\"rowItemContent\" ><div class=\"bpgPhoto btTextCenter\" ><div class=\"btImage\"><img decoding=\"async\" data-src=\"https:\/\/andarclinic.com\/staging\/8811\/wp-content\/uploads\/2024\/07\/52.jpg\" alt=\"Reumatologia, uma das especialidades na Andar Clinic\" title=\"Reumatologia, uma das especialidades na Andar Clinic\" src=\"data:image\/gif;base64,R0lGODlhAQABAAAAACH5BAEKAAEALAAAAAABAAEAAAICTAEAOw==\" class=\"lazyload\" style=\"--smush-placeholder-width: 1200px; --smush-placeholder-aspect-ratio: 1200\/800;\"><\/div><\/div><\/div><\/div><\/div><\/div><\/div><\/div><\/div><\/section><section id=\"bt_section69ea30ea40033\"  class=\"boldSection topSpaced gutter inherit\" ><div class=\"port\"><div class=\"boldCell\"><div class=\"boldCellInner\"><\/div><\/div><\/div><\/section><\/p>\n","protected":false},"excerpt":{"rendered":"","protected":false},"author":3,"featured_media":2126,"parent":2261,"menu_order":0,"comment_status":"closed","ping_status":"closed","template":"","meta":{"nf_dc_page":"","footnotes":""},"class_list":["post-2123","page","type-page","status-publish","has-post-thumbnail","hentry"],"yoast_head":"<!-- This site is optimized with the Yoast SEO plugin v26.9 - https:\/\/yoast.com\/product\/yoast-seo-wordpress\/ -->\n<title>Reumatologia no Centro Cl\u00ednico Andar, em Lisboa<\/title>\n<meta name=\"description\" content=\"Muito se fala sobre o tratamento da dor nas articula\u00e7\u00f5es. Mas quando devemos ir a uma consulta de Reumatologia? A ANDAR Clinic explica-lhe.\" \/>\n<meta name=\"robots\" content=\"index, follow, max-snippet:-1, max-image-preview:large, max-video-preview:-1\" \/>\n<link rel=\"canonical\" href=\"https:\/\/andarclinic.com\/staging\/8811\/especialidades\/reumatologia\/\" \/>\n<meta property=\"og:locale\" content=\"en_US\" \/>\n<meta property=\"og:type\" content=\"article\" \/>\n<meta property=\"og:title\" content=\"Reumatologia no Centro Cl\u00ednico Andar, em Lisboa\" \/>\n<meta property=\"og:description\" content=\"Muito se fala sobre o tratamento da dor nas articula\u00e7\u00f5es. Mas quando devemos ir a uma consulta de Reumatologia? A ANDAR Clinic explica-lhe.\" \/>\n<meta property=\"og:url\" content=\"https:\/\/andarclinic.com\/staging\/8811\/especialidades\/reumatologia\/\" \/>\n<meta property=\"og:site_name\" content=\"Andar Clinic\" \/>\n<meta property=\"article:publisher\" content=\"https:\/\/www.facebook.com\/andarcentroclinico\" \/>\n<meta property=\"article:modified_time\" content=\"2024-08-16T17:31:31+00:00\" \/>\n<meta property=\"og:image\" content=\"https:\/\/andarclinic.com\/wp-content\/uploads\/2024\/07\/52.jpg\" \/>\n\t<meta property=\"og:image:width\" content=\"1200\" \/>\n\t<meta property=\"og:image:height\" content=\"800\" \/>\n\t<meta property=\"og:image:type\" content=\"image\/jpeg\" \/>\n<meta name=\"twitter:card\" content=\"summary_large_image\" \/>\n<meta name=\"twitter:label1\" content=\"Est. reading time\" \/>\n\t<meta name=\"twitter:data1\" content=\"2 minutes\" \/>\n<script type=\"application\/ld+json\" class=\"yoast-schema-graph\">{\"@context\":\"https:\/\/schema.org\",\"@graph\":[{\"@type\":\"WebPage\",\"@id\":\"https:\/\/andarclinic.com\/staging\/8811\/especialidades\/reumatologia\/\",\"url\":\"https:\/\/andarclinic.com\/staging\/8811\/especialidades\/reumatologia\/\",\"name\":\"Reumatologia no Centro Cl\u00ednico Andar, em Lisboa\",\"isPartOf\":{\"@id\":\"https:\/\/andarclinic.com\/#website\"},\"primaryImageOfPage\":{\"@id\":\"https:\/\/andarclinic.com\/staging\/8811\/especialidades\/reumatologia\/#primaryimage\"},\"image\":{\"@id\":\"https:\/\/andarclinic.com\/staging\/8811\/especialidades\/reumatologia\/#primaryimage\"},\"thumbnailUrl\":\"https:\/\/andarclinic.com\/staging\/8811\/wp-content\/uploads\/2024\/07\/52.jpg\",\"datePublished\":\"2024-07-16T14:12:12+00:00\",\"dateModified\":\"2024-08-16T17:31:31+00:00\",\"description\":\"Muito se fala sobre o tratamento da dor nas articula\u00e7\u00f5es. Mas quando devemos ir a uma consulta de Reumatologia? A ANDAR Clinic explica-lhe.\",\"breadcrumb\":{\"@id\":\"https:\/\/andarclinic.com\/staging\/8811\/especialidades\/reumatologia\/#breadcrumb\"},\"inLanguage\":\"en-US\",\"potentialAction\":[{\"@type\":\"ReadAction\",\"target\":[\"https:\/\/andarclinic.com\/staging\/8811\/especialidades\/reumatologia\/\"]}]},{\"@type\":\"ImageObject\",\"inLanguage\":\"en-US\",\"@id\":\"https:\/\/andarclinic.com\/staging\/8811\/especialidades\/reumatologia\/#primaryimage\",\"url\":\"https:\/\/andarclinic.com\/staging\/8811\/wp-content\/uploads\/2024\/07\/52.jpg\",\"contentUrl\":\"https:\/\/andarclinic.com\/staging\/8811\/wp-content\/uploads\/2024\/07\/52.jpg\",\"width\":1200,\"height\":800,\"caption\":\"Reumatologia, uma das especialidades na Andar Clinic\"},{\"@type\":\"BreadcrumbList\",\"@id\":\"https:\/\/andarclinic.com\/staging\/8811\/especialidades\/reumatologia\/#breadcrumb\",\"itemListElement\":[{\"@type\":\"ListItem\",\"position\":1,\"name\":\"Home\",\"item\":\"https:\/\/andarclinic.com\/\"},{\"@type\":\"ListItem\",\"position\":2,\"name\":\"Especialidades\",\"item\":\"https:\/\/andarclinic.com\/staging\/8811\/especialidades\/\"},{\"@type\":\"ListItem\",\"position\":3,\"name\":\"Reumatologia\"}]},{\"@type\":\"WebSite\",\"@id\":\"https:\/\/andarclinic.com\/#website\",\"url\":\"https:\/\/andarclinic.com\/\",\"name\":\"Andar Clinic\",\"description\":\"Andar para todas as idades - Cl\u00ednica de Podologia, Fisiatria e outras especialidades para ANDAR com seguran\u00e7a e qualidade\",\"publisher\":{\"@id\":\"https:\/\/andarclinic.com\/#organization\"},\"potentialAction\":[{\"@type\":\"SearchAction\",\"target\":{\"@type\":\"EntryPoint\",\"urlTemplate\":\"https:\/\/andarclinic.com\/?s={search_term_string}\"},\"query-input\":{\"@type\":\"PropertyValueSpecification\",\"valueRequired\":true,\"valueName\":\"search_term_string\"}}],\"inLanguage\":\"en-US\"},{\"@type\":\"Organization\",\"@id\":\"https:\/\/andarclinic.com\/#organization\",\"name\":\"Andar Clinic\",\"url\":\"https:\/\/andarclinic.com\/\",\"logo\":{\"@type\":\"ImageObject\",\"inLanguage\":\"en-US\",\"@id\":\"https:\/\/andarclinic.com\/#\/schema\/logo\/image\/\",\"url\":\"https:\/\/andarclinic.com\/staging\/8811\/wp-content\/uploads\/2023\/12\/LogotipoFullGreen_212.png\",\"contentUrl\":\"https:\/\/andarclinic.com\/staging\/8811\/wp-content\/uploads\/2023\/12\/LogotipoFullGreen_212.png\",\"width\":991,\"height\":288,\"caption\":\"Andar Clinic\"},\"image\":{\"@id\":\"https:\/\/andarclinic.com\/#\/schema\/logo\/image\/\"},\"sameAs\":[\"https:\/\/www.facebook.com\/andarcentroclinico\"]}]}<\/script>\n<!-- \/ Yoast SEO plugin. -->","yoast_head_json":{"title":"Reumatologia no Centro Cl\u00ednico Andar, em Lisboa","description":"Muito se fala sobre o tratamento da dor nas articula\u00e7\u00f5es. Mas quando devemos ir a uma consulta de Reumatologia? A ANDAR Clinic explica-lhe.","robots":{"index":"index","follow":"follow","max-snippet":"max-snippet:-1","max-image-preview":"max-image-preview:large","max-video-preview":"max-video-preview:-1"},"canonical":"https:\/\/andarclinic.com\/staging\/8811\/especialidades\/reumatologia\/","og_locale":"en_US","og_type":"article","og_title":"Reumatologia no Centro Cl\u00ednico Andar, em Lisboa","og_description":"Muito se fala sobre o tratamento da dor nas articula\u00e7\u00f5es. Mas quando devemos ir a uma consulta de Reumatologia? A ANDAR Clinic explica-lhe.","og_url":"https:\/\/andarclinic.com\/staging\/8811\/especialidades\/reumatologia\/","og_site_name":"Andar Clinic","article_publisher":"https:\/\/www.facebook.com\/andarcentroclinico","article_modified_time":"2024-08-16T17:31:31+00:00","og_image":[{"width":1200,"height":800,"url":"https:\/\/andarclinic.com\/wp-content\/uploads\/2024\/07\/52.jpg","type":"image\/jpeg"}],"twitter_card":"summary_large_image","twitter_misc":{"Est. reading time":"2 minutes"},"schema":{"@context":"https:\/\/schema.org","@graph":[{"@type":"WebPage","@id":"https:\/\/andarclinic.com\/staging\/8811\/especialidades\/reumatologia\/","url":"https:\/\/andarclinic.com\/staging\/8811\/especialidades\/reumatologia\/","name":"Reumatologia no Centro Cl\u00ednico Andar, em Lisboa","isPartOf":{"@id":"https:\/\/andarclinic.com\/#website"},"primaryImageOfPage":{"@id":"https:\/\/andarclinic.com\/staging\/8811\/especialidades\/reumatologia\/#primaryimage"},"image":{"@id":"https:\/\/andarclinic.com\/staging\/8811\/especialidades\/reumatologia\/#primaryimage"},"thumbnailUrl":"https:\/\/andarclinic.com\/staging\/8811\/wp-content\/uploads\/2024\/07\/52.jpg","datePublished":"2024-07-16T14:12:12+00:00","dateModified":"2024-08-16T17:31:31+00:00","description":"Muito se fala sobre o tratamento da dor nas articula\u00e7\u00f5es. Mas quando devemos ir a uma consulta de Reumatologia? A ANDAR Clinic explica-lhe.","breadcrumb":{"@id":"https:\/\/andarclinic.com\/staging\/8811\/especialidades\/reumatologia\/#breadcrumb"},"inLanguage":"en-US","potentialAction":[{"@type":"ReadAction","target":["https:\/\/andarclinic.com\/staging\/8811\/especialidades\/reumatologia\/"]}]},{"@type":"ImageObject","inLanguage":"en-US","@id":"https:\/\/andarclinic.com\/staging\/8811\/especialidades\/reumatologia\/#primaryimage","url":"https:\/\/andarclinic.com\/staging\/8811\/wp-content\/uploads\/2024\/07\/52.jpg","contentUrl":"https:\/\/andarclinic.com\/staging\/8811\/wp-content\/uploads\/2024\/07\/52.jpg","width":1200,"height":800,"caption":"Reumatologia, uma das especialidades na Andar Clinic"},{"@type":"BreadcrumbList","@id":"https:\/\/andarclinic.com\/staging\/8811\/especialidades\/reumatologia\/#breadcrumb","itemListElement":[{"@type":"ListItem","position":1,"name":"Home","item":"https:\/\/andarclinic.com\/"},{"@type":"ListItem","position":2,"name":"Especialidades","item":"https:\/\/andarclinic.com\/staging\/8811\/especialidades\/"},{"@type":"ListItem","position":3,"name":"Reumatologia"}]},{"@type":"WebSite","@id":"https:\/\/andarclinic.com\/#website","url":"https:\/\/andarclinic.com\/","name":"Andar Clinic","description":"Andar para todas as idades - Cl\u00ednica de Podologia, Fisiatria e outras especialidades para ANDAR com seguran\u00e7a e qualidade","publisher":{"@id":"https:\/\/andarclinic.com\/#organization"},"potentialAction":[{"@type":"SearchAction","target":{"@type":"EntryPoint","urlTemplate":"https:\/\/andarclinic.com\/?s={search_term_string}"},"query-input":{"@type":"PropertyValueSpecification","valueRequired":true,"valueName":"search_term_string"}}],"inLanguage":"en-US"},{"@type":"Organization","@id":"https:\/\/andarclinic.com\/#organization","name":"Andar Clinic","url":"https:\/\/andarclinic.com\/","logo":{"@type":"ImageObject","inLanguage":"en-US","@id":"https:\/\/andarclinic.com\/#\/schema\/logo\/image\/","url":"https:\/\/andarclinic.com\/staging\/8811\/wp-content\/uploads\/2023\/12\/LogotipoFullGreen_212.png","contentUrl":"https:\/\/andarclinic.com\/staging\/8811\/wp-content\/uploads\/2023\/12\/LogotipoFullGreen_212.png","width":991,"height":288,"caption":"Andar Clinic"},"image":{"@id":"https:\/\/andarclinic.com\/#\/schema\/logo\/image\/"},"sameAs":["https:\/\/www.facebook.com\/andarcentroclinico"]}]}},"_links":{"self":[{"href":"https:\/\/andarclinic.com\/staging\/8811\/wp-json\/wp\/v2\/pages\/2123","targetHints":{"allow":["GET"]}}],"collection":[{"href":"https:\/\/andarclinic.com\/staging\/8811\/wp-json\/wp\/v2\/pages"}],"about":[{"href":"https:\/\/andarclinic.com\/staging\/8811\/wp-json\/wp\/v2\/types\/page"}],"author":[{"embeddable":true,"href":"https:\/\/andarclinic.com\/staging\/8811\/wp-json\/wp\/v2\/users\/3"}],"replies":[{"embeddable":true,"href":"https:\/\/andarclinic.com\/staging\/8811\/wp-json\/wp\/v2\/comments?post=2123"}],"version-history":[{"count":7,"href":"https:\/\/andarclinic.com\/staging\/8811\/wp-json\/wp\/v2\/pages\/2123\/revisions"}],"predecessor-version":[{"id":2242,"href":"https:\/\/andarclinic.com\/staging\/8811\/wp-json\/wp\/v2\/pages\/2123\/revisions\/2242"}],"up":[{"embeddable":true,"href":"https:\/\/andarclinic.com\/staging\/8811\/wp-json\/wp\/v2\/pages\/2261"}],"wp:featuredmedia":[{"embeddable":true,"href":"https:\/\/andarclinic.com\/staging\/8811\/wp-json\/wp\/v2\/media\/2126"}],"wp:attachment":[{"href":"https:\/\/andarclinic.com\/staging\/8811\/wp-json\/wp\/v2\/media?parent=2123"}],"curies":[{"name":"wp","href":"https:\/\/api.w.org\/{rel}","templated":true}]}}