{"id":1984,"date":"2024-06-21T14:28:44","date_gmt":"2024-06-21T14:28:44","guid":{"rendered":"https:\/\/andarclinic.com\/staging\/8811\/?page_id=1984"},"modified":"2024-08-16T17:31:03","modified_gmt":"2024-08-16T17:31:03","slug":"fisioterapia","status":"publish","type":"page","link":"https:\/\/andarclinic.com\/staging\/8811\/especialidades\/fisioterapia\/","title":{"rendered":"Fisioterapia"},"content":{"rendered":"<p><section id=\"bt_section69ea2db2a578d\"  class=\"boldSection btDivider topSemiSpaced bottomSemiSpaced btDarkSkin gutter inherit\" style=\"background-color:#0cb8b6;\"><div class=\"port\"><div class=\"boldCell\"><div class=\"boldCellInner\"><div class=\"boldRow  \" ><div class=\"boldRowInner\"><div class=\"rowItem col-md-12 col-ms-12  btTextLeft animate animate-fadein animate-moveleft inherit\"  ><div class=\"rowItemContent\" ><div class=\"btClear btSeparator topExtraSmallSpaced noBorder\" ><hr><\/div><div class=\"btClear btSeparator topExtraSmallSpaced noBorder\" ><hr><\/div><header class=\"header btClear large  btNormalDash\" ><div class=\"dash\"><h2><span class=\"headline\">Fisioterapia<\/span><\/h2><\/div><\/header><\/div><\/div><\/div><\/div><\/div><\/div><\/div><\/section><section id=\"bt_section69ea2db2a58c0\"  class=\"boldSection topSpaced gutter inherit\" ><div class=\"port\"><div class=\"boldCell\"><div class=\"boldCellInner\"><div class=\"boldRow  \" ><div class=\"boldRowInner\"><div class=\"rowItem col-md-6 col-sm-12 btTextLeft animate animate-fadein animate-moveleft btMiddleVertical\"  ><div class=\"rowItemContent\" ><div class=\"bpgPhoto btTextCenter\" ><div class=\"btImage\"><img decoding=\"async\" data-src=\"https:\/\/andarclinic.com\/staging\/8811\/wp-content\/uploads\/2024\/06\/fisioterapia-andarclinic.jpg\" alt=\"Fisioterapia, uma das especialidades na Andar Clinic\" title=\"Fisioterapia, uma das especialidades na Andar Clinic\" src=\"data:image\/gif;base64,R0lGODlhAQABAAAAACH5BAEKAAEALAAAAAABAAEAAAICTAEAOw==\" class=\"lazyload\" style=\"--smush-placeholder-width: 1400px; --smush-placeholder-aspect-ratio: 1400\/1000;\"><\/div><\/div><div class=\"btClear btSeparator topSmallSpaced bottomSmallSpaced noBorder\" ><hr><\/div><\/div><\/div><div class=\"rowItem col-md-6 col-sm-12 btTextLeft animate animate-fadein btMiddleVertical btDoublePadding\"  ><div class=\"rowItemContent\" ><header class=\"header btClear medium  btNormalDash\" ><div class=\"btSuperTitle\">Promo\u00e7\u00e3o da sa\u00fade<\/div><div class=\"dash\"><h3><span class=\"headline\">Fisioterapia<\/span><\/h3><\/div><\/header><div class=\"btClear btSeparator bottomExtraSmallSpaced noBorder\" ><hr><\/div><div class=\"btText\" ><\/p>\n<div class=\"btText\">\n<p>O Fisioterapeuta \u00e9 um profissional de sa\u00fade altamente qualificado e aut\u00f3nomo. Este interv\u00e9m na promo\u00e7\u00e3o da sa\u00fade e preven\u00e7\u00e3o da doen\u00e7a, al\u00e9m da sua reconhecida interven\u00e7\u00e3o a n\u00edvel do tratamento e reabilita\u00e7\u00e3o de diferentes condi\u00e7\u00f5es cl\u00ednicas. Utiliza o potencial de movimento de cada indiv\u00edduo para restabelecer a sua melhor capacidade, contribuindo para a melhoria da sua sa\u00fade ao longo da vida.<br \/>\nAssim, a avalia\u00e7\u00e3o do Fisioterapeuta \u00e9 a base da sua interven\u00e7\u00e3o. Onde, al\u00e9m de se identificar poss\u00edveis estruturas lesadas, as necessidades e objetivos do indiv\u00edduo se tornam a ess\u00eancia da mesma. <strong>No <a href=\"https:\/\/andarclinic.com\/staging\/8811\/\">Centro Cl\u00ednico Andar<\/a><\/strong> a qualidade de vida e a busca pela Autonomia do paciente s\u00e3o sempre os focos do Fisioterapeuta. Sendo, por isso, os objetivos da interven\u00e7\u00e3o estabelecidos consoante a necessidade e compromisso do indiv\u00edduo, de modo a atingir a excel\u00eancia dos cuidados de sa\u00fade.<\/p>\n<\/div>\n<p>\n<\/div><div class=\"btClear btSeparator bottomSmallSpaced noBorder\" ><hr><\/div><\/div><\/div><\/div><\/div><\/div><\/div><\/div><\/section><section id=\"bt_section69ea2db2a5b65\"  class=\"boldSection topSpaced gutter inherit\" ><div class=\"port\"><div class=\"boldCell\"><div class=\"boldCellInner\"><div class=\"boldRow  \" ><div class=\"boldRowInner\"><div class=\"rowItem col-md-6 col-sm-12 btTextLeft animate animate-fadein btMiddleVertical btDoublePadding\"  ><div class=\"rowItemContent\" ><header class=\"header btClear medium  btNormalDash\" ><div class=\"dash\"><h3><span class=\"headline\">Fisioterapia Laboral<\/span><\/h3><\/div><\/header><div class=\"btClear btSeparator bottomExtraSmallSpaced noBorder\" ><hr><\/div><div class=\"btText\" ><\/p>\n<div class=\"btText\">\n<p>A import\u00e2ncia da presen\u00e7a da fisioterapia do trabalho surge com o crescimento das organiza\u00e7\u00f5es e a exig\u00eancia das tarefas, pela sua complexidade ou car\u00e1cter repetitivo, havendo, no atual contexto socioecon\u00f3mico, um crescente aumento da preval\u00eancia dos dist\u00farbios osteomusculares relacionados ao trabalho.<\/p>\n<p>O fisioterapeuta atua no contexto empresarial visando melhorar a qualidade de vida dos trabalhadores atrav\u00e9s da avalia\u00e7\u00e3o do contexto laboral do indiv\u00edduo, da preven\u00e7\u00e3o de ocorr\u00eancias e do tratamento no caso da presen\u00e7a de les\u00f5es.<\/p>\n<p>Ao prevenir doen\u00e7as cr\u00f3nicas e dist\u00farbios osteomusculares que possam ser resultado de les\u00f5es adquiridas por esfor\u00e7o repetitivo e, por consequ\u00eancia, levar \u00e0 diminui\u00e7\u00e3o tempor\u00e1ria ou permanente da produtividade, a fisioterapia desempenha um papel significativo na sa\u00fade do trabalhador.<\/p>\n<p>A avalia\u00e7\u00e3o da ergonomia do espa\u00e7o de trabalho e a aplica\u00e7\u00e3o de interven\u00e7\u00f5es preventivas que favore\u00e7am a redu\u00e7\u00e3o do stresse ocupacional, promovam a melhoria da postura e otimizem os movimentos realizados durante a atividade, s\u00e3o essenciais para minimizar riscos de les\u00e3o no desempenho da pr\u00e1tica laboral.<br \/>\nCom a fisioterapia preventiva \u00e9 poss\u00edvel providenciar condi\u00e7\u00f5es de conforto e seguran\u00e7a aos empregados, obtendo-se assim a melhoria da qualidade do ambiente de trabalho e consequentes diminui\u00e7\u00f5es da aus\u00eancia por les\u00e3o, aumento da produtividade e redu\u00e7\u00e3o dos custos de produ\u00e7\u00e3o.<br \/>\nTorna-se evidente a necessidade de implementar programas terap\u00eauticos adequados ao contexto laboral que possam ser aplicados no pr\u00f3prio ambiente de trabalho com o intuito de beneficiar a sa\u00fade do profissional e, ao mesmo tempo, o rendimento da empresa.<\/p>\n<\/div>\n<p>\n<\/div><div class=\"btClear btSeparator bottomSmallSpaced noBorder\" ><hr><\/div><\/div><\/div><div class=\"rowItem col-md-6 col-sm-12 btTextLeft animate animate-fadein animate-moveright btMiddleVertical\"  ><div class=\"rowItemContent\" ><div class=\"bpgPhoto btTextCenter\" ><div class=\"btImage\"><img decoding=\"async\" data-src=\"https:\/\/andarclinic.com\/staging\/8811\/wp-content\/uploads\/2024\/07\/fisioterapia-laboral.jpg\" alt=\"Fisioterapia Laboral\" title=\"Fisioterapia Laboral\" src=\"data:image\/gif;base64,R0lGODlhAQABAAAAACH5BAEKAAEALAAAAAABAAEAAAICTAEAOw==\" class=\"lazyload\" style=\"--smush-placeholder-width: 1200px; --smush-placeholder-aspect-ratio: 1200\/800;\"><\/div><\/div><div class=\"btClear btSeparator topSmallSpaced bottomSmallSpaced noBorder\" ><hr><\/div><\/div><\/div><\/div><\/div><\/div><\/div><\/div><\/section><section id=\"bt_section69ea2db2a5d53\"  class=\"boldSection topSpaced gutter inherit\" ><div class=\"port\"><div class=\"boldCell\"><div class=\"boldCellInner\"><div class=\"boldRow  \" ><div class=\"boldRowInner\"><div class=\"rowItem col-md-12 col-ms-12  btTextLeft animate animate-fadein btMiddleVertical btDoublePadding\"  ><div class=\"rowItemContent\" ><header class=\"header btClear medium  btNormalDash\" ><div class=\"dash\"><h3><span class=\"headline\">Como podemos ajudar?<\/span><\/h3><\/div><\/header><div class=\"btText\" ><\/p>\n<div class=\"btText\">\n<p><strong>No Centro Cl\u00ednico Andar<\/strong> cada \u00e1rea de interven\u00e7\u00e3o da Fisioterapia (m\u00fasculo-esquel\u00e9tica, cardio-pulmonar, neuromuscular, desporto, sa\u00fade da mulher, entre outras\u2026) possui um conjunto de t\u00e9cnicas especializadas pr\u00f3prias baseadas na evid\u00eancia cient\u00edfica.<\/p>\n<p>Em suma, para al\u00e9m da aplica\u00e7\u00e3o de exerc\u00edcios espec\u00edficos \u00e0 condi\u00e7\u00e3o cl\u00ednica do indiv\u00edduo, em acompanhamento, damos tamb\u00e9m primazia a t\u00e9cnicas \u201chands on\u201d, como mobiliza\u00e7\u00e3o articular, tecidular (cicatricial e muscular).<\/p>\n<\/div>\n<p>\n<\/div><div class=\"btClear btSeparator bottomSmallSpaced noBorder\" ><hr><\/div><a href=\"https:\/\/andarclinic.com\/staging\/8811\/marcacoes\/\" class=\"btBtn btBtn btnFilledStyle btnAccentColor btnSmall btnNormalWidth btnRightPosition btnNoIcon\" ><span class=\"btnInnerText\">Agende a sua consulta<\/span><\/a><div class=\"btClear btSeparator topSmallSpaced bottomSmallSpaced noBorder\" ><hr><\/div><\/div><\/div><\/div><\/div><\/div><\/div><\/div><\/section><\/p>\n","protected":false},"excerpt":{"rendered":"","protected":false},"author":3,"featured_media":0,"parent":2261,"menu_order":0,"comment_status":"closed","ping_status":"closed","template":"","meta":{"nf_dc_page":"","footnotes":""},"class_list":["post-1984","page","type-page","status-publish","hentry"],"yoast_head":"<!-- This site is optimized with the Yoast SEO plugin v26.9 - https:\/\/yoast.com\/product\/yoast-seo-wordpress\/ -->\n<title>Fisioterapia no Centro Cl\u00ednico Andar | Lisboa<\/title>\n<meta name=\"description\" content=\"Tem problemas ao n\u00edvel da mobilidade e autonomia? Descubra como a Fisioterapia da AndarClinic pode ajudar a melhorar a sua sa\u00fade.\" \/>\n<meta name=\"robots\" content=\"index, follow, max-snippet:-1, max-image-preview:large, max-video-preview:-1\" \/>\n<link rel=\"canonical\" href=\"https:\/\/andarclinic.com\/staging\/8811\/especialidades\/fisioterapia\/\" \/>\n<meta property=\"og:locale\" content=\"en_US\" \/>\n<meta property=\"og:type\" content=\"article\" \/>\n<meta property=\"og:title\" content=\"Fisioterapia no Centro Cl\u00ednico Andar | Lisboa\" \/>\n<meta property=\"og:description\" content=\"Tem problemas ao n\u00edvel da mobilidade e autonomia? Descubra como a Fisioterapia da AndarClinic pode ajudar a melhorar a sua sa\u00fade.\" \/>\n<meta property=\"og:url\" content=\"https:\/\/andarclinic.com\/staging\/8811\/especialidades\/fisioterapia\/\" \/>\n<meta property=\"og:site_name\" content=\"Andar Clinic\" \/>\n<meta property=\"article:publisher\" content=\"https:\/\/www.facebook.com\/andarcentroclinico\" \/>\n<meta property=\"article:modified_time\" content=\"2024-08-16T17:31:03+00:00\" \/>\n<meta name=\"twitter:card\" content=\"summary_large_image\" \/>\n<meta name=\"twitter:label1\" content=\"Est. reading time\" \/>\n\t<meta name=\"twitter:data1\" content=\"3 minutes\" \/>\n<script type=\"application\/ld+json\" class=\"yoast-schema-graph\">{\"@context\":\"https:\/\/schema.org\",\"@graph\":[{\"@type\":\"WebPage\",\"@id\":\"https:\/\/andarclinic.com\/staging\/8811\/especialidades\/fisioterapia\/\",\"url\":\"https:\/\/andarclinic.com\/staging\/8811\/especialidades\/fisioterapia\/\",\"name\":\"Fisioterapia no Centro Cl\u00ednico Andar | Lisboa\",\"isPartOf\":{\"@id\":\"https:\/\/andarclinic.com\/#website\"},\"datePublished\":\"2024-06-21T14:28:44+00:00\",\"dateModified\":\"2024-08-16T17:31:03+00:00\",\"description\":\"Tem problemas ao n\u00edvel da mobilidade e autonomia? Descubra como a Fisioterapia da AndarClinic pode ajudar a melhorar a sua sa\u00fade.\",\"breadcrumb\":{\"@id\":\"https:\/\/andarclinic.com\/staging\/8811\/especialidades\/fisioterapia\/#breadcrumb\"},\"inLanguage\":\"en-US\",\"potentialAction\":[{\"@type\":\"ReadAction\",\"target\":[\"https:\/\/andarclinic.com\/staging\/8811\/especialidades\/fisioterapia\/\"]}]},{\"@type\":\"BreadcrumbList\",\"@id\":\"https:\/\/andarclinic.com\/staging\/8811\/especialidades\/fisioterapia\/#breadcrumb\",\"itemListElement\":[{\"@type\":\"ListItem\",\"position\":1,\"name\":\"Home\",\"item\":\"https:\/\/andarclinic.com\/\"},{\"@type\":\"ListItem\",\"position\":2,\"name\":\"Especialidades\",\"item\":\"https:\/\/andarclinic.com\/staging\/8811\/especialidades\/\"},{\"@type\":\"ListItem\",\"position\":3,\"name\":\"Fisioterapia\"}]},{\"@type\":\"WebSite\",\"@id\":\"https:\/\/andarclinic.com\/#website\",\"url\":\"https:\/\/andarclinic.com\/\",\"name\":\"Andar Clinic\",\"description\":\"Andar para todas as idades - Cl\u00ednica de Podologia, Fisiatria e outras especialidades para ANDAR com seguran\u00e7a e qualidade\",\"publisher\":{\"@id\":\"https:\/\/andarclinic.com\/#organization\"},\"potentialAction\":[{\"@type\":\"SearchAction\",\"target\":{\"@type\":\"EntryPoint\",\"urlTemplate\":\"https:\/\/andarclinic.com\/?s={search_term_string}\"},\"query-input\":{\"@type\":\"PropertyValueSpecification\",\"valueRequired\":true,\"valueName\":\"search_term_string\"}}],\"inLanguage\":\"en-US\"},{\"@type\":\"Organization\",\"@id\":\"https:\/\/andarclinic.com\/#organization\",\"name\":\"Andar Clinic\",\"url\":\"https:\/\/andarclinic.com\/\",\"logo\":{\"@type\":\"ImageObject\",\"inLanguage\":\"en-US\",\"@id\":\"https:\/\/andarclinic.com\/#\/schema\/logo\/image\/\",\"url\":\"https:\/\/andarclinic.com\/staging\/8811\/wp-content\/uploads\/2023\/12\/LogotipoFullGreen_212.png\",\"contentUrl\":\"https:\/\/andarclinic.com\/staging\/8811\/wp-content\/uploads\/2023\/12\/LogotipoFullGreen_212.png\",\"width\":991,\"height\":288,\"caption\":\"Andar Clinic\"},\"image\":{\"@id\":\"https:\/\/andarclinic.com\/#\/schema\/logo\/image\/\"},\"sameAs\":[\"https:\/\/www.facebook.com\/andarcentroclinico\"]}]}<\/script>\n<!-- \/ Yoast SEO plugin. -->","yoast_head_json":{"title":"Fisioterapia no Centro Cl\u00ednico Andar | Lisboa","description":"Tem problemas ao n\u00edvel da mobilidade e autonomia? Descubra como a Fisioterapia da AndarClinic pode ajudar a melhorar a sua sa\u00fade.","robots":{"index":"index","follow":"follow","max-snippet":"max-snippet:-1","max-image-preview":"max-image-preview:large","max-video-preview":"max-video-preview:-1"},"canonical":"https:\/\/andarclinic.com\/staging\/8811\/especialidades\/fisioterapia\/","og_locale":"en_US","og_type":"article","og_title":"Fisioterapia no Centro Cl\u00ednico Andar | Lisboa","og_description":"Tem problemas ao n\u00edvel da mobilidade e autonomia? Descubra como a Fisioterapia da AndarClinic pode ajudar a melhorar a sua sa\u00fade.","og_url":"https:\/\/andarclinic.com\/staging\/8811\/especialidades\/fisioterapia\/","og_site_name":"Andar Clinic","article_publisher":"https:\/\/www.facebook.com\/andarcentroclinico","article_modified_time":"2024-08-16T17:31:03+00:00","twitter_card":"summary_large_image","twitter_misc":{"Est. reading time":"3 minutes"},"schema":{"@context":"https:\/\/schema.org","@graph":[{"@type":"WebPage","@id":"https:\/\/andarclinic.com\/staging\/8811\/especialidades\/fisioterapia\/","url":"https:\/\/andarclinic.com\/staging\/8811\/especialidades\/fisioterapia\/","name":"Fisioterapia no Centro Cl\u00ednico Andar | Lisboa","isPartOf":{"@id":"https:\/\/andarclinic.com\/#website"},"datePublished":"2024-06-21T14:28:44+00:00","dateModified":"2024-08-16T17:31:03+00:00","description":"Tem problemas ao n\u00edvel da mobilidade e autonomia? Descubra como a Fisioterapia da AndarClinic pode ajudar a melhorar a sua sa\u00fade.","breadcrumb":{"@id":"https:\/\/andarclinic.com\/staging\/8811\/especialidades\/fisioterapia\/#breadcrumb"},"inLanguage":"en-US","potentialAction":[{"@type":"ReadAction","target":["https:\/\/andarclinic.com\/staging\/8811\/especialidades\/fisioterapia\/"]}]},{"@type":"BreadcrumbList","@id":"https:\/\/andarclinic.com\/staging\/8811\/especialidades\/fisioterapia\/#breadcrumb","itemListElement":[{"@type":"ListItem","position":1,"name":"Home","item":"https:\/\/andarclinic.com\/"},{"@type":"ListItem","position":2,"name":"Especialidades","item":"https:\/\/andarclinic.com\/staging\/8811\/especialidades\/"},{"@type":"ListItem","position":3,"name":"Fisioterapia"}]},{"@type":"WebSite","@id":"https:\/\/andarclinic.com\/#website","url":"https:\/\/andarclinic.com\/","name":"Andar Clinic","description":"Andar para todas as idades - Cl\u00ednica de Podologia, Fisiatria e outras especialidades para ANDAR com seguran\u00e7a e qualidade","publisher":{"@id":"https:\/\/andarclinic.com\/#organization"},"potentialAction":[{"@type":"SearchAction","target":{"@type":"EntryPoint","urlTemplate":"https:\/\/andarclinic.com\/?s={search_term_string}"},"query-input":{"@type":"PropertyValueSpecification","valueRequired":true,"valueName":"search_term_string"}}],"inLanguage":"en-US"},{"@type":"Organization","@id":"https:\/\/andarclinic.com\/#organization","name":"Andar Clinic","url":"https:\/\/andarclinic.com\/","logo":{"@type":"ImageObject","inLanguage":"en-US","@id":"https:\/\/andarclinic.com\/#\/schema\/logo\/image\/","url":"https:\/\/andarclinic.com\/staging\/8811\/wp-content\/uploads\/2023\/12\/LogotipoFullGreen_212.png","contentUrl":"https:\/\/andarclinic.com\/staging\/8811\/wp-content\/uploads\/2023\/12\/LogotipoFullGreen_212.png","width":991,"height":288,"caption":"Andar Clinic"},"image":{"@id":"https:\/\/andarclinic.com\/#\/schema\/logo\/image\/"},"sameAs":["https:\/\/www.facebook.com\/andarcentroclinico"]}]}},"_links":{"self":[{"href":"https:\/\/andarclinic.com\/staging\/8811\/wp-json\/wp\/v2\/pages\/1984","targetHints":{"allow":["GET"]}}],"collection":[{"href":"https:\/\/andarclinic.com\/staging\/8811\/wp-json\/wp\/v2\/pages"}],"about":[{"href":"https:\/\/andarclinic.com\/staging\/8811\/wp-json\/wp\/v2\/types\/page"}],"author":[{"embeddable":true,"href":"https:\/\/andarclinic.com\/staging\/8811\/wp-json\/wp\/v2\/users\/3"}],"replies":[{"embeddable":true,"href":"https:\/\/andarclinic.com\/staging\/8811\/wp-json\/wp\/v2\/comments?post=1984"}],"version-history":[{"count":10,"href":"https:\/\/andarclinic.com\/staging\/8811\/wp-json\/wp\/v2\/pages\/1984\/revisions"}],"predecessor-version":[{"id":2243,"href":"https:\/\/andarclinic.com\/staging\/8811\/wp-json\/wp\/v2\/pages\/1984\/revisions\/2243"}],"up":[{"embeddable":true,"href":"https:\/\/andarclinic.com\/staging\/8811\/wp-json\/wp\/v2\/pages\/2261"}],"wp:attachment":[{"href":"https:\/\/andarclinic.com\/staging\/8811\/wp-json\/wp\/v2\/media?parent=1984"}],"curies":[{"name":"wp","href":"https:\/\/api.w.org\/{rel}","templated":true}]}}