{"id":1832,"date":"2024-06-20T17:34:21","date_gmt":"2024-06-20T17:34:21","guid":{"rendered":"https:\/\/andarclinic.com\/staging\/8811\/?page_id=1832"},"modified":"2024-08-16T17:31:10","modified_gmt":"2024-08-16T17:31:10","slug":"neurologia","status":"publish","type":"page","link":"https:\/\/andarclinic.com\/staging\/8811\/especialidades\/neurologia\/","title":{"rendered":"Neurologia"},"content":{"rendered":"<p><section id=\"bt_section69ea2dc72a925\"  class=\"boldSection btDivider topSemiSpaced bottomSemiSpaced btDarkSkin gutter inherit\" style=\"background-color:#0cb8b6;\"><div class=\"port\"><div class=\"boldCell\"><div class=\"boldCellInner\"><div class=\"boldRow  \" ><div class=\"boldRowInner\"><div class=\"rowItem col-md-12 col-ms-12  btTextLeft animate animate-fadein animate-moveleft inherit\"  ><div class=\"rowItemContent\" ><div class=\"btClear btSeparator topExtraSmallSpaced noBorder\" ><hr><\/div><div class=\"btClear btSeparator topExtraSmallSpaced noBorder\" ><hr><\/div><header class=\"header btClear large  btNormalDash\" ><div class=\"dash\"><h2><span class=\"headline\">Neurologia<\/span><\/h2><\/div><\/header><\/div><\/div><\/div><\/div><\/div><\/div><\/div><\/section><section id=\"bt_section69ea2dc72aa57\"  class=\"boldSection topSpaced gutter inherit\" ><div class=\"port\"><div class=\"boldCell\"><div class=\"boldCellInner\"><div class=\"boldRow  \" ><div class=\"boldRowInner\"><div class=\"rowItem col-md-6 col-sm-12 btTextLeft animate animate-fadein animate-moveright btMiddleVertical\"  ><div class=\"rowItemContent\" ><div class=\"bpgPhoto btTextCenter\" ><div class=\"btImage\"><img decoding=\"async\" data-src=\"https:\/\/andarclinic.com\/staging\/8811\/wp-content\/uploads\/2024\/06\/neurologia-andarclinic-e1718903954340.webp\" alt=\"Neurologia, uma das especialidades na Andar Clinic\" title=\"Neurologia, uma das especialidades na Andar Clinic\" src=\"data:image\/gif;base64,R0lGODlhAQABAAAAACH5BAEKAAEALAAAAAABAAEAAAICTAEAOw==\" class=\"lazyload\" style=\"--smush-placeholder-width: 1200px; --smush-placeholder-aspect-ratio: 1200\/830;\"><\/div><\/div><div class=\"btClear btSeparator bottomSmallSpaced noBorder\" ><hr><\/div><div class=\"btClear btSeparator bottomSmallSpaced noBorder\" ><hr><\/div><\/div><\/div><div class=\"rowItem col-md-6 col-sm-12 btTextLeft animate animate-fadein btMiddleVertical btDoublePadding\"  ><div class=\"rowItemContent\" ><div class=\"btClear btSeparator topSmallSpaced bottomSmallSpaced noBorder bt_bb_hidden_sm bt_bb_hidden_md bt_bb_hidden_lg\" ><hr><\/div><header class=\"header btClear medium  btNormalDash\" ><div class=\"btSuperTitle\">Inova\u00e7\u00f5es e Tratamentos em Neurologia<\/div><div class=\"dash\"><h3><span class=\"headline\">Neurologia<\/span><\/h3><\/div><\/header><div class=\"btClear btSeparator bottomExtraSmallSpaced noBorder\" ><hr><\/div><div class=\"btText\" ><\/p>\n<div class=\"btText\">\n<p>Neurologia \u00e9 uma especialidade m\u00e9dica dedicada \u00e0 preven\u00e7\u00e3o, avalia\u00e7\u00e3o e tratamento das doen\u00e7as que afetam o sistema nervoso, abrangendo tanto o sistema nervoso central quanto o sistema nervoso perif\u00e9rico.<\/p>\n<\/div>\n<p>\n<\/div><div class=\"btClear btSeparator bottomSmallSpaced noBorder\" ><hr><\/div><\/div><\/div><\/div><\/div><\/div><\/div><\/div><\/section><section id=\"bt_section69ea2dc72ad91\"  class=\"boldSection topSpaced gutter inherit\" ><div class=\"port\"><div class=\"boldCell\"><div class=\"boldCellInner\"><div class=\"boldRow  \" ><div class=\"boldRowInner\"><div class=\"rowItem col-md-6 col-sm-12 btTextLeft animate animate-fadein btMiddleVertical btDoublePadding\"  ><div class=\"rowItemContent\" ><header class=\"header btClear medium  btNormalDash\" ><div class=\"btSuperTitle\">O Andar e a Neurologia. <\/div><div class=\"dash\"><h3><span class=\"headline\">Qual a rela\u00e7\u00e3o?<\/span><\/h3><\/div><\/header><div class=\"btClear btSeparator bottomExtraSmallSpaced noBorder\" ><hr><\/div><div class=\"btText\" ><\/p>\n<div class=\"btText\">\n<p>O andar e a neurologia est\u00e3o intrinsecamente ligados, pois o sistema nervoso desempenha um papel fundamental no controlo da marcha e do equil\u00edbrio.<\/p>\n<\/div>\n<p>\n<\/div><div class=\"btClear btSeparator bottomSmallSpaced noBorder\" ><hr><\/div><a href=\"https:\/\/andarclinic.com\/staging\/8811\/marcacoes\/\" class=\"btBtn btBtn btnFilledStyle btnAccentColor btnSmall btnNormalWidth btnInlinePosition btnNoIcon\" ><span class=\"btnInnerText\">MARQUE A SUA CONSULTA<\/span><\/a><div class=\"btClear btSeparator bottomSmallSpaced noBorder\" ><hr><\/div><\/div><\/div><div class=\"rowItem col-md-6 col-sm-12 btTextLeft animate animate-fadein animate-moveleft btMiddleVertical\"  ><div class=\"rowItemContent\" ><div class=\"bpgPhoto btTextCenter\" ><div class=\"btImage\"><img decoding=\"async\" data-src=\"https:\/\/andarclinic.com\/staging\/8811\/wp-content\/uploads\/2024\/01\/SportsClinic.jpg\" alt=\"Andar Clinic\" title=\"Andar Clinic\" src=\"data:image\/gif;base64,R0lGODlhAQABAAAAACH5BAEKAAEALAAAAAABAAEAAAICTAEAOw==\" class=\"lazyload\" style=\"--smush-placeholder-width: 2000px; --smush-placeholder-aspect-ratio: 2000\/1333;\"><\/div><\/div><div class=\"btClear btSeparator bottomSmallSpaced noBorder\" ><hr><\/div><div class=\"btClear btSeparator bottomSmallSpaced noBorder\" ><hr><\/div><\/div><\/div><\/div><\/div><\/div><\/div><\/div><\/section><section id=\"bt_section69ea2dc72b050\"  class=\"boldSection topSpaced gutter inherit\" ><div class=\"port\"><div class=\"boldCell\"><div class=\"boldCellInner\"><div class=\"boldRow  \" ><div class=\"boldRowInner\"><div class=\"rowItem col-md-6 col-sm-12 btTextLeft animate animate-fadein animate-moveright btMiddleVertical\"  ><div class=\"rowItemContent\" ><div class=\"bpgPhoto btTextCenter\" ><div class=\"btImage\"><img decoding=\"async\" data-src=\"https:\/\/andarclinic.com\/staging\/8811\/wp-content\/uploads\/2024\/06\/neurologia-2-andarclinic-1.jpg\" alt=\"Neurologia, uma das especialidades na Andar Clinic\" title=\"Neurologia, uma das especialidades na Andar Clinic\" src=\"data:image\/gif;base64,R0lGODlhAQABAAAAACH5BAEKAAEALAAAAAABAAEAAAICTAEAOw==\" class=\"lazyload\" style=\"--smush-placeholder-width: 1400px; --smush-placeholder-aspect-ratio: 1400\/1200;\"><\/div><\/div><div class=\"btClear btSeparator topSmallSpaced bottomExtraSmallSpaced noBorder\" ><hr><\/div><\/div><\/div><div class=\"rowItem col-md-6 col-sm-12 btTextLeft animate animate-fadein btMiddleVertical btDoublePadding\"  ><div class=\"rowItemContent\" ><div class=\"btClear btSeparator bottomExtraSmallSpaced noBorder bt_bb_hidden_sm bt_bb_hidden_md bt_bb_hidden_lg\" ><hr><\/div><header class=\"header btClear medium  btNormalDash\" ><div class=\"dash\"><h3><span class=\"headline\">S\u00e3o m\u00faltiplas as causas neurol\u00f3gicas que podem condicionar o nosso ANDAR.<br \/><br><\/span><\/h3><\/div><\/header><div class=\"btClear btSeparator bottomExtraSmallSpaced noBorder\" ><hr><\/div><div class=\"btText\" ><\/p>\n<p>\u2981 Dist\u00farbios do Movimento (Isso inclui doen\u00e7as como a doen\u00e7a de Parkinson)<br \/>\n\u2981 Doen\u00e7as Desmielinizantes: A esclerose m\u00faltipla \u00e9 um exemplo<br \/>\n\u2981 Doen\u00e7as Neuromusculares como as miopatias, miastenia e neuropatias<br \/>\n\u2981 Les\u00f5es na coluna, Traumas ou doen\u00e7as que afetam a medula espinhal podem causar dor,paralisia ou fraqueza nos membros inferiores<br \/>\n\u2981 Doen\u00e7as Vasculares Cerebrais<\/p>\n<p>\n<\/div><div class=\"btClear btSeparator bottomSmallSpaced noBorder\" ><hr><\/div><header class=\"header btClear small  btNormalDash\" ><div class=\"dash\"><h4><span class=\"headline\">A avalia\u00e7\u00e3o Neurol\u00f3gica \u00e9 essencial para a determina\u00e7\u00e3o da causa, da localiza\u00e7\u00e3o da les\u00e3o e orienta\u00e7\u00e3o terap\u00eautica, em busca da Autonomia.<\/span><\/h4><\/div><\/header><a href=\"https:\/\/andarclinic.com\/staging\/8811\/marcacoes\/\" class=\"btBtn btBtn btnFilledStyle btnAccentColor btnSmall btnNormalWidth btnInlinePosition btnNoIcon\" ><span class=\"btnInnerText\">MARQUE A SUA CONSULTA<\/span><\/a><div class=\"btClear btSeparator bottomSmallSpaced noBorder\" ><hr><\/div><\/div><\/div><\/div><\/div><\/div><\/div><\/div><\/section><section id=\"bt_section69ea2dc72b2d5\"  class=\"boldSection gutter\" ><div class=\"port\"><div class=\"boldCell\"><div class=\"boldCellInner\"><div class=\"boldRow  \" ><div class=\"boldRowInner\"><div class=\"rowItem col-md-12 col-ms-12  btTextLeft inherit\"  ><div class=\"rowItemContent\" ><div class=\"btClear btSeparator topSmallSpaced bottomSmallSpaced noBorder\" ><hr><\/div><header class=\"header btClear medium  btNormalDash\" ><div class=\"dash\"><h3><span class=\"headline\">20 Situa\u00e7\u00f5es Cl\u00ednicas relacionadas com o Andar em que devemos procurar uma avalia\u00e7\u00e3o neurol\u00f3gica:<\/span><\/h3><\/div><\/header><div class=\"btText\" ><\/p>\n<ol>\n<li>Lentifica\u00e7\u00e3o no <strong>Andar<\/strong><\/li>\n<li>Pequenos passos a <strong>Andar<\/strong><\/li>\n<li>Perda da simetria no <strong>Andar<\/strong> entre o lado esquerdo e o direito<\/li>\n<li>Dificuldade\u00a0em iniciar o <strong>Andar<\/strong><\/li>\n<li>Retropuls\u00e3o \u2014 cair para tr\u00e1s ao <strong>Andar<\/strong><\/li>\n<li>Arrastamento dos dedos do p\u00e9 ao <strong>Andar<\/strong><\/li>\n<li>Circundu\u00e7\u00e3o ao <strong>Andar<\/strong><\/li>\n<li>Inclina\u00e7\u00e3o para a frente ao <strong>Andar<\/strong><\/li>\n<li>Passos curtos que aceleram com o <strong>Andar<\/strong> e come\u00e7am a correr<\/li>\n<li>Inclina\u00e7\u00e3o do corpo para o lado ao <strong>Andar<\/strong><\/li>\n<li>menos for\u00e7a numa das pernas ao <strong>Andar<\/strong><\/li>\n<li>P\u00e9 pendente\u00a0ao <strong>Andar<\/strong> ou acelerar o carro enquanto conduz<\/li>\n<li>Pernas pesadas que agrava com o <strong>Andar<\/strong><\/li>\n<li>T\u00f3nus aumentado ou diminu\u00eddo unilateral, ou bilateral, que dificultam o <strong>Andar<\/strong><\/li>\n<li>Menos for\u00e7a num dos lados do corpo e com a boca ao lado (desvio da comissura labial)<\/li>\n<li><strong>Andar<\/strong> como os patos, necessitando da for\u00e7a das m\u00e3os para se levantar do ch\u00e3o<\/li>\n<li>Menos for\u00e7a nos membros inferiores ao <strong>Andar\u00a0<\/strong><\/li>\n<li>Menos for\u00e7a nos quatro membros ao <strong>Andar<\/strong><\/li>\n<li>Menos for\u00e7a num dos lados do corpo e com menos sensibilidade do lado oposto<\/li>\n<li>Dor com irradia\u00e7\u00e3o para o membro inferior ou para o tronco ao <strong>Andar<\/strong><\/li>\n<\/ol>\n<p>\n<\/div><\/div><\/div><\/div><\/div><\/div><\/div><\/div><\/section><section id=\"bt_section69ea2dc72b449\"  class=\"boldSection gutter\" ><div class=\"port\"><div class=\"boldCell\"><div class=\"boldCellInner\"><div class=\"boldRow  \" ><div class=\"boldRowInner\"><div class=\"rowItem col-md-12 col-ms-12  btTextLeft\"  ><div class=\"rowItemContent\" ><div class=\"btClear btSeparator topSmallSpaced bottomSmallSpaced noBorder\" ><hr><\/div><\/div><\/div><\/div><\/div><\/div><\/div><\/div><\/section><\/p>\n","protected":false},"excerpt":{"rendered":"","protected":false},"author":3,"featured_media":1824,"parent":2261,"menu_order":0,"comment_status":"closed","ping_status":"closed","template":"","meta":{"nf_dc_page":"","footnotes":""},"class_list":["post-1832","page","type-page","status-publish","has-post-thumbnail","hentry"],"yoast_head":"<!-- This site is optimized with the Yoast SEO plugin v26.9 - https:\/\/yoast.com\/product\/yoast-seo-wordpress\/ -->\n<title>Neurologia: Descubra como a AndarClinic pode ajudar<\/title>\n<meta name=\"description\" content=\"Sofre de doen\u00e7as que afetam o sistema nervoso? O Centro Cl\u00ednico Andar \u00e9 o espa\u00e7o ideal para si e disponibiliza a especialidade de neurologia!\" \/>\n<meta name=\"robots\" content=\"index, follow, max-snippet:-1, max-image-preview:large, max-video-preview:-1\" \/>\n<link rel=\"canonical\" href=\"https:\/\/andarclinic.com\/staging\/8811\/especialidades\/neurologia\/\" \/>\n<meta property=\"og:locale\" content=\"en_US\" \/>\n<meta property=\"og:type\" content=\"article\" \/>\n<meta property=\"og:title\" content=\"Neurologia: Descubra como a AndarClinic pode ajudar\" \/>\n<meta property=\"og:description\" content=\"Sofre de doen\u00e7as que afetam o sistema nervoso? O Centro Cl\u00ednico Andar \u00e9 o espa\u00e7o ideal para si e disponibiliza a especialidade de neurologia!\" \/>\n<meta property=\"og:url\" content=\"https:\/\/andarclinic.com\/staging\/8811\/especialidades\/neurologia\/\" \/>\n<meta property=\"og:site_name\" content=\"Andar Clinic\" \/>\n<meta property=\"article:publisher\" content=\"https:\/\/www.facebook.com\/andarcentroclinico\" \/>\n<meta property=\"article:modified_time\" content=\"2024-08-16T17:31:10+00:00\" \/>\n<meta property=\"og:image\" content=\"https:\/\/andarclinic.com\/wp-content\/uploads\/2024\/06\/neurologia-andarclinic.jpg\" \/>\n\t<meta property=\"og:image:width\" content=\"1400\" \/>\n\t<meta property=\"og:image:height\" content=\"1400\" \/>\n\t<meta property=\"og:image:type\" content=\"image\/jpeg\" \/>\n<meta name=\"twitter:card\" content=\"summary_large_image\" \/>\n<meta name=\"twitter:label1\" content=\"Est. reading time\" \/>\n\t<meta name=\"twitter:data1\" content=\"3 minutes\" \/>\n<script type=\"application\/ld+json\" class=\"yoast-schema-graph\">{\"@context\":\"https:\/\/schema.org\",\"@graph\":[{\"@type\":\"WebPage\",\"@id\":\"https:\/\/andarclinic.com\/staging\/8811\/especialidades\/neurologia\/\",\"url\":\"https:\/\/andarclinic.com\/staging\/8811\/especialidades\/neurologia\/\",\"name\":\"Neurologia: Descubra como a AndarClinic pode ajudar\",\"isPartOf\":{\"@id\":\"https:\/\/andarclinic.com\/#website\"},\"primaryImageOfPage\":{\"@id\":\"https:\/\/andarclinic.com\/staging\/8811\/especialidades\/neurologia\/#primaryimage\"},\"image\":{\"@id\":\"https:\/\/andarclinic.com\/staging\/8811\/especialidades\/neurologia\/#primaryimage\"},\"thumbnailUrl\":\"https:\/\/andarclinic.com\/staging\/8811\/wp-content\/uploads\/2024\/06\/neurologia-andarclinic.jpg\",\"datePublished\":\"2024-06-20T17:34:21+00:00\",\"dateModified\":\"2024-08-16T17:31:10+00:00\",\"description\":\"Sofre de doen\u00e7as que afetam o sistema nervoso? O Centro Cl\u00ednico Andar \u00e9 o espa\u00e7o ideal para si e disponibiliza a especialidade de neurologia!\",\"breadcrumb\":{\"@id\":\"https:\/\/andarclinic.com\/staging\/8811\/especialidades\/neurologia\/#breadcrumb\"},\"inLanguage\":\"en-US\",\"potentialAction\":[{\"@type\":\"ReadAction\",\"target\":[\"https:\/\/andarclinic.com\/staging\/8811\/especialidades\/neurologia\/\"]}]},{\"@type\":\"ImageObject\",\"inLanguage\":\"en-US\",\"@id\":\"https:\/\/andarclinic.com\/staging\/8811\/especialidades\/neurologia\/#primaryimage\",\"url\":\"https:\/\/andarclinic.com\/staging\/8811\/wp-content\/uploads\/2024\/06\/neurologia-andarclinic.jpg\",\"contentUrl\":\"https:\/\/andarclinic.com\/staging\/8811\/wp-content\/uploads\/2024\/06\/neurologia-andarclinic.jpg\",\"width\":1400,\"height\":1400,\"caption\":\"Neurologia, uma das especialidades na Andar Clinic\"},{\"@type\":\"BreadcrumbList\",\"@id\":\"https:\/\/andarclinic.com\/staging\/8811\/especialidades\/neurologia\/#breadcrumb\",\"itemListElement\":[{\"@type\":\"ListItem\",\"position\":1,\"name\":\"Home\",\"item\":\"https:\/\/andarclinic.com\/\"},{\"@type\":\"ListItem\",\"position\":2,\"name\":\"Especialidades\",\"item\":\"https:\/\/andarclinic.com\/staging\/8811\/especialidades\/\"},{\"@type\":\"ListItem\",\"position\":3,\"name\":\"Neurologia\"}]},{\"@type\":\"WebSite\",\"@id\":\"https:\/\/andarclinic.com\/#website\",\"url\":\"https:\/\/andarclinic.com\/\",\"name\":\"Andar Clinic\",\"description\":\"Andar para todas as idades - Cl\u00ednica de Podologia, Fisiatria e outras especialidades para ANDAR com seguran\u00e7a e qualidade\",\"publisher\":{\"@id\":\"https:\/\/andarclinic.com\/#organization\"},\"potentialAction\":[{\"@type\":\"SearchAction\",\"target\":{\"@type\":\"EntryPoint\",\"urlTemplate\":\"https:\/\/andarclinic.com\/?s={search_term_string}\"},\"query-input\":{\"@type\":\"PropertyValueSpecification\",\"valueRequired\":true,\"valueName\":\"search_term_string\"}}],\"inLanguage\":\"en-US\"},{\"@type\":\"Organization\",\"@id\":\"https:\/\/andarclinic.com\/#organization\",\"name\":\"Andar Clinic\",\"url\":\"https:\/\/andarclinic.com\/\",\"logo\":{\"@type\":\"ImageObject\",\"inLanguage\":\"en-US\",\"@id\":\"https:\/\/andarclinic.com\/#\/schema\/logo\/image\/\",\"url\":\"https:\/\/andarclinic.com\/staging\/8811\/wp-content\/uploads\/2023\/12\/LogotipoFullGreen_212.png\",\"contentUrl\":\"https:\/\/andarclinic.com\/staging\/8811\/wp-content\/uploads\/2023\/12\/LogotipoFullGreen_212.png\",\"width\":991,\"height\":288,\"caption\":\"Andar Clinic\"},\"image\":{\"@id\":\"https:\/\/andarclinic.com\/#\/schema\/logo\/image\/\"},\"sameAs\":[\"https:\/\/www.facebook.com\/andarcentroclinico\"]}]}<\/script>\n<!-- \/ Yoast SEO plugin. -->","yoast_head_json":{"title":"Neurologia: Descubra como a AndarClinic pode ajudar","description":"Sofre de doen\u00e7as que afetam o sistema nervoso? O Centro Cl\u00ednico Andar \u00e9 o espa\u00e7o ideal para si e disponibiliza a especialidade de neurologia!","robots":{"index":"index","follow":"follow","max-snippet":"max-snippet:-1","max-image-preview":"max-image-preview:large","max-video-preview":"max-video-preview:-1"},"canonical":"https:\/\/andarclinic.com\/staging\/8811\/especialidades\/neurologia\/","og_locale":"en_US","og_type":"article","og_title":"Neurologia: Descubra como a AndarClinic pode ajudar","og_description":"Sofre de doen\u00e7as que afetam o sistema nervoso? O Centro Cl\u00ednico Andar \u00e9 o espa\u00e7o ideal para si e disponibiliza a especialidade de neurologia!","og_url":"https:\/\/andarclinic.com\/staging\/8811\/especialidades\/neurologia\/","og_site_name":"Andar Clinic","article_publisher":"https:\/\/www.facebook.com\/andarcentroclinico","article_modified_time":"2024-08-16T17:31:10+00:00","og_image":[{"width":1400,"height":1400,"url":"https:\/\/andarclinic.com\/wp-content\/uploads\/2024\/06\/neurologia-andarclinic.jpg","type":"image\/jpeg"}],"twitter_card":"summary_large_image","twitter_misc":{"Est. reading time":"3 minutes"},"schema":{"@context":"https:\/\/schema.org","@graph":[{"@type":"WebPage","@id":"https:\/\/andarclinic.com\/staging\/8811\/especialidades\/neurologia\/","url":"https:\/\/andarclinic.com\/staging\/8811\/especialidades\/neurologia\/","name":"Neurologia: Descubra como a AndarClinic pode ajudar","isPartOf":{"@id":"https:\/\/andarclinic.com\/#website"},"primaryImageOfPage":{"@id":"https:\/\/andarclinic.com\/staging\/8811\/especialidades\/neurologia\/#primaryimage"},"image":{"@id":"https:\/\/andarclinic.com\/staging\/8811\/especialidades\/neurologia\/#primaryimage"},"thumbnailUrl":"https:\/\/andarclinic.com\/staging\/8811\/wp-content\/uploads\/2024\/06\/neurologia-andarclinic.jpg","datePublished":"2024-06-20T17:34:21+00:00","dateModified":"2024-08-16T17:31:10+00:00","description":"Sofre de doen\u00e7as que afetam o sistema nervoso? O Centro Cl\u00ednico Andar \u00e9 o espa\u00e7o ideal para si e disponibiliza a especialidade de neurologia!","breadcrumb":{"@id":"https:\/\/andarclinic.com\/staging\/8811\/especialidades\/neurologia\/#breadcrumb"},"inLanguage":"en-US","potentialAction":[{"@type":"ReadAction","target":["https:\/\/andarclinic.com\/staging\/8811\/especialidades\/neurologia\/"]}]},{"@type":"ImageObject","inLanguage":"en-US","@id":"https:\/\/andarclinic.com\/staging\/8811\/especialidades\/neurologia\/#primaryimage","url":"https:\/\/andarclinic.com\/staging\/8811\/wp-content\/uploads\/2024\/06\/neurologia-andarclinic.jpg","contentUrl":"https:\/\/andarclinic.com\/staging\/8811\/wp-content\/uploads\/2024\/06\/neurologia-andarclinic.jpg","width":1400,"height":1400,"caption":"Neurologia, uma das especialidades na Andar Clinic"},{"@type":"BreadcrumbList","@id":"https:\/\/andarclinic.com\/staging\/8811\/especialidades\/neurologia\/#breadcrumb","itemListElement":[{"@type":"ListItem","position":1,"name":"Home","item":"https:\/\/andarclinic.com\/"},{"@type":"ListItem","position":2,"name":"Especialidades","item":"https:\/\/andarclinic.com\/staging\/8811\/especialidades\/"},{"@type":"ListItem","position":3,"name":"Neurologia"}]},{"@type":"WebSite","@id":"https:\/\/andarclinic.com\/#website","url":"https:\/\/andarclinic.com\/","name":"Andar Clinic","description":"Andar para todas as idades - Cl\u00ednica de Podologia, Fisiatria e outras especialidades para ANDAR com seguran\u00e7a e qualidade","publisher":{"@id":"https:\/\/andarclinic.com\/#organization"},"potentialAction":[{"@type":"SearchAction","target":{"@type":"EntryPoint","urlTemplate":"https:\/\/andarclinic.com\/?s={search_term_string}"},"query-input":{"@type":"PropertyValueSpecification","valueRequired":true,"valueName":"search_term_string"}}],"inLanguage":"en-US"},{"@type":"Organization","@id":"https:\/\/andarclinic.com\/#organization","name":"Andar Clinic","url":"https:\/\/andarclinic.com\/","logo":{"@type":"ImageObject","inLanguage":"en-US","@id":"https:\/\/andarclinic.com\/#\/schema\/logo\/image\/","url":"https:\/\/andarclinic.com\/staging\/8811\/wp-content\/uploads\/2023\/12\/LogotipoFullGreen_212.png","contentUrl":"https:\/\/andarclinic.com\/staging\/8811\/wp-content\/uploads\/2023\/12\/LogotipoFullGreen_212.png","width":991,"height":288,"caption":"Andar Clinic"},"image":{"@id":"https:\/\/andarclinic.com\/#\/schema\/logo\/image\/"},"sameAs":["https:\/\/www.facebook.com\/andarcentroclinico"]}]}},"_links":{"self":[{"href":"https:\/\/andarclinic.com\/staging\/8811\/wp-json\/wp\/v2\/pages\/1832","targetHints":{"allow":["GET"]}}],"collection":[{"href":"https:\/\/andarclinic.com\/staging\/8811\/wp-json\/wp\/v2\/pages"}],"about":[{"href":"https:\/\/andarclinic.com\/staging\/8811\/wp-json\/wp\/v2\/types\/page"}],"author":[{"embeddable":true,"href":"https:\/\/andarclinic.com\/staging\/8811\/wp-json\/wp\/v2\/users\/3"}],"replies":[{"embeddable":true,"href":"https:\/\/andarclinic.com\/staging\/8811\/wp-json\/wp\/v2\/comments?post=1832"}],"version-history":[{"count":8,"href":"https:\/\/andarclinic.com\/staging\/8811\/wp-json\/wp\/v2\/pages\/1832\/revisions"}],"predecessor-version":[{"id":2236,"href":"https:\/\/andarclinic.com\/staging\/8811\/wp-json\/wp\/v2\/pages\/1832\/revisions\/2236"}],"up":[{"embeddable":true,"href":"https:\/\/andarclinic.com\/staging\/8811\/wp-json\/wp\/v2\/pages\/2261"}],"wp:featuredmedia":[{"embeddable":true,"href":"https:\/\/andarclinic.com\/staging\/8811\/wp-json\/wp\/v2\/media\/1824"}],"wp:attachment":[{"href":"https:\/\/andarclinic.com\/staging\/8811\/wp-json\/wp\/v2\/media?parent=1832"}],"curies":[{"name":"wp","href":"https:\/\/api.w.org\/{rel}","templated":true}]}}